{"id":509,"date":"2024-08-06T16:29:31","date_gmt":"2024-08-06T14:29:31","guid":{"rendered":"https:\/\/impact.yfer.dev\/about\/"},"modified":"2025-08-18T14:12:55","modified_gmt":"2025-08-18T12:12:55","slug":"over","status":"publish","type":"page","link":"https:\/\/impactnegotiationgroup.com\/nl\/over\/","title":{"rendered":"Over"},"content":{"rendered":"\n<p class=\"has-text-align-left\"><strong>Bij Impact Negotiation Group is onderhandelen niet alleen iets wat we doen \u2013 het is wie we zijn. Opgericht in 2022 door ervaren commerci\u00eble professionals, hebben we ons adviesbureau opgebouwd met \u00e9\u00e9n enkel doel: onderhandelingen omvormen tot een concurrentievoordeel voor onze klanten. Of het nu gaat om onderhandelingsadvies, training of procesintegratie, wij passen onze oplossingen aan om ervoor te zorgen dat uw bedrijf duurzaam succes behaalt in elke onderhandeling.<\/strong><\/p>\n\n\n\n<h2 class=\"wp-block-heading has-text-align-left\">Een niche adviesbureau gericht op onderhandelingen<\/h2>\n\n\n\n<p class=\"has-text-align-left\">Impact Negotiation Group is geen generalistisch adviesbureau. Wij zijn een niche adviesbureau dat zich uitsluitend richt op onderhandelingen. Van onderhandelingsadvies tot training en procesintegratie, onze focus ligt altijd op het verbeteren van onderhandelingsresultaten. We ontwerpen op maat gemaakte strategie\u00ebn die aansluiten op uw doelen, zodat uw teams elke keer de maximale waarde uit hun onderhandelingen kunnen halen.<\/p>\n\n\n\n<blockquote class=\"wp-block-quote is-layout-flow wp-block-quote-is-layout-flow\">\n<p><em>\u201cWe bouwen aan langetermijn onderhandelingsvaardigheden, geen oplossingen op korte termijn.\u201d<\/em><\/p>\n<\/blockquote>\n\n\n\n<div style=\"height:50px\" aria-hidden=\"true\" class=\"wp-block-spacer\"><\/div>\n\n\n\n<section class=\"block-repeater acf-card\">\n\t<div class=\"container\">\n\t\t<div class=\"row\">\n\n\t\t\t\t\t\t\t\t\t\n\t\t\t\t\t\t\t\t\t\t\t<div class=\"col-12 col-md-6 boxcontainer\">\n\t\t\t\t\t\t\t<div class=\"wrapper\">\n\t\t\t\t\t\t\t\t<div class=\"row\">\n\t\t\t\t\t\t\t\t\t<div class=\"col-12 col-md-2 text-center mb-4 mb-md-0\">\n\t\t\t\t\t\t\t\t\t\t<img decoding=\"async\" src=\"https:\/\/impactnegotiationgroup.com\/wp-content\/uploads\/2024\/09\/deal-review-icon-1.svg\">\n\t\t\t\t\t\t\t\t\t<\/div>\n\t\t\t\t\t\t\t\t\t<div class=\"col-12 col-md-10 text-center text-md-start\">\n\t\t\t\t\t\t\t\t\t\t<h3>We hebben in uw schoenen gestaan<\/h3>\n\t\t\t\t\t\t\t\t\t\t<p><p>Wij hebben gestaan waar u nu staat \u2013 werkend in functies met hoge inzet in sales, inkoop en commerci\u00eble rollen, waarbij we zelf complexe, drukvolle onderhandelingen hebben geleid. Deze praktijkervaring geeft ons een uniek inzicht in uw uitdagingen.<\/p>\n<p>We gebruiken die ervaring om praktische, effectieve strategie\u00ebn te bieden die leiden tot succes. Met diepgaande expertise van beide kanten van de onderhandelingstafel bieden we oplossingen die werken in de zwaarste situaties, zodat u met vertrouwen kunt navigeren en betere resultaten behaalt.<\/p>\n<\/p>\n\t\t\t\t\t\t\t\t\t<\/div>\n\t\t\t\t\t\t\t\t<\/div>\n\t\t\t\t\t\t\t<\/div>\n\t\t\t\t\t\t<\/div>\n\t\t\t\t\t\t\t\t\t\t\t<div class=\"col-12 col-md-6 boxcontainer\">\n\t\t\t\t\t\t\t<div class=\"wrapper\">\n\t\t\t\t\t\t\t\t<div class=\"row\">\n\t\t\t\t\t\t\t\t\t<div class=\"col-12 col-md-2 text-center mb-4 mb-md-0\">\n\t\t\t\t\t\t\t\t\t\t<img decoding=\"async\" src=\"https:\/\/impactnegotiationgroup.com\/wp-content\/uploads\/2024\/09\/rfp-icon-1.svg\">\n\t\t\t\t\t\t\t\t\t<\/div>\n\t\t\t\t\t\t\t\t\t<div class=\"col-12 col-md-10 text-center text-md-start\">\n\t\t\t\t\t\t\t\t\t\t<h3>Een team van professionals met diverse achtergronden<\/h3>\n\t\t\t\t\t\t\t\t\t\t<p><p>Ons team brengt praktijkervaring mee uit industrie\u00ebn zoals de farmacie, olie &amp; gas, professionele diensten, IT en private equity. Door te onderhandelen op het hoogste niveau in zowel verkoop als inkoop, begrijpen we de unieke druk en complexiteit van elke sector.<\/p>\n<p>Deze expertise stelt ons in staat om op maat gemaakte strategie\u00ebn te ontwikkelen die uw zwaarste uitdagingen aanpakken, met tastbare, meetbare resultaten als gevolg. Wij weten wat er nodig is om complexe onderhandelingen te doorstaan en zijn toegewijd aan het helpen van uw organisatie om sterkere uitkomsten te bereiken.<\/p>\n<\/p>\n\t\t\t\t\t\t\t\t\t<\/div>\n\t\t\t\t\t\t\t\t<\/div>\n\t\t\t\t\t\t\t<\/div>\n\t\t\t\t\t\t<\/div>\n\t\t\t\t\t\t\t\t\t\t\t<div class=\"col-12 col-md-6 boxcontainer\">\n\t\t\t\t\t\t\t<div class=\"wrapper\">\n\t\t\t\t\t\t\t\t<div class=\"row\">\n\t\t\t\t\t\t\t\t\t<div class=\"col-12 col-md-2 text-center mb-4 mb-md-0\">\n\t\t\t\t\t\t\t\t\t\t<img decoding=\"async\" src=\"https:\/\/impactnegotiationgroup.com\/wp-content\/uploads\/2024\/09\/commercial-initiatives2-icon-1.svg\">\n\t\t\t\t\t\t\t\t\t<\/div>\n\t\t\t\t\t\t\t\t\t<div class=\"col-12 col-md-10 text-center text-md-start\">\n\t\t\t\t\t\t\t\t\t\t<h3>Wat ons anders maakt<\/h3>\n\t\t\t\t\t\t\t\t\t\t<p><p>Wij gaan verder dan snelle oplossingen en richten ons op het opbouwen van een duurzaam onderhandelingsproces dat uw team in staat stelt om consequent te excelleren. Door strategische voorbereiding, nauwgezette planning en proactief denken zorgen we ervoor dat uw team altijd klaar is om met vertrouwen onderhandelingen aan te gaan.<\/p>\n<p>Onze aanpak geeft u de tools om keer op keer betere resultaten te behalen, waardoor u langetermijnsucces bereikt en sterkere zakelijke uitkomsten in elke onderhandeling cre\u00ebert.<\/p>\n<\/p>\n\t\t\t\t\t\t\t\t\t<\/div>\n\t\t\t\t\t\t\t\t<\/div>\n\t\t\t\t\t\t\t<\/div>\n\t\t\t\t\t\t<\/div>\n\t\t\t\t\t\t\t\t\t\t\t<div class=\"col-12 col-md-6 boxcontainer\">\n\t\t\t\t\t\t\t<div class=\"wrapper\">\n\t\t\t\t\t\t\t\t<div class=\"row\">\n\t\t\t\t\t\t\t\t\t<div class=\"col-12 col-md-2 text-center mb-4 mb-md-0\">\n\t\t\t\t\t\t\t\t\t\t<img decoding=\"async\" src=\"https:\/\/impactnegotiationgroup.com\/wp-content\/uploads\/2024\/09\/negotiation-support-icon-1.svg\">\n\t\t\t\t\t\t\t\t\t<\/div>\n\t\t\t\t\t\t\t\t\t<div class=\"col-12 col-md-10 text-center text-md-start\">\n\t\t\t\t\t\t\t\t\t\t<h3>Kernwaarden die succes aandrijven<\/h3>\n\t\t\t\t\t\t\t\t\t\t<p><p><span style=\"font-weight: 400;\">Onze kernwaarden \u2013 continue verbetering, verantwoordelijkheid en veerkracht \u2013 sturen elke actie die we ondernemen.<\/span><\/p>\n<ul>\n<li style=\"font-weight: 400;\" aria-level=\"1\"><b>Continue verbetering:<\/b><span style=\"font-weight: 400;\"> We blijven onze strategie\u00ebn verfijnen om u voorop te houden.<\/span><\/li>\n<li style=\"font-weight: 400;\" aria-level=\"1\"><b>Verantwoordelijkheid:<\/b><span style=\"font-weight: 400;\"> We nemen volledige verantwoordelijkheid voor de resultaten die we u helpen behalen, en staan gedurende het hele proces aan uw zijde.<\/span><\/li>\n<li style=\"font-weight: 400;\" aria-level=\"1\"><b>Veerkracht:<\/b><span style=\"font-weight: 400;\"> In onderhandelingsomgevingen met hoge druk blijven wij flexibel en volhardend, zodat succes ook in de moeilijkste omstandigheden verzekerd is.<\/span><\/li>\n<\/ul>\n<p><span style=\"font-weight: 400;\">Deze waarden zorgen ervoor dat uw onderhandelingsresultaten niet alleen direct, maar ook duurzaam zijn op de lange termijn.<\/span><\/p>\n<\/p>\n\t\t\t\t\t\t\t\t\t<\/div>\n\t\t\t\t\t\t\t\t<\/div>\n\t\t\t\t\t\t\t<\/div>\n\t\t\t\t\t\t<\/div>\n\t\t\t\t\t\t\t\t\t\n\t\t\t\t\n\n\n\t\t<\/div>\n\t<\/div>\n<\/section>\n\n\n\n<div style=\"height:50px\" aria-hidden=\"true\" class=\"wp-block-spacer\"><\/div>\n\n\n\n<h2 class=\"wp-block-heading\">U versterken door voorbereiding<\/h2>\n\n\n\n<p>De beste onderhandelingen zijn gebaseerd op een solide basis van voorbereiding. Wij helpen uw team om een duurzaam, herhaalbaar proces te cre\u00ebren dat is afgestemd op uw strategische doelstellingen.<\/p>\n\n\n\n<p>Door ervoor te zorgen dat uw team voorafgaand aan de onderhandelingen op \u00e9\u00e9n lijn ligt en goed is voorbereid, positioneren wij u om zelfs de meest complexe deals met vertrouwen aan te pakken.<\/p>\n\n\n\n<p>Onze methode gaat verder dan alleen planning \u2013 het voorziet u van de tools om uw strategie effectief uit te voeren, waardoor voorbereiding wordt omgezet in tastbare, succesvolle resultaten. Geen haastwerk, maar een duidelijke route naar het veiligstellen van de beste resultaten.<\/p>\n\n\n\n<h2 class=\"wp-block-heading\">Waarom werken met Impact Negotiation Group?<\/h2>\n\n\n\n<p>Wanneer u samenwerkt met Impact Negotiation Group, werkt u met ervaren professionals die uit de eerste hand ervaring hebben met onderhandelingen onder hoge druk.<\/p>\n\n\n\n<p>De diepe commerci\u00eble achtergrond van ons team betekent dat we dezelfde uitdagingen hebben gekend die u nu ondervindt. Dit stelt ons in staat om duidelijke, toepasbare strategie\u00ebn te bieden die werken in de echte wereld, niet alleen in theorie.<\/p>\n\n\n\n<p>Wij stoppen niet bij het geven van advies; we worden een echte partner, die u begeleidt van de eerste voorbereiding tot de laatste fase van de onderhandeling. Uw onderhandelingssucces is ook ons succes. Elke oplossing die we bieden is op maat gemaakt voor uw unieke behoeften, zodat de strategie\u00ebn die we ontwikkelen, zijn afgestemd op uw bedrijf. Onze inzet is om u voortdurend betere resultaten te laten behalen, de waarde te maximaliseren en de risico&#8217;s onderweg te beperken.<\/p>\n\n\n\n<p>Met ons kunt u rekenen op langetermijn, meetbare resultaten die leiden tot succes, deal na deal, waardoor wij een betrouwbare partner worden voor uw onderhandelingsuitdagingen.<\/p>\n\n\n\n<div class=\"wp-block-buttons is-content-justification-left is-layout-flex wp-container-core-buttons-is-layout-fdcfc74e wp-block-buttons-is-layout-flex\">\n<div class=\"wp-block-button\"><a class=\"wp-block-button__link wp-element-button\" href=\"https:\/\/impactnegotiationgroup.com\/nl\/contact\/\">Contact<\/a><\/div>\n<\/div>\n\n\n\n<div style=\"height:100px\" aria-hidden=\"true\" class=\"wp-block-spacer\"><\/div>\n\n\n\n<p><\/p>\n","protected":false},"excerpt":{"rendered":"<p>Bij Impact Negotiation Group is onderhandelen niet alleen iets wat we doen \u2013 het is wie we zijn. Opgericht in 2022 door ervaren commerci\u00eble professionals, hebben we ons adviesbureau opgebouwd met \u00e9\u00e9n enkel doel: onderhandelingen omvormen tot een concurrentievoordeel voor onze klanten. Of het nu gaat om onderhandelingsadvies, training of procesintegratie, wij passen onze oplossingen [&hellip;]<\/p>\n","protected":false},"author":11,"featured_media":410,"parent":0,"menu_order":0,"comment_status":"closed","ping_status":"closed","template":"page-about.php","meta":{"_acf_changed":false,"inline_featured_image":false,"footnotes":""},"class_list":["post-509","page","type-page","status-publish","has-post-thumbnail","hentry"],"acf":[],"yoast_head":"<!-- This site is optimized with the Yoast SEO plugin v25.6 - https:\/\/yoast.com\/wordpress\/plugins\/seo\/ -->\n<title>Over<\/title>\n<meta name=\"description\" content=\"Impact Negotiation Group is geen generalistisch adviesbureau. Wij zijn een niche adviesbureau dat zich uitsluitend richt op onderhandelingen.\" \/>\n<meta name=\"robots\" content=\"index, follow, max-snippet:-1, max-image-preview:large, max-video-preview:-1\" \/>\n<link rel=\"canonical\" href=\"https:\/\/impactnegotiationgroup.com\/nl\/over\/\" \/>\n<meta property=\"og:locale\" content=\"nl_NL\" \/>\n<meta property=\"og:type\" content=\"article\" \/>\n<meta property=\"og:title\" content=\"Over\" \/>\n<meta property=\"og:description\" content=\"Impact Negotiation Group is geen generalistisch adviesbureau. Wij zijn een niche adviesbureau dat zich uitsluitend richt op onderhandelingen.\" \/>\n<meta property=\"og:url\" content=\"https:\/\/impactnegotiationgroup.com\/nl\/over\/\" \/>\n<meta property=\"og:site_name\" content=\"Impact Negotiation Group\" \/>\n<meta property=\"article:modified_time\" content=\"2025-08-18T12:12:55+00:00\" \/>\n<meta property=\"og:image\" content=\"https:\/\/impactnegotiationgroup.com\/wp-content\/uploads\/2024\/10\/impact-negotiation-group-5.jpg\" \/>\n\t<meta property=\"og:image:width\" content=\"870\" \/>\n\t<meta property=\"og:image:height\" content=\"580\" \/>\n\t<meta property=\"og:image:type\" content=\"image\/jpeg\" \/>\n<meta name=\"twitter:card\" content=\"summary_large_image\" \/>\n<meta name=\"twitter:label1\" content=\"Geschatte leestijd\" \/>\n\t<meta name=\"twitter:data1\" content=\"3 minuten\" \/>\n<script type=\"application\/ld+json\" class=\"yoast-schema-graph\">{\"@context\":\"https:\/\/schema.org\",\"@graph\":[{\"@type\":\"WebPage\",\"@id\":\"https:\/\/impactnegotiationgroup.com\/nl\/over\/\",\"url\":\"https:\/\/impactnegotiationgroup.com\/nl\/over\/\",\"name\":\"Over\",\"isPartOf\":{\"@id\":\"https:\/\/impactnegotiationgroup.com\/nl\/#website\"},\"primaryImageOfPage\":{\"@id\":\"https:\/\/impactnegotiationgroup.com\/nl\/over\/#primaryimage\"},\"image\":{\"@id\":\"https:\/\/impactnegotiationgroup.com\/nl\/over\/#primaryimage\"},\"thumbnailUrl\":\"https:\/\/impactnegotiationgroup.com\/wp-content\/uploads\/2024\/10\/impact-negotiation-group-5.jpg\",\"datePublished\":\"2024-08-06T14:29:31+00:00\",\"dateModified\":\"2025-08-18T12:12:55+00:00\",\"description\":\"Impact Negotiation Group is geen generalistisch adviesbureau. Wij zijn een niche adviesbureau dat zich uitsluitend richt op onderhandelingen.\",\"breadcrumb\":{\"@id\":\"https:\/\/impactnegotiationgroup.com\/nl\/over\/#breadcrumb\"},\"inLanguage\":\"nl-NL\",\"potentialAction\":[{\"@type\":\"ReadAction\",\"target\":[\"https:\/\/impactnegotiationgroup.com\/nl\/over\/\"]}]},{\"@type\":\"ImageObject\",\"inLanguage\":\"nl-NL\",\"@id\":\"https:\/\/impactnegotiationgroup.com\/nl\/over\/#primaryimage\",\"url\":\"https:\/\/impactnegotiationgroup.com\/wp-content\/uploads\/2024\/10\/impact-negotiation-group-5.jpg\",\"contentUrl\":\"https:\/\/impactnegotiationgroup.com\/wp-content\/uploads\/2024\/10\/impact-negotiation-group-5.jpg\",\"width\":870,\"height\":580,\"caption\":\"Marc Saris, partner at Impact Negotation Group, giving a training to a group of people\"},{\"@type\":\"BreadcrumbList\",\"@id\":\"https:\/\/impactnegotiationgroup.com\/nl\/over\/#breadcrumb\",\"itemListElement\":[{\"@type\":\"ListItem\",\"position\":1,\"name\":\"Home\",\"item\":\"https:\/\/impactnegotiationgroup.com\/nl\/\"},{\"@type\":\"ListItem\",\"position\":2,\"name\":\"Over\"}]},{\"@type\":\"WebSite\",\"@id\":\"https:\/\/impactnegotiationgroup.com\/nl\/#website\",\"url\":\"https:\/\/impactnegotiationgroup.com\/nl\/\",\"name\":\"Impact Negotiation Group\",\"description\":\"Negotiation Architects\",\"potentialAction\":[{\"@type\":\"SearchAction\",\"target\":{\"@type\":\"EntryPoint\",\"urlTemplate\":\"https:\/\/impactnegotiationgroup.com\/nl\/?s={search_term_string}\"},\"query-input\":{\"@type\":\"PropertyValueSpecification\",\"valueRequired\":true,\"valueName\":\"search_term_string\"}}],\"inLanguage\":\"nl-NL\"}]}<\/script>\n<!-- \/ Yoast SEO plugin. -->","yoast_head_json":{"title":"Over","description":"Impact Negotiation Group is geen generalistisch adviesbureau. Wij zijn een niche adviesbureau dat zich uitsluitend richt op onderhandelingen.","robots":{"index":"index","follow":"follow","max-snippet":"max-snippet:-1","max-image-preview":"max-image-preview:large","max-video-preview":"max-video-preview:-1"},"canonical":"https:\/\/impactnegotiationgroup.com\/nl\/over\/","og_locale":"nl_NL","og_type":"article","og_title":"Over","og_description":"Impact Negotiation Group is geen generalistisch adviesbureau. Wij zijn een niche adviesbureau dat zich uitsluitend richt op onderhandelingen.","og_url":"https:\/\/impactnegotiationgroup.com\/nl\/over\/","og_site_name":"Impact Negotiation Group","article_modified_time":"2025-08-18T12:12:55+00:00","og_image":[{"width":870,"height":580,"url":"https:\/\/impactnegotiationgroup.com\/wp-content\/uploads\/2024\/10\/impact-negotiation-group-5.jpg","type":"image\/jpeg"}],"twitter_card":"summary_large_image","twitter_misc":{"Geschatte leestijd":"3 minuten"},"schema":{"@context":"https:\/\/schema.org","@graph":[{"@type":"WebPage","@id":"https:\/\/impactnegotiationgroup.com\/nl\/over\/","url":"https:\/\/impactnegotiationgroup.com\/nl\/over\/","name":"Over","isPartOf":{"@id":"https:\/\/impactnegotiationgroup.com\/nl\/#website"},"primaryImageOfPage":{"@id":"https:\/\/impactnegotiationgroup.com\/nl\/over\/#primaryimage"},"image":{"@id":"https:\/\/impactnegotiationgroup.com\/nl\/over\/#primaryimage"},"thumbnailUrl":"https:\/\/impactnegotiationgroup.com\/wp-content\/uploads\/2024\/10\/impact-negotiation-group-5.jpg","datePublished":"2024-08-06T14:29:31+00:00","dateModified":"2025-08-18T12:12:55+00:00","description":"Impact Negotiation Group is geen generalistisch adviesbureau. Wij zijn een niche adviesbureau dat zich uitsluitend richt op onderhandelingen.","breadcrumb":{"@id":"https:\/\/impactnegotiationgroup.com\/nl\/over\/#breadcrumb"},"inLanguage":"nl-NL","potentialAction":[{"@type":"ReadAction","target":["https:\/\/impactnegotiationgroup.com\/nl\/over\/"]}]},{"@type":"ImageObject","inLanguage":"nl-NL","@id":"https:\/\/impactnegotiationgroup.com\/nl\/over\/#primaryimage","url":"https:\/\/impactnegotiationgroup.com\/wp-content\/uploads\/2024\/10\/impact-negotiation-group-5.jpg","contentUrl":"https:\/\/impactnegotiationgroup.com\/wp-content\/uploads\/2024\/10\/impact-negotiation-group-5.jpg","width":870,"height":580,"caption":"Marc Saris, partner at Impact Negotation Group, giving a training to a group of people"},{"@type":"BreadcrumbList","@id":"https:\/\/impactnegotiationgroup.com\/nl\/over\/#breadcrumb","itemListElement":[{"@type":"ListItem","position":1,"name":"Home","item":"https:\/\/impactnegotiationgroup.com\/nl\/"},{"@type":"ListItem","position":2,"name":"Over"}]},{"@type":"WebSite","@id":"https:\/\/impactnegotiationgroup.com\/nl\/#website","url":"https:\/\/impactnegotiationgroup.com\/nl\/","name":"Impact Negotiation Group","description":"Negotiation Architects","potentialAction":[{"@type":"SearchAction","target":{"@type":"EntryPoint","urlTemplate":"https:\/\/impactnegotiationgroup.com\/nl\/?s={search_term_string}"},"query-input":{"@type":"PropertyValueSpecification","valueRequired":true,"valueName":"search_term_string"}}],"inLanguage":"nl-NL"}]}},"_links":{"self":[{"href":"https:\/\/impactnegotiationgroup.com\/nl\/wp-json\/wp\/v2\/pages\/509","targetHints":{"allow":["GET"]}}],"collection":[{"href":"https:\/\/impactnegotiationgroup.com\/nl\/wp-json\/wp\/v2\/pages"}],"about":[{"href":"https:\/\/impactnegotiationgroup.com\/nl\/wp-json\/wp\/v2\/types\/page"}],"author":[{"embeddable":true,"href":"https:\/\/impactnegotiationgroup.com\/nl\/wp-json\/wp\/v2\/users\/11"}],"replies":[{"embeddable":true,"href":"https:\/\/impactnegotiationgroup.com\/nl\/wp-json\/wp\/v2\/comments?post=509"}],"version-history":[{"count":3,"href":"https:\/\/impactnegotiationgroup.com\/nl\/wp-json\/wp\/v2\/pages\/509\/revisions"}],"predecessor-version":[{"id":2180,"href":"https:\/\/impactnegotiationgroup.com\/nl\/wp-json\/wp\/v2\/pages\/509\/revisions\/2180"}],"wp:featuredmedia":[{"embeddable":true,"href":"https:\/\/impactnegotiationgroup.com\/nl\/wp-json\/wp\/v2\/media\/410"}],"wp:attachment":[{"href":"https:\/\/impactnegotiationgroup.com\/nl\/wp-json\/wp\/v2\/media?parent=509"}],"curies":[{"name":"wp","href":"https:\/\/api.w.org\/{rel}","templated":true}]}}