{"id":989,"date":"2024-08-20T11:56:41","date_gmt":"2024-08-20T09:56:41","guid":{"rendered":"https:\/\/impact.yfer.dev\/?page_id=989"},"modified":"2025-08-18T12:57:03","modified_gmt":"2025-08-18T10:57:03","slug":"integration-de-processus","status":"publish","type":"page","link":"https:\/\/impactnegotiationgroup.com\/fr\/integration-de-processus\/","title":{"rendered":"Integration de processus"},"content":{"rendered":"\n<h2 class=\"wp-block-heading\">Outils et Int\u00e9gration des Processus<\/h2>\n\n\n\n<p>Sans un processus de n\u00e9gociation clair, les r\u00e9sultats peuvent varier consid\u00e9rablement en fonction des styles de pr\u00e9paration individuels. Chez Impact Negotiation Group, nous travaillons avec votre \u00e9quipe pour cr\u00e9er un cadre de n\u00e9gociation coh\u00e9rent et efficace.<\/p>\n\n\n\n<p>En int\u00e9grant des outils et strat\u00e9gies personnalis\u00e9s, nous veillons \u00e0 ce que votre organisation se pr\u00e9pare \u00e0 chaque n\u00e9gociation de mani\u00e8re structur\u00e9e et orient\u00e9e vers les r\u00e9sultats. Qu\u2019il s\u2019agisse de n\u00e9gociations en pr\u00e9sentiel ou de strat\u00e9gies digitales, notre approche am\u00e9liore la pr\u00e9paration et les performances \u00e0 tous les niveaux.<\/p>\n\n\n\n<h2 class=\"wp-block-heading\">D\u00e9veloppement de Playbooks<\/h2>\n\n\n\n<p>Un playbook de n\u00e9gociation est une ressource essentielle pour toute \u00e9quipe commerciale. Il offre un guide d\u00e9taill\u00e9 pour naviguer dans divers sc\u00e9narios de n\u00e9gociation, de l&rsquo;\u00e9valuation du rapport de force \u00e0 la gestion des risques et \u00e0 la communication strat\u00e9gique.<\/p>\n\n\n\n<p>Nos playbooks fournissent une approche structur\u00e9e, \u00e9tape par \u00e9tape, permettant \u00e0 vos \u00e9quipes de se pr\u00e9parer \u00e0 chaque n\u00e9gociation. En d\u00e9veloppant un playbook sur mesure, votre organisation peut standardiser les pratiques de n\u00e9gociation \u00e0 travers les fonctions de vente et d\u2019achat, am\u00e9liorant ainsi la pr\u00e9paration et en s\u2019assurant que toutes les n\u00e9gociations soient abord\u00e9es avec une vision strat\u00e9gique unifi\u00e9e.<\/p>\n\n\n\n<h2 class=\"wp-block-heading\">Revue des N\u00e9gociations<\/h2>\n\n\n\n<p>Pour r\u00e9ussir, il est crucial de comprendre o\u00f9 votre \u00e9quipe excelle et o\u00f9 des am\u00e9liorations peuvent \u00eatre apport\u00e9es. Notre processus de revue des n\u00e9gociations analyse les performances de votre organisation \u00e0 travers des entretiens, des enqu\u00eates, et des sondages d\u00e9taill\u00e9s. Cette \u00e9valuation aide \u00e0 identifier les forces et les faiblesses, permettant \u00e0 votre \u00e9quipe d\u2019affiner son approche et d\u2019am\u00e9liorer les r\u00e9sultats futurs.<\/p>\n\n\n\n<p>Gr\u00e2ce au processus de revue d\u2019Impact Negotiation Group, votre organisation pourra am\u00e9liorer continuellement ses strat\u00e9gies de n\u00e9gociation, menant \u00e0 des r\u00e9sultats mesurables.<\/p>\n\n\n\n<h2 class=\"wp-block-heading\">Conseil en Cr\u00e9ation de Comit\u00e9 de N\u00e9gociation<\/h2>\n\n\n\n<p>Cr\u00e9er un comit\u00e9 de n\u00e9gociation au sein de votre organisation garantit que les n\u00e9gociations sont men\u00e9es avec coh\u00e9rence, strat\u00e9gie et responsabilit\u00e9. Ce comit\u00e9 supervise la pr\u00e9paration, la revue, et l\u2019approbation de chaque \u00e9tape de la n\u00e9gociation, aidant les \u00e9quipes commerciales \u00e0 s\u2019aligner sur les objectifs et strat\u00e9gies avant d\u2019entamer les discussions.<\/p>\n\n\n\n<p>Chez Impact Negotiation Group, nous travaillons avec votre organisation pour \u00e9tablir et mettre en \u0153uvre ce comit\u00e9, favorisant une culture de pr\u00e9paration approfondie et d&rsquo;ex\u00e9cution strat\u00e9gique. Le r\u00e9sultat ? Des n\u00e9gociateurs mieux pr\u00e9par\u00e9s et des accords plus favorables pour votre entreprise.<\/p>\n\n\n\n<h2 class=\"wp-block-heading\">Notre M\u00e9thodologie et Approche<\/h2>\n\n\n\n<p>Chez Impact Negotiation Group, notre m\u00e9thodologie Impact Planning est con\u00e7ue pour maximiser la valeur dans chaque n\u00e9gociation en int\u00e9grant des \u00e9l\u00e9ments essentiels de pr\u00e9paration dans les processus de votre organisation :<\/p>\n\n\n\n<ul class=\"wp-block-list\">\n<li><strong>Objectifs Internes<\/strong> : Nous veillons \u00e0 ce que vos \u00e9quipes soient align\u00e9es sur les objectifs de n\u00e9gociation, cr\u00e9ant une direction unifi\u00e9e et une coh\u00e9sion interne renforc\u00e9e.<\/li>\n\n\n\n<li><strong>Planification de la Communication<\/strong> : La n\u00e9gociation efficace commence par une communication claire. Nous vous aidons \u00e0 d\u00e9velopper et ex\u00e9cuter des plans de communication internes et externes pour r\u00e9duire les risques et renforcer l\u2019influence avant les n\u00e9gociations.<\/li>\n\n\n\n<li><strong>Rapport de force en N\u00e9gociation<\/strong> : Nous aidons votre \u00e9quipe \u00e0 identifier ses forces et faiblesses et \u00e0 les utiliser strat\u00e9giquement pour obtenir un avantage concurrentiel.<\/li>\n\n\n\n<li><strong>D\u00e9veloppement de Strat\u00e9gies<\/strong> : Nos experts collaborent avec vous pour cr\u00e9er des strat\u00e9gies de n\u00e9gociation personnalis\u00e9es servant de feuille de route pour atteindre les meilleurs r\u00e9sultats possibles.<\/li>\n\n\n\n<li><strong>Identification des Risques et Obstacles<\/strong> : Nous aidons proactivement \u00e0 identifier les enjeux potentiels et \u00e0 d\u00e9velopper des solutions pr\u00e9ventives pour en minimiser l\u2019impact.<\/li>\n\n\n\n<li><strong>Plans Tactiques<\/strong> : Nous \u00e9laborons des plans tactiques d\u00e9taill\u00e9s anticipant les enjeux, identifiant les variables de n\u00e9gociation, et pr\u00e9parant votre \u00e9quipe avec des actions claires.<\/li>\n<\/ul>\n\n\n\n<p>En appliquant la m\u00e9thodologie Impact Planning \u00e0 l\u2019int\u00e9gration des processus, nous int\u00e9grons ces \u00e9l\u00e9ments critiques dans votre approche des n\u00e9gociations, guidant votre \u00e9quipe de la pr\u00e9paration \u00e0 l\u2019ex\u00e9cution. Cela garantit que vous disposez des strat\u00e9gies, connaissances, et outils n\u00e9cessaires pour naviguer dans des n\u00e9gociations complexes et atteindre des r\u00e9sultats optimaux.<\/p>\n\n\n\n<h2 class=\"wp-block-heading\">Secteurs dans Lesquels Nous Intervenons<\/h2>\n\n\n\n<p>Chez Impact Negotiation Group, nous int\u00e9grons des processus de n\u00e9gociation adapt\u00e9s \u00e0 votre organisation dans divers secteurs :<\/p>\n\n\n\n<ul class=\"wp-block-list\">\n<li><strong>PGC \/ Marques de Distributeur<\/strong> : Des n\u00e9gociations annuelles aux alliances internationales, nous aidons les fournisseurs \u00e0 optimiser leurs processus et termes commerciaux.<\/li>\n\n\n\n<li><strong>Industrie Pharmaceutique<\/strong> : Nous pr\u00e9parons vos \u00e9quipes \u00e0 naviguer dans des n\u00e9gociations complexes impliquant conformit\u00e9 r\u00e9glementaire, partenariats R&amp;D et structures de prix.<\/li>\n\n\n\n<li><strong>Services Professionnels<\/strong> : Nous int\u00e9grons des processus structur\u00e9s pour relever les d\u00e9fis commerciaux comme les augmentations de prix et les r\u00e9ponses aux appels d\u2019offres.<\/li>\n\n\n\n<li><strong>Capital-Investissement<\/strong> : En int\u00e9grant des approches de n\u00e9gociation dans des transactions strat\u00e9giques, nous aidons vos \u00e9quipes \u00e0 obtenir des termes plus favorables.<\/li>\n\n\n\n<li><strong>Services Informatiques<\/strong> : Nous rationalisons la gestion des contrats et SLA gr\u00e2ce \u00e0 une int\u00e9gration efficace des processus.<\/li>\n\n\n\n<li><strong>Industrie P\u00e9troli\u00e8re<\/strong> : Nous apportons des processus structur\u00e9s pour s\u00e9curiser les meilleurs r\u00e9sultats dans ce secteur complexe.<\/li>\n\n\n\n<li><strong>L\u2019Industrie de Fabrication<\/strong>: Nous optimisons les n\u00e9gociations avec les fournisseurs et les termes clients gr\u00e2ce \u00e0 une approche int\u00e9gr\u00e9e.<\/li>\n<\/ul>\n\n\n\n<h2 class=\"wp-block-heading\">Pourquoi choisir Impact Negotiation Group pour l\u2019int\u00e9gration des ses processus ?<\/h2>\n\n\n\n<p>Chez Impact Negotiation Group, nous comprenons que r\u00e9ussir dans les n\u00e9gociations n\u00e9cessite bien plus que des comp\u00e9tences individuelles : cela demande un processus coh\u00e9rent. Nos services d\u2019int\u00e9gration des processus apportent clart\u00e9 et structure \u00e0 vos n\u00e9gociations, vous aidant \u00e0 affiner vos strat\u00e9gies et \u00e0 mettre en \u0153uvre des outils efficaces.<\/p>\n\n\n\n<p>Nos consultants collaborent avec votre \u00e9quipe pour aligner les objectifs, rationaliser la pr\u00e9paration, et standardiser des pratiques communes \u00e0 travers toutes les fonctions commerciales. Avec des ann\u00e9es d\u2019exp\u00e9rience dans l\u2019accompagnement des entreprises dans leurs n\u00e9gociations complexes, nous sommes d\u00e9di\u00e9s \u00e0 vous aider \u00e0 obtenir des r\u00e9sultats durables et un avantage concurrentiel sur votre march\u00e9.<\/p>\n","protected":false},"excerpt":{"rendered":"<p>Outils et Int\u00e9gration des Processus Sans un processus de n\u00e9gociation clair, les r\u00e9sultats peuvent varier consid\u00e9rablement en fonction des styles de pr\u00e9paration individuels. Chez Impact Negotiation Group, nous travaillons avec votre \u00e9quipe pour cr\u00e9er un cadre de n\u00e9gociation coh\u00e9rent et efficace. En int\u00e9grant des outils et strat\u00e9gies personnalis\u00e9s, nous veillons \u00e0 ce que votre organisation [&hellip;]<\/p>\n","protected":false},"author":11,"featured_media":991,"parent":0,"menu_order":0,"comment_status":"closed","ping_status":"closed","template":"page-services-process-integration.php","meta":{"_acf_changed":false,"inline_featured_image":false,"footnotes":""},"class_list":["post-989","page","type-page","status-publish","has-post-thumbnail","hentry"],"acf":[],"yoast_head":"<!-- This site is optimized with the Yoast SEO plugin v25.6 - https:\/\/yoast.com\/wordpress\/plugins\/seo\/ -->\n<title>Integration de processus<\/title>\n<meta name=\"description\" content=\"Optimisez l\u2019int\u00e9gration de vos processus avec notre expertise. Am\u00e9liorez l&#039;efficacit\u00e9 et la performance de votre organisation.\" \/>\n<meta name=\"robots\" content=\"index, follow, max-snippet:-1, max-image-preview:large, max-video-preview:-1\" \/>\n<link rel=\"canonical\" href=\"https:\/\/impactnegotiationgroup.com\/fr\/integration-de-processus\/\" \/>\n<meta property=\"og:locale\" content=\"fr_FR\" \/>\n<meta property=\"og:type\" content=\"article\" \/>\n<meta property=\"og:title\" content=\"Integration de processus\" \/>\n<meta property=\"og:description\" content=\"Optimisez l\u2019int\u00e9gration de vos processus avec notre expertise. Am\u00e9liorez l&#039;efficacit\u00e9 et la performance de votre organisation.\" \/>\n<meta property=\"og:url\" content=\"https:\/\/impactnegotiationgroup.com\/fr\/integration-de-processus\/\" \/>\n<meta property=\"og:site_name\" content=\"Impact Negotiation Group\" \/>\n<meta property=\"article:modified_time\" content=\"2025-08-18T10:57:03+00:00\" \/>\n<meta property=\"og:image\" content=\"https:\/\/impactnegotiationgroup.com\/wp-content\/uploads\/2024\/10\/general-min.jpg\" \/>\n\t<meta property=\"og:image:width\" content=\"870\" \/>\n\t<meta property=\"og:image:height\" content=\"580\" \/>\n\t<meta property=\"og:image:type\" content=\"image\/jpeg\" \/>\n<meta name=\"twitter:card\" content=\"summary_large_image\" \/>\n<meta name=\"twitter:label1\" content=\"Dur\u00e9e de lecture estim\u00e9e\" \/>\n\t<meta name=\"twitter:data1\" content=\"5 minutes\" \/>\n<script type=\"application\/ld+json\" class=\"yoast-schema-graph\">{\"@context\":\"https:\/\/schema.org\",\"@graph\":[{\"@type\":\"WebPage\",\"@id\":\"https:\/\/impactnegotiationgroup.com\/fr\/integration-de-processus\/\",\"url\":\"https:\/\/impactnegotiationgroup.com\/fr\/integration-de-processus\/\",\"name\":\"Integration de processus\",\"isPartOf\":{\"@id\":\"https:\/\/impactnegotiationgroup.com\/fr\/#website\"},\"primaryImageOfPage\":{\"@id\":\"https:\/\/impactnegotiationgroup.com\/fr\/integration-de-processus\/#primaryimage\"},\"image\":{\"@id\":\"https:\/\/impactnegotiationgroup.com\/fr\/integration-de-processus\/#primaryimage\"},\"thumbnailUrl\":\"https:\/\/impactnegotiationgroup.com\/wp-content\/uploads\/2024\/10\/general-min.jpg\",\"datePublished\":\"2024-08-20T09:56:41+00:00\",\"dateModified\":\"2025-08-18T10:57:03+00:00\",\"description\":\"Optimisez l\u2019int\u00e9gration de vos processus avec notre expertise. Am\u00e9liorez l'efficacit\u00e9 et la performance de votre organisation.\",\"breadcrumb\":{\"@id\":\"https:\/\/impactnegotiationgroup.com\/fr\/integration-de-processus\/#breadcrumb\"},\"inLanguage\":\"fr-FR\",\"potentialAction\":[{\"@type\":\"ReadAction\",\"target\":[\"https:\/\/impactnegotiationgroup.com\/fr\/integration-de-processus\/\"]}]},{\"@type\":\"ImageObject\",\"inLanguage\":\"fr-FR\",\"@id\":\"https:\/\/impactnegotiationgroup.com\/fr\/integration-de-processus\/#primaryimage\",\"url\":\"https:\/\/impactnegotiationgroup.com\/wp-content\/uploads\/2024\/10\/general-min.jpg\",\"contentUrl\":\"https:\/\/impactnegotiationgroup.com\/wp-content\/uploads\/2024\/10\/general-min.jpg\",\"width\":870,\"height\":580},{\"@type\":\"BreadcrumbList\",\"@id\":\"https:\/\/impactnegotiationgroup.com\/fr\/integration-de-processus\/#breadcrumb\",\"itemListElement\":[{\"@type\":\"ListItem\",\"position\":1,\"name\":\"Home\",\"item\":\"https:\/\/impactnegotiationgroup.com\/fr\/\"},{\"@type\":\"ListItem\",\"position\":2,\"name\":\"Integration de processus\"}]},{\"@type\":\"WebSite\",\"@id\":\"https:\/\/impactnegotiationgroup.com\/fr\/#website\",\"url\":\"https:\/\/impactnegotiationgroup.com\/fr\/\",\"name\":\"Impact Negotiation Group\",\"description\":\"Negotiation Architects\",\"potentialAction\":[{\"@type\":\"SearchAction\",\"target\":{\"@type\":\"EntryPoint\",\"urlTemplate\":\"https:\/\/impactnegotiationgroup.com\/fr\/?s={search_term_string}\"},\"query-input\":{\"@type\":\"PropertyValueSpecification\",\"valueRequired\":true,\"valueName\":\"search_term_string\"}}],\"inLanguage\":\"fr-FR\"}]}<\/script>\n<!-- \/ Yoast SEO plugin. -->","yoast_head_json":{"title":"Integration de processus","description":"Optimisez l\u2019int\u00e9gration de vos processus avec notre expertise. Am\u00e9liorez l'efficacit\u00e9 et la performance de votre organisation.","robots":{"index":"index","follow":"follow","max-snippet":"max-snippet:-1","max-image-preview":"max-image-preview:large","max-video-preview":"max-video-preview:-1"},"canonical":"https:\/\/impactnegotiationgroup.com\/fr\/integration-de-processus\/","og_locale":"fr_FR","og_type":"article","og_title":"Integration de processus","og_description":"Optimisez l\u2019int\u00e9gration de vos processus avec notre expertise. Am\u00e9liorez l'efficacit\u00e9 et la performance de votre organisation.","og_url":"https:\/\/impactnegotiationgroup.com\/fr\/integration-de-processus\/","og_site_name":"Impact Negotiation Group","article_modified_time":"2025-08-18T10:57:03+00:00","og_image":[{"width":870,"height":580,"url":"https:\/\/impactnegotiationgroup.com\/wp-content\/uploads\/2024\/10\/general-min.jpg","type":"image\/jpeg"}],"twitter_card":"summary_large_image","twitter_misc":{"Dur\u00e9e de lecture estim\u00e9e":"5 minutes"},"schema":{"@context":"https:\/\/schema.org","@graph":[{"@type":"WebPage","@id":"https:\/\/impactnegotiationgroup.com\/fr\/integration-de-processus\/","url":"https:\/\/impactnegotiationgroup.com\/fr\/integration-de-processus\/","name":"Integration de processus","isPartOf":{"@id":"https:\/\/impactnegotiationgroup.com\/fr\/#website"},"primaryImageOfPage":{"@id":"https:\/\/impactnegotiationgroup.com\/fr\/integration-de-processus\/#primaryimage"},"image":{"@id":"https:\/\/impactnegotiationgroup.com\/fr\/integration-de-processus\/#primaryimage"},"thumbnailUrl":"https:\/\/impactnegotiationgroup.com\/wp-content\/uploads\/2024\/10\/general-min.jpg","datePublished":"2024-08-20T09:56:41+00:00","dateModified":"2025-08-18T10:57:03+00:00","description":"Optimisez l\u2019int\u00e9gration de vos processus avec notre expertise. Am\u00e9liorez l'efficacit\u00e9 et la performance de votre organisation.","breadcrumb":{"@id":"https:\/\/impactnegotiationgroup.com\/fr\/integration-de-processus\/#breadcrumb"},"inLanguage":"fr-FR","potentialAction":[{"@type":"ReadAction","target":["https:\/\/impactnegotiationgroup.com\/fr\/integration-de-processus\/"]}]},{"@type":"ImageObject","inLanguage":"fr-FR","@id":"https:\/\/impactnegotiationgroup.com\/fr\/integration-de-processus\/#primaryimage","url":"https:\/\/impactnegotiationgroup.com\/wp-content\/uploads\/2024\/10\/general-min.jpg","contentUrl":"https:\/\/impactnegotiationgroup.com\/wp-content\/uploads\/2024\/10\/general-min.jpg","width":870,"height":580},{"@type":"BreadcrumbList","@id":"https:\/\/impactnegotiationgroup.com\/fr\/integration-de-processus\/#breadcrumb","itemListElement":[{"@type":"ListItem","position":1,"name":"Home","item":"https:\/\/impactnegotiationgroup.com\/fr\/"},{"@type":"ListItem","position":2,"name":"Integration de processus"}]},{"@type":"WebSite","@id":"https:\/\/impactnegotiationgroup.com\/fr\/#website","url":"https:\/\/impactnegotiationgroup.com\/fr\/","name":"Impact Negotiation Group","description":"Negotiation Architects","potentialAction":[{"@type":"SearchAction","target":{"@type":"EntryPoint","urlTemplate":"https:\/\/impactnegotiationgroup.com\/fr\/?s={search_term_string}"},"query-input":{"@type":"PropertyValueSpecification","valueRequired":true,"valueName":"search_term_string"}}],"inLanguage":"fr-FR"}]}},"_links":{"self":[{"href":"https:\/\/impactnegotiationgroup.com\/fr\/wp-json\/wp\/v2\/pages\/989","targetHints":{"allow":["GET"]}}],"collection":[{"href":"https:\/\/impactnegotiationgroup.com\/fr\/wp-json\/wp\/v2\/pages"}],"about":[{"href":"https:\/\/impactnegotiationgroup.com\/fr\/wp-json\/wp\/v2\/types\/page"}],"author":[{"embeddable":true,"href":"https:\/\/impactnegotiationgroup.com\/fr\/wp-json\/wp\/v2\/users\/11"}],"replies":[{"embeddable":true,"href":"https:\/\/impactnegotiationgroup.com\/fr\/wp-json\/wp\/v2\/comments?post=989"}],"version-history":[{"count":4,"href":"https:\/\/impactnegotiationgroup.com\/fr\/wp-json\/wp\/v2\/pages\/989\/revisions"}],"predecessor-version":[{"id":2160,"href":"https:\/\/impactnegotiationgroup.com\/fr\/wp-json\/wp\/v2\/pages\/989\/revisions\/2160"}],"wp:featuredmedia":[{"embeddable":true,"href":"https:\/\/impactnegotiationgroup.com\/fr\/wp-json\/wp\/v2\/media\/991"}],"wp:attachment":[{"href":"https:\/\/impactnegotiationgroup.com\/fr\/wp-json\/wp\/v2\/media?parent=989"}],"curies":[{"name":"wp","href":"https:\/\/api.w.org\/{rel}","templated":true}]}}