{"id":945,"date":"2024-08-20T11:09:48","date_gmt":"2024-08-20T09:09:48","guid":{"rendered":"https:\/\/impact.yfer.dev\/?page_id=945"},"modified":"2025-08-18T12:55:52","modified_gmt":"2025-08-18T10:55:52","slug":"conseil-en-negociation","status":"publish","type":"page","link":"https:\/\/impactnegotiationgroup.com\/fr\/conseil-en-negociation\/","title":{"rendered":"Conseil en N\u00e9gociation"},"content":{"rendered":"\n<section class=\"block-cta\">\n\t<div class=\"container\">\n\t\t<div class=\"row\">\n\t\t\t\n\t\t\t<div class=\"col-12 col-md-6 text-center text-md-end\">\n\t\t\t\t<h3>Vous ne savez pas comment nous pouvons soutenir votre strat\u00e9gie de n\u00e9gociation ?<\/h3>\n\t\t\t<\/div>\n\t\t\t<div class=\"col-12 col-md-6 text-center text-md-start\">\n\t\t\t\t<a class=\"button\" target=\"_blank\" href=\"https:\/\/calendly.com\/adrien-leclef\/point\">Planifiez un appel de d\u00e9couverte gratuit<img decoding=\"async\" src=\"\/wp-content\/uploads\/2024\/09\/line-arrow-right-1-arrow-right-keyboard.svg\"><\/a>\n\t\t\t<\/div>\n\n\t\t<\/div>\n\t<\/div>\n<\/section>\n\n\n\n<h2 class=\"wp-block-heading\">Qu&rsquo;est-ce que le Conseil en N\u00e9gociation ?<\/h2>\n\n\n\n<p>Le conseil en n\u00e9gociation consiste \u00e0 ce que nos experts conseillent et accompagnent les organisations dans leurs d\u00e9fis commerciaux r\u00e9solus par la n\u00e9gociation. La valeur que nos experts apportent r\u00e9side dans le questionnement des hypoth\u00e8ses et biais actuels lors de la pr\u00e9paration et de l&rsquo;ex\u00e9cution des n\u00e9gociations. Chez Impact Negotiation Group, nous permettons \u00e0 nos clients de faire face aux d\u00e9fis commerciaux en \u00e9laborant leurs strat\u00e9gies de n\u00e9gociation, que ce soit pour des accords individuels ou pour des initiatives commerciales plus larges. Par exemple, nous pouvons aider votre \u00e9quipe \u00e0 ren\u00e9gocier des contrats peu performants ou \u00e0 simplifier des accords multipartites. En affinant votre approche, en d\u00e9finissant une strat\u00e9gie et en alignant les tactiques de n\u00e9gociation sur vos objectifs commerciaux, nous veillons \u00e0 ce que votre \u00e9quipe obtienne syst\u00e9matiquement les meilleurs accords possibles.<\/p>\n\n\n\n<h2 class=\"wp-block-heading\">Support en N\u00e9gociation<\/h2>\n\n\n\n<p>Notre cabinet de conseil en n\u00e9gociation fournit un support complet, aidant votre \u00e9quipe \u00e0 se pr\u00e9parer syst\u00e9matiquement pour des n\u00e9gociations \u00e0 fort enjeu. En assurant un alignement interne, une pr\u00e9paration optimale et un soutien \u00e0 l\u2019ex\u00e9cution, nous vous accompagnons \u00e0 chaque \u00e9tape \u2014 de la planification \u00e0 l\u2019ex\u00e9cution \u2014 pour garantir les meilleurs r\u00e9sultats. Avec notre support pratique, votre \u00e9quipe abordera les n\u00e9gociations en toute confiance, maximisant la valeur et r\u00e9duisant les risques. Notre approche \u00e9prouv\u00e9e g\u00e9n\u00e8re des r\u00e9sultats, les clients r\u00e9alisant un ROI moyen de 17,3 fois sur leurs projets. Laissez-nous vous aider dans vos n\u00e9gociations difficiles.<\/p>\n\n\n\n<h2 class=\"wp-block-heading\">Initiatives Commerciales<\/h2>\n\n\n\n<p>Nos consultants en n\u00e9gociation aident les entreprises \u00e0 g\u00e9rer des initiatives commerciales complexes, telles que des augmentations de prix, des r\u00e9ductions de co\u00fbts ou des harmonisations de conditions commerciales. Nos consultants en n\u00e9gociation s\u2019occupent de la pr\u00e9paration et de l&rsquo;ex\u00e9cution des initiatives commerciales en veillant \u00e0 ce que tous les n\u00e9gociateurs soient bien pr\u00e9par\u00e9s et soutenus pour obtenir le maximum de r\u00e9sultats.<\/p>\n\n\n\n<p>Nous nous assurons de l\u2019alignement interne, d\u00e9veloppons des strat\u00e9gies de n\u00e9gociation pour chaque segment identifi\u00e9, et fournissons une pr\u00e9paration tactique ainsi qu&rsquo;un accompagnement pratique pendant l&rsquo;ex\u00e9cution des n\u00e9gociations. Avec notre aide, nous veillons \u00e0 ce que l&rsquo;initiative commerciale soit appliqu\u00e9e de mani\u00e8re coh\u00e9rente, \u00e0 r\u00e9duire les risques et obstacles, et \u00e0 am\u00e9liorer les r\u00e9sultats. En tirant parti de notre exp\u00e9rience multisectorielle, nous g\u00e9rons efficacement vos initiatives pour assurer leur succ\u00e8s et atteindre les r\u00e9sultats escompt\u00e9s.<\/p>\n\n\n\n<h2 class=\"wp-block-heading\">Support aux Appels d&rsquo;Offres\/RFP<\/h2>\n\n\n\n<p>Notre service de support aux appels d&rsquo;offres\/RFP vous aide \u00e0 naviguer dans les processus d\u2019appel d\u2019offres pour maximiser vos chances de succ\u00e8s durablement, et ainsi \u00e9viter la \u201cmal\u00e9diction du vainqueur\u00a0\u00bb. Nous fournissons des conseils d&rsquo;experts, de la pr\u00e9paration \u00e0 la soumission, en veillant \u00e0 ce que votre proposition s\u2019aligne sur les crit\u00e8res d\u2019\u00e9valuation et se d\u00e9marque de la concurrence. En intervenant d\u00e8s le d\u00e9but, nous pouvons influencer la port\u00e9e et les conditions en votre faveur, r\u00e9duisant les risques et augmentant votre taux de succ\u00e8s. Laissez-nous vous aider \u00e0 simplifier le processus et \u00e0 s\u00e9curiser davantage de contrats gr\u00e2ce \u00e0 notre soutien strat\u00e9gique personnalis\u00e9.<\/p>\n\n\n\n<h2 class=\"wp-block-heading\">Revue d&rsquo;Accords<\/h2>\n\n\n\n<p>La revue d\u2019accords est une \u00e9valuation strat\u00e9gique de votre processus et de vos r\u00e9sultats de n\u00e9gociation. Elle permet d\u2019identifier les points forts, les faiblesses et les domaines d&rsquo;am\u00e9lioration de votre approche. Chez Impact Negotiation Group, nous offrons une perspective externe pour \u00e9valuer votre planification et votre ex\u00e9cution, assurant un alignement avec vos objectifs commerciaux. En examinant les \u00e9tapes critiques des accords et en fournissant des perspectives exploitables, nous vous aidons \u00e0 affiner votre strat\u00e9gie, \u00e0 r\u00e9duire les risques, et \u00e0 optimiser les r\u00e9sultats des n\u00e9gociations futures pour un impact maximal.<\/p>\n\n\n\n<h2 class=\"wp-block-heading\">Notre M\u00e9thodologie et Approche<\/h2>\n\n\n\n<p>Chez Impact Negotiation Group, notre m\u00e9thodologie Impact Planning est con\u00e7ue pour maximiser la valeur dans les n\u00e9gociations en se concentrant sur les \u00e9l\u00e9ments critiques de la pr\u00e9paration :<\/p>\n\n\n\n<ul class=\"wp-block-list\">\n<li><strong>Objectifs internes<\/strong> : Nous assurons que votre \u00e9quipe est align\u00e9e sur les objectifs de n\u00e9gociation, favorisant une direction claire et un alignement interne renforc\u00e9.<\/li>\n\n\n\n<li><strong>Planification de la communication<\/strong> : La n\u00e9gociation, c&rsquo;est la communication. En \u00e9laborant des plans de communication internes et externes bien ex\u00e9cut\u00e9s, nous r\u00e9duisons les risques et renfor\u00e7ons le message \u00e0 l&rsquo;externe en utilisant la puissance de l&rsquo;influence avant la n\u00e9gociation.<\/li>\n\n\n\n<li><strong>Rapport de force en n\u00e9gociation<\/strong> : Nous aidons \u00e0 identifier vos forces et faiblesses pour les utiliser strat\u00e9giquement et obtenir un avantage comp\u00e9titif.<\/li>\n\n\n\n<li><strong>D\u00e9veloppement de strat\u00e9gies<\/strong> : Nous aidons \u00e0 d\u00e9velopper des strat\u00e9gies de n\u00e9gociation sur mesure adapt\u00e9es \u00e0 chaque situation pour atteindre le meilleur r\u00e9sultat possible.<\/li>\n\n\n\n<li><strong>Identification des risques et obstacles<\/strong> : En identifiant de mani\u00e8re proactive les risques et obstacles potentiels, nous vous aidons \u00e0 \u00e9laborer des actions pr\u00e9ventives ou d&rsquo;att\u00e9nuation pour r\u00e9duire l&rsquo;impact de ces risques.<\/li>\n\n\n\n<li><strong>\u00c9laboration de plans tactiques<\/strong> : Nos experts \u00e9laborent des plans tactiques d\u00e9taill\u00e9s qui anticipent les d\u00e9fis et vous pr\u00e9parent au succ\u00e8s, en identifiant toutes les variables de la n\u00e9gociation, en d\u00e9veloppant un plan d&rsquo;action et en pr\u00e9parant les n\u00e9gociateurs aux comportements attendus pour maximiser la valeur de l&rsquo;accord.<\/li>\n\n\n\n<li><strong>Soutien \u00e0 l&rsquo;ex\u00e9cution<\/strong> : Pendant toute la dur\u00e9e de la n\u00e9gociation, nos consultants soutiennent les n\u00e9gociateurs en les pr\u00e9parant pour les interactions, en r\u00e9visant les plans de communications et en pr\u00e9parant des r\u00e9ponses. Nous vous soutenons tout au long de la n\u00e9gociation.<\/li>\n<\/ul>\n\n\n\n<p>En int\u00e9grant la m\u00e9thodologie Impact Planning, nous guidons votre \u00e9quipe \u00e0 chaque \u00e9tape du processus de n\u00e9gociation, de la pr\u00e9paration initiale \u00e0 l&rsquo;ex\u00e9cution finale. Notre m\u00e9thode garantit que vous \u00eates \u00e9quip\u00e9 des bonnes strat\u00e9gies, perspectives et soutiens pour naviguer dans des n\u00e9gociations complexes et atteindre des r\u00e9sultats optimaux.<\/p>\n\n\n\n<p>Que vous g\u00e9riez des accords individuels ou des initiatives commerciales, nous vous aidons \u00e0 assurer le succ\u00e8s de vos n\u00e9gociations.<\/p>\n\n\n\n<h3 class=\"wp-block-heading\">Secteurs d&rsquo;Activit\u00e9<\/h3>\n\n\n\n<p>Chez Impact Negotiation Group, nous offrons un soutien en n\u00e9gociation adapt\u00e9 aux divers secteurs d&rsquo;activit\u00e9 :<\/p>\n\n\n\n<ul class=\"wp-block-list\">\n<li><strong>PGC\/ Marque de distributeur<\/strong> : des n\u00e9gociations annuelles \u00e0 la gestion d&rsquo;alliances d&rsquo;achat internationales, en passant par l&rsquo;harmonisation des conditions commerciales.<\/li>\n\n\n\n<li><strong>Pharma<\/strong> : naviguer dans des n\u00e9gociations complexes impliquant la conformit\u00e9 r\u00e9glementaire, les partenariats en R&amp;D, et les structures de prix.<\/li>\n\n\n\n<li><strong>Services professionnels<\/strong> : gestion des indexations de prix, des n\u00e9gociations contractuelles et des r\u00e9ponses aux appels d&rsquo;offres.<\/li>\n\n\n\n<li><strong>Capital-Investissement<\/strong> : obtenir des conditions favorables dans les investissements et les strat\u00e9gies de sortie, en soutenant \u00e9galement les entreprises investies.<\/li>\n\n\n\n<li><strong>Services Informatiques<\/strong> : g\u00e9rer les renouvellements de contrat, les accords de niveau de service et les n\u00e9gociations client.<\/li>\n\n\n\n<li><strong>P\u00e9trole &amp; Gaz<\/strong> : g\u00e9rer des n\u00e9gociations complexes et \u00e0 fort enjeu gr\u00e2ce \u00e0 notre exp\u00e9rience \u00e9tendue dans cette industrie.<\/li>\n\n\n\n<li><strong>Industrie<\/strong>: optimiser les n\u00e9gociations d\u2019achat et la gestion des fournisseurs pour une efficacit\u00e9 accrue, avec une grande exp\u00e9rience des deux c\u00f4t\u00e9s de la table.<\/li>\n\n\n\n<li><strong>Relations Employeurs-Employ\u00e9s<\/strong> : nos experts poss\u00e8dent une exp\u00e9rience approfondie dans le soutien des fonctions RH dans leurs n\u00e9gociations sociales.<\/li>\n<\/ul>\n\n\n\n<p>Quel que soit le secteur, Impact Negotiation Group fournit des strat\u00e9gies de n\u00e9gociation expertes et adapt\u00e9es pour aider \u00e0 naviguer dans des d\u00e9fis complexes, \u00e0 obtenir des conditions favorables et \u00e0 obtenir des r\u00e9sultats mesurables. Avec notre expertise sectorielle et notre approche pratique, nous veillons \u00e0 ce que votre entreprise soit pleinement pr\u00e9par\u00e9e \u00e0 maximiser la valeur dans chaque n\u00e9gociation.<\/p>\n\n\n\n<h2 class=\"wp-block-heading\">Qui Conseillons-nous?<\/h2>\n\n\n\n<p>Chez Impact Negotiation Group, nous travaillons avec un large \u00e9ventail de professionnels, notamment :<\/p>\n\n\n\n<ul class=\"wp-block-list\">\n<li><strong>\u00c9quipes commerciales<\/strong> : nous aidons les \u00e9quipes de vente et de d\u00e9veloppement commercial \u00e0 conclure plus de contrats \u00e0 de meilleures conditions en affinant leurs strat\u00e9gies de n\u00e9gociation.<\/li>\n\n\n\n<li><strong>Sp\u00e9cialistes des Achats<\/strong> : notre d\u00e9partement conseil am\u00e9liore les n\u00e9gociations avec les fournisseurs, assurant des \u00e9conomies et des partenariats solides.<\/li>\n\n\n\n<li><strong>Professionnels RH<\/strong> : nous assistons dans les n\u00e9gociations syndicales et la r\u00e9solution de conflits, assurant des r\u00e9sultats favorables.<\/li>\n\n\n\n<li><strong>Direction<\/strong> : nous guidons les dirigeants dans des n\u00e9gociations complexes, assurant l&rsquo;alignement sur les objectifs strat\u00e9giques et maximisant la valeur.<\/li>\n<\/ul>\n\n\n\n<p>Nos consultants en n\u00e9gociation renforcent la prise de d\u00e9cision, favorisent des relations plus solides, et am\u00e9liorent des indicateurs cl\u00e9s comme le taux de succ\u00e8s des transactions, l&rsquo;efficacit\u00e9 des co\u00fbts, et la collaboration interne, donnant aux \u00e9quipes les comp\u00e9tences pour r\u00e9ussir en n\u00e9gociation.<\/p>\n\n\n\n<h2 class=\"wp-block-heading\">Pourquoi Impact Negotiation Group est le partenaire id\u00e9al pour le Conseil en N\u00e9gociation ?<\/h2>\n\n\n\n<p>Le succ\u00e8s en n\u00e9gociation n\u00e9cessite plus qu&rsquo;une simple strat\u00e9gie \u2014 il demande une expertise, une vision, et une approche sur mesure. Forts de notre exp\u00e9rience et de plus de 1,93 milliard d&rsquo;euros en transactions soutenues, nous sommes des partenaires de confiance pour aider les entreprises \u00e0 obtenir les meilleurs r\u00e9sultats. Ce qui nous distingue, c&rsquo;est notre focus sur la compr\u00e9hension de vos d\u00e9fis sp\u00e9cifiques et la mise en \u0153uvre de solutions personnalis\u00e9es.<\/p>\n\n\n\n<p>Notre \u00e9quipe de consultants exp\u00e9riment\u00e9s offre un soutien pratique, assurant que votre organisation est pleinement pr\u00e9par\u00e9e pour chaque \u00e9tape du processus de n\u00e9gociation. Vous pouvez compter sur nous pour obtenir des conditions plus favorables et assurer un succ\u00e8s durable.<\/p>\n\n\n\n<p>Parlons de comment nous pouvons \u00e9lever votre prochaine n\u00e9gociation. Contactez-nous aujourd&rsquo;hui pour discuter de vos besoins sp\u00e9cifiques et comment nous pouvons vous aider \u00e0 r\u00e9ussir.<\/p>\n","protected":false},"excerpt":{"rendered":"<p>Qu&rsquo;est-ce que le Conseil en N\u00e9gociation ? Le conseil en n\u00e9gociation consiste \u00e0 ce que nos experts conseillent et accompagnent les organisations dans leurs d\u00e9fis commerciaux r\u00e9solus par la n\u00e9gociation. La valeur que nos experts apportent r\u00e9side dans le questionnement des hypoth\u00e8ses et biais actuels lors de la pr\u00e9paration et de l&rsquo;ex\u00e9cution des n\u00e9gociations. Chez [&hellip;]<\/p>\n","protected":false},"author":11,"featured_media":947,"parent":0,"menu_order":0,"comment_status":"closed","ping_status":"closed","template":"page-services-negotiation-consulting.php","meta":{"_acf_changed":false,"inline_featured_image":false,"footnotes":""},"class_list":["post-945","page","type-page","status-publish","has-post-thumbnail","hentry"],"acf":[],"yoast_head":"<!-- This site is optimized with the Yoast SEO plugin v25.6 - https:\/\/yoast.com\/wordpress\/plugins\/seo\/ -->\n<title>Conseil en N\u00e9gociation<\/title>\n<meta name=\"description\" content=\"Recevez des conseils strat\u00e9giques en n\u00e9gociation pour r\u00e9ussir vos affaires. Am\u00e9liorez vos comp\u00e9tences avec notre expertise.\" \/>\n<meta name=\"robots\" content=\"index, follow, max-snippet:-1, max-image-preview:large, max-video-preview:-1\" \/>\n<link rel=\"canonical\" href=\"https:\/\/impactnegotiationgroup.com\/fr\/conseil-en-negociation\/\" \/>\n<meta property=\"og:locale\" content=\"fr_FR\" \/>\n<meta property=\"og:type\" content=\"article\" \/>\n<meta property=\"og:title\" content=\"Conseil en N\u00e9gociation\" \/>\n<meta property=\"og:description\" content=\"Recevez des conseils strat\u00e9giques en n\u00e9gociation pour r\u00e9ussir vos affaires. Am\u00e9liorez vos comp\u00e9tences avec notre expertise.\" \/>\n<meta property=\"og:url\" content=\"https:\/\/impactnegotiationgroup.com\/fr\/conseil-en-negociation\/\" \/>\n<meta property=\"og:site_name\" content=\"Impact Negotiation Group\" \/>\n<meta property=\"article:modified_time\" content=\"2025-08-18T10:55:52+00:00\" \/>\n<meta property=\"og:image\" content=\"https:\/\/impactnegotiationgroup.com\/wp-content\/uploads\/2024\/10\/consulting-min.jpg\" \/>\n\t<meta property=\"og:image:width\" content=\"870\" \/>\n\t<meta property=\"og:image:height\" content=\"580\" \/>\n\t<meta property=\"og:image:type\" content=\"image\/jpeg\" \/>\n<meta name=\"twitter:card\" content=\"summary_large_image\" \/>\n<meta name=\"twitter:label1\" content=\"Dur\u00e9e de lecture estim\u00e9e\" \/>\n\t<meta name=\"twitter:data1\" content=\"7 minutes\" \/>\n<script type=\"application\/ld+json\" class=\"yoast-schema-graph\">{\"@context\":\"https:\/\/schema.org\",\"@graph\":[{\"@type\":\"WebPage\",\"@id\":\"https:\/\/impactnegotiationgroup.com\/fr\/conseil-en-negociation\/\",\"url\":\"https:\/\/impactnegotiationgroup.com\/fr\/conseil-en-negociation\/\",\"name\":\"Conseil en N\u00e9gociation\",\"isPartOf\":{\"@id\":\"https:\/\/impactnegotiationgroup.com\/fr\/#website\"},\"primaryImageOfPage\":{\"@id\":\"https:\/\/impactnegotiationgroup.com\/fr\/conseil-en-negociation\/#primaryimage\"},\"image\":{\"@id\":\"https:\/\/impactnegotiationgroup.com\/fr\/conseil-en-negociation\/#primaryimage\"},\"thumbnailUrl\":\"https:\/\/impactnegotiationgroup.com\/wp-content\/uploads\/2024\/10\/consulting-min.jpg\",\"datePublished\":\"2024-08-20T09:09:48+00:00\",\"dateModified\":\"2025-08-18T10:55:52+00:00\",\"description\":\"Recevez des conseils strat\u00e9giques en n\u00e9gociation pour r\u00e9ussir vos affaires. Am\u00e9liorez vos comp\u00e9tences avec notre expertise.\",\"breadcrumb\":{\"@id\":\"https:\/\/impactnegotiationgroup.com\/fr\/conseil-en-negociation\/#breadcrumb\"},\"inLanguage\":\"fr-FR\",\"potentialAction\":[{\"@type\":\"ReadAction\",\"target\":[\"https:\/\/impactnegotiationgroup.com\/fr\/conseil-en-negociation\/\"]}]},{\"@type\":\"ImageObject\",\"inLanguage\":\"fr-FR\",\"@id\":\"https:\/\/impactnegotiationgroup.com\/fr\/conseil-en-negociation\/#primaryimage\",\"url\":\"https:\/\/impactnegotiationgroup.com\/wp-content\/uploads\/2024\/10\/consulting-min.jpg\",\"contentUrl\":\"https:\/\/impactnegotiationgroup.com\/wp-content\/uploads\/2024\/10\/consulting-min.jpg\",\"width\":870,\"height\":580},{\"@type\":\"BreadcrumbList\",\"@id\":\"https:\/\/impactnegotiationgroup.com\/fr\/conseil-en-negociation\/#breadcrumb\",\"itemListElement\":[{\"@type\":\"ListItem\",\"position\":1,\"name\":\"Home\",\"item\":\"https:\/\/impactnegotiationgroup.com\/fr\/\"},{\"@type\":\"ListItem\",\"position\":2,\"name\":\"Conseil en N\u00e9gociation\"}]},{\"@type\":\"WebSite\",\"@id\":\"https:\/\/impactnegotiationgroup.com\/fr\/#website\",\"url\":\"https:\/\/impactnegotiationgroup.com\/fr\/\",\"name\":\"Impact Negotiation Group\",\"description\":\"Negotiation Architects\",\"potentialAction\":[{\"@type\":\"SearchAction\",\"target\":{\"@type\":\"EntryPoint\",\"urlTemplate\":\"https:\/\/impactnegotiationgroup.com\/fr\/?s={search_term_string}\"},\"query-input\":{\"@type\":\"PropertyValueSpecification\",\"valueRequired\":true,\"valueName\":\"search_term_string\"}}],\"inLanguage\":\"fr-FR\"}]}<\/script>\n<!-- \/ Yoast SEO plugin. -->","yoast_head_json":{"title":"Conseil en N\u00e9gociation","description":"Recevez des conseils strat\u00e9giques en n\u00e9gociation pour r\u00e9ussir vos affaires. Am\u00e9liorez vos comp\u00e9tences avec notre expertise.","robots":{"index":"index","follow":"follow","max-snippet":"max-snippet:-1","max-image-preview":"max-image-preview:large","max-video-preview":"max-video-preview:-1"},"canonical":"https:\/\/impactnegotiationgroup.com\/fr\/conseil-en-negociation\/","og_locale":"fr_FR","og_type":"article","og_title":"Conseil en N\u00e9gociation","og_description":"Recevez des conseils strat\u00e9giques en n\u00e9gociation pour r\u00e9ussir vos affaires. Am\u00e9liorez vos comp\u00e9tences avec notre expertise.","og_url":"https:\/\/impactnegotiationgroup.com\/fr\/conseil-en-negociation\/","og_site_name":"Impact Negotiation Group","article_modified_time":"2025-08-18T10:55:52+00:00","og_image":[{"width":870,"height":580,"url":"https:\/\/impactnegotiationgroup.com\/wp-content\/uploads\/2024\/10\/consulting-min.jpg","type":"image\/jpeg"}],"twitter_card":"summary_large_image","twitter_misc":{"Dur\u00e9e de lecture estim\u00e9e":"7 minutes"},"schema":{"@context":"https:\/\/schema.org","@graph":[{"@type":"WebPage","@id":"https:\/\/impactnegotiationgroup.com\/fr\/conseil-en-negociation\/","url":"https:\/\/impactnegotiationgroup.com\/fr\/conseil-en-negociation\/","name":"Conseil en N\u00e9gociation","isPartOf":{"@id":"https:\/\/impactnegotiationgroup.com\/fr\/#website"},"primaryImageOfPage":{"@id":"https:\/\/impactnegotiationgroup.com\/fr\/conseil-en-negociation\/#primaryimage"},"image":{"@id":"https:\/\/impactnegotiationgroup.com\/fr\/conseil-en-negociation\/#primaryimage"},"thumbnailUrl":"https:\/\/impactnegotiationgroup.com\/wp-content\/uploads\/2024\/10\/consulting-min.jpg","datePublished":"2024-08-20T09:09:48+00:00","dateModified":"2025-08-18T10:55:52+00:00","description":"Recevez des conseils strat\u00e9giques en n\u00e9gociation pour r\u00e9ussir vos affaires. Am\u00e9liorez vos comp\u00e9tences avec notre expertise.","breadcrumb":{"@id":"https:\/\/impactnegotiationgroup.com\/fr\/conseil-en-negociation\/#breadcrumb"},"inLanguage":"fr-FR","potentialAction":[{"@type":"ReadAction","target":["https:\/\/impactnegotiationgroup.com\/fr\/conseil-en-negociation\/"]}]},{"@type":"ImageObject","inLanguage":"fr-FR","@id":"https:\/\/impactnegotiationgroup.com\/fr\/conseil-en-negociation\/#primaryimage","url":"https:\/\/impactnegotiationgroup.com\/wp-content\/uploads\/2024\/10\/consulting-min.jpg","contentUrl":"https:\/\/impactnegotiationgroup.com\/wp-content\/uploads\/2024\/10\/consulting-min.jpg","width":870,"height":580},{"@type":"BreadcrumbList","@id":"https:\/\/impactnegotiationgroup.com\/fr\/conseil-en-negociation\/#breadcrumb","itemListElement":[{"@type":"ListItem","position":1,"name":"Home","item":"https:\/\/impactnegotiationgroup.com\/fr\/"},{"@type":"ListItem","position":2,"name":"Conseil en N\u00e9gociation"}]},{"@type":"WebSite","@id":"https:\/\/impactnegotiationgroup.com\/fr\/#website","url":"https:\/\/impactnegotiationgroup.com\/fr\/","name":"Impact Negotiation Group","description":"Negotiation Architects","potentialAction":[{"@type":"SearchAction","target":{"@type":"EntryPoint","urlTemplate":"https:\/\/impactnegotiationgroup.com\/fr\/?s={search_term_string}"},"query-input":{"@type":"PropertyValueSpecification","valueRequired":true,"valueName":"search_term_string"}}],"inLanguage":"fr-FR"}]}},"_links":{"self":[{"href":"https:\/\/impactnegotiationgroup.com\/fr\/wp-json\/wp\/v2\/pages\/945","targetHints":{"allow":["GET"]}}],"collection":[{"href":"https:\/\/impactnegotiationgroup.com\/fr\/wp-json\/wp\/v2\/pages"}],"about":[{"href":"https:\/\/impactnegotiationgroup.com\/fr\/wp-json\/wp\/v2\/types\/page"}],"author":[{"embeddable":true,"href":"https:\/\/impactnegotiationgroup.com\/fr\/wp-json\/wp\/v2\/users\/11"}],"replies":[{"embeddable":true,"href":"https:\/\/impactnegotiationgroup.com\/fr\/wp-json\/wp\/v2\/comments?post=945"}],"version-history":[{"count":7,"href":"https:\/\/impactnegotiationgroup.com\/fr\/wp-json\/wp\/v2\/pages\/945\/revisions"}],"predecessor-version":[{"id":2158,"href":"https:\/\/impactnegotiationgroup.com\/fr\/wp-json\/wp\/v2\/pages\/945\/revisions\/2158"}],"wp:featuredmedia":[{"embeddable":true,"href":"https:\/\/impactnegotiationgroup.com\/fr\/wp-json\/wp\/v2\/media\/947"}],"wp:attachment":[{"href":"https:\/\/impactnegotiationgroup.com\/fr\/wp-json\/wp\/v2\/media?parent=945"}],"curies":[{"name":"wp","href":"https:\/\/api.w.org\/{rel}","templated":true}]}}