{"id":931,"date":"2024-08-06T16:29:17","date_gmt":"2024-08-06T14:29:17","guid":{"rendered":"https:\/\/impact.yfer.dev\/?page_id=931"},"modified":"2025-08-18T12:54:45","modified_gmt":"2025-08-18T10:54:45","slug":"services","status":"publish","type":"page","link":"https:\/\/impactnegotiationgroup.com\/fr\/services\/","title":{"rendered":"Services"},"content":{"rendered":"\n<h2 class=\"wp-block-heading\">Notre approche<\/h2>\n\n\n\n<p>Chez Impact Negotiation Group, notre approche de la n\u00e9gociation repose sur notre m\u00e9thodologie : l&rsquo;indicateur de N\u00e9gociation Impact et le mod\u00e8le Impact Planning. Ces mod\u00e8les de n\u00e9gociation simples mais puissants facilitent les n\u00e9gociateurs de la mani\u00e8re suivante :<\/p>\n\n\n\n<h4 class=\"wp-block-heading\">1. Compr\u00e9hension des diff\u00e9rentes situations de n\u00e9gociation<\/h4>\n\n\n\n<p>Aucune situation de n\u00e9gociation n&rsquo;est identique et les n\u00e9gociateurs doivent adapter leur approche et leur style \u00e0 chaque cas. Nous aidons les n\u00e9gociateurs \u00e0 comprendre comment agir face \u00e0 des n\u00e9gociations collaboratives ou comp\u00e9titives.<\/p>\n\n\n\n<h4 class=\"wp-block-heading\">2. Compr\u00e9hension des dynamiques interpersonnelles et des comportements<\/h4>\n\n\n\n<p>La plupart des gens ont un style de n\u00e9gociation pr\u00e9f\u00e9r\u00e9 qu&rsquo;ils appliquent \u00e0 chaque situation. Comprendre son propre style et comment l&rsquo;adapter \u00e0 un d\u00e9fi de n\u00e9gociation est essentiel pour am\u00e9liorer les r\u00e9sultats.<\/p>\n\n\n\n<h4 class=\"wp-block-heading\">3. Cr\u00e9er de la confiance chez les n\u00e9gociateurs<\/h4>\n\n\n\n<ol start=\"3\" class=\"wp-block-list\">\n<li><\/li>\n<\/ol>\n\n\n\n<p>Les professionnels expriment souvent un inconfort face aux n\u00e9gociations. Notre approche assure que les n\u00e9gociateurs affrontent les d\u00e9fis avec confiance.<\/p>\n\n\n\n<h4 class=\"wp-block-heading\">4. Pr\u00e9paration efficace des n\u00e9gociations<\/h4>\n\n\n\n<p>La n\u00e9gociation, c&rsquo;est la pr\u00e9paration. De mani\u00e8re g\u00e9n\u00e9rale, les n\u00e9gociations commerciales sont mal pr\u00e9par\u00e9es en raison d&rsquo;un manque de planification, d&rsquo;une surestimation des comp\u00e9tences, ou d&rsquo;une mauvaise \u00e9valuation de la complexit\u00e9. Nos m\u00e9thodes sensibilisent les n\u00e9gociateurs \u00e0 l&rsquo;importance de la pr\u00e9paration et leur fournissent les outils n\u00e9cessaires pour se pr\u00e9parer efficacement.<\/p>\n\n\n\n<h4 class=\"wp-block-heading\">5. Offrir une perspective experte externe sur les d\u00e9fi en n\u00e9gociation<\/h4>\n\n\n\n<p>\u00ab Nous avons toujours fait ainsi \u00bb emp\u00eache d&rsquo;obtenir des changements significatifs dans les r\u00e9sultats. Notre \u00e9quipe remet en question les m\u00e9thodes standard et introduit des alternatives pour r\u00e9ussir.<\/p>\n\n\n\n<h4 class=\"wp-block-heading\">6. D\u00e9veloppement de strat\u00e9gies de n\u00e9gociation de premier ordre<\/h4>\n\n\n\n<p>Gr\u00e2ce \u00e0 l&rsquo;exp\u00e9rience de nos experts, nous d\u00e9veloppons des strat\u00e9gies de n\u00e9gociation con\u00e7ues pour maximiser les r\u00e9sultats de tout accord.<\/p>\n\n\n\n<p>Notre \u00e9quipe exp\u00e9riment\u00e9e, habitu\u00e9e aux n\u00e9gociations sous pression, apporte empathie et perspicacit\u00e9 \u00e0 chaque projet, vous aidant \u00e0 naviguer dans des n\u00e9gociations complexes, en personne ou en visio, avec clart\u00e9 et confiance.<\/p>\n","protected":false},"excerpt":{"rendered":"<p>Notre approche Chez Impact Negotiation Group, notre approche de la n\u00e9gociation repose sur notre m\u00e9thodologie : l&rsquo;indicateur de N\u00e9gociation Impact et le mod\u00e8le Impact Planning. Ces mod\u00e8les de n\u00e9gociation simples mais puissants facilitent les n\u00e9gociateurs de la mani\u00e8re suivante : 1. Compr\u00e9hension des diff\u00e9rentes situations de n\u00e9gociation Aucune situation de n\u00e9gociation n&rsquo;est identique et les [&hellip;]<\/p>\n","protected":false},"author":11,"featured_media":933,"parent":0,"menu_order":0,"comment_status":"closed","ping_status":"closed","template":"page-services.php","meta":{"_acf_changed":false,"inline_featured_image":false,"footnotes":""},"class_list":["post-931","page","type-page","status-publish","has-post-thumbnail","hentry"],"acf":[],"yoast_head":"<!-- This site is optimized with the Yoast SEO plugin v25.6 - https:\/\/yoast.com\/wordpress\/plugins\/seo\/ -->\n<title>Services d&#039;experts en n\u00e9gociation<\/title>\n<meta name=\"description\" content=\"Explorez notre site fran\u00e7ais pour des strat\u00e9gies de n\u00e9gociation, des formations et des conseils adapt\u00e9s \u00e0 vos besoins professionnels.\" \/>\n<meta name=\"robots\" content=\"index, follow, max-snippet:-1, max-image-preview:large, max-video-preview:-1\" \/>\n<link rel=\"canonical\" href=\"https:\/\/impactnegotiationgroup.com\/fr\/services\/\" \/>\n<meta property=\"og:locale\" content=\"fr_FR\" \/>\n<meta property=\"og:type\" content=\"article\" \/>\n<meta property=\"og:title\" content=\"Services d&#039;experts en n\u00e9gociation\" \/>\n<meta property=\"og:description\" content=\"Explorez notre site fran\u00e7ais pour des strat\u00e9gies de n\u00e9gociation, des formations et des conseils adapt\u00e9s \u00e0 vos besoins professionnels.\" \/>\n<meta property=\"og:url\" content=\"https:\/\/impactnegotiationgroup.com\/fr\/services\/\" \/>\n<meta property=\"og:site_name\" content=\"Impact Negotiation Group\" \/>\n<meta property=\"article:modified_time\" content=\"2025-08-18T10:54:45+00:00\" \/>\n<meta property=\"og:image\" content=\"https:\/\/impactnegotiationgroup.com\/wp-content\/uploads\/2024\/10\/general-office-min.jpg\" \/>\n\t<meta property=\"og:image:width\" content=\"870\" \/>\n\t<meta property=\"og:image:height\" content=\"580\" \/>\n\t<meta property=\"og:image:type\" content=\"image\/jpeg\" \/>\n<meta name=\"twitter:card\" content=\"summary_large_image\" \/>\n<meta name=\"twitter:label1\" content=\"Dur\u00e9e de lecture estim\u00e9e\" \/>\n\t<meta name=\"twitter:data1\" content=\"2 minutes\" \/>\n<script type=\"application\/ld+json\" class=\"yoast-schema-graph\">{\"@context\":\"https:\/\/schema.org\",\"@graph\":[{\"@type\":\"WebPage\",\"@id\":\"https:\/\/impactnegotiationgroup.com\/fr\/services\/\",\"url\":\"https:\/\/impactnegotiationgroup.com\/fr\/services\/\",\"name\":\"Services d'experts en n\u00e9gociation\",\"isPartOf\":{\"@id\":\"https:\/\/impactnegotiationgroup.com\/fr\/#website\"},\"primaryImageOfPage\":{\"@id\":\"https:\/\/impactnegotiationgroup.com\/fr\/services\/#primaryimage\"},\"image\":{\"@id\":\"https:\/\/impactnegotiationgroup.com\/fr\/services\/#primaryimage\"},\"thumbnailUrl\":\"https:\/\/impactnegotiationgroup.com\/wp-content\/uploads\/2024\/10\/general-office-min.jpg\",\"datePublished\":\"2024-08-06T14:29:17+00:00\",\"dateModified\":\"2025-08-18T10:54:45+00:00\",\"description\":\"Explorez notre site fran\u00e7ais pour des strat\u00e9gies de n\u00e9gociation, des formations et des conseils adapt\u00e9s \u00e0 vos besoins professionnels.\",\"breadcrumb\":{\"@id\":\"https:\/\/impactnegotiationgroup.com\/fr\/services\/#breadcrumb\"},\"inLanguage\":\"fr-FR\",\"potentialAction\":[{\"@type\":\"ReadAction\",\"target\":[\"https:\/\/impactnegotiationgroup.com\/fr\/services\/\"]}]},{\"@type\":\"ImageObject\",\"inLanguage\":\"fr-FR\",\"@id\":\"https:\/\/impactnegotiationgroup.com\/fr\/services\/#primaryimage\",\"url\":\"https:\/\/impactnegotiationgroup.com\/wp-content\/uploads\/2024\/10\/general-office-min.jpg\",\"contentUrl\":\"https:\/\/impactnegotiationgroup.com\/wp-content\/uploads\/2024\/10\/general-office-min.jpg\",\"width\":870,\"height\":580},{\"@type\":\"BreadcrumbList\",\"@id\":\"https:\/\/impactnegotiationgroup.com\/fr\/services\/#breadcrumb\",\"itemListElement\":[{\"@type\":\"ListItem\",\"position\":1,\"name\":\"Home\",\"item\":\"https:\/\/impactnegotiationgroup.com\/fr\/\"},{\"@type\":\"ListItem\",\"position\":2,\"name\":\"Services\"}]},{\"@type\":\"WebSite\",\"@id\":\"https:\/\/impactnegotiationgroup.com\/fr\/#website\",\"url\":\"https:\/\/impactnegotiationgroup.com\/fr\/\",\"name\":\"Impact Negotiation Group\",\"description\":\"Negotiation Architects\",\"potentialAction\":[{\"@type\":\"SearchAction\",\"target\":{\"@type\":\"EntryPoint\",\"urlTemplate\":\"https:\/\/impactnegotiationgroup.com\/fr\/?s={search_term_string}\"},\"query-input\":{\"@type\":\"PropertyValueSpecification\",\"valueRequired\":true,\"valueName\":\"search_term_string\"}}],\"inLanguage\":\"fr-FR\"}]}<\/script>\n<!-- \/ Yoast SEO plugin. -->","yoast_head_json":{"title":"Services d'experts en n\u00e9gociation","description":"Explorez notre site fran\u00e7ais pour des strat\u00e9gies de n\u00e9gociation, des formations et des conseils adapt\u00e9s \u00e0 vos besoins professionnels.","robots":{"index":"index","follow":"follow","max-snippet":"max-snippet:-1","max-image-preview":"max-image-preview:large","max-video-preview":"max-video-preview:-1"},"canonical":"https:\/\/impactnegotiationgroup.com\/fr\/services\/","og_locale":"fr_FR","og_type":"article","og_title":"Services d'experts en n\u00e9gociation","og_description":"Explorez notre site fran\u00e7ais pour des strat\u00e9gies de n\u00e9gociation, des formations et des conseils adapt\u00e9s \u00e0 vos besoins professionnels.","og_url":"https:\/\/impactnegotiationgroup.com\/fr\/services\/","og_site_name":"Impact Negotiation Group","article_modified_time":"2025-08-18T10:54:45+00:00","og_image":[{"width":870,"height":580,"url":"https:\/\/impactnegotiationgroup.com\/wp-content\/uploads\/2024\/10\/general-office-min.jpg","type":"image\/jpeg"}],"twitter_card":"summary_large_image","twitter_misc":{"Dur\u00e9e de lecture estim\u00e9e":"2 minutes"},"schema":{"@context":"https:\/\/schema.org","@graph":[{"@type":"WebPage","@id":"https:\/\/impactnegotiationgroup.com\/fr\/services\/","url":"https:\/\/impactnegotiationgroup.com\/fr\/services\/","name":"Services d'experts en n\u00e9gociation","isPartOf":{"@id":"https:\/\/impactnegotiationgroup.com\/fr\/#website"},"primaryImageOfPage":{"@id":"https:\/\/impactnegotiationgroup.com\/fr\/services\/#primaryimage"},"image":{"@id":"https:\/\/impactnegotiationgroup.com\/fr\/services\/#primaryimage"},"thumbnailUrl":"https:\/\/impactnegotiationgroup.com\/wp-content\/uploads\/2024\/10\/general-office-min.jpg","datePublished":"2024-08-06T14:29:17+00:00","dateModified":"2025-08-18T10:54:45+00:00","description":"Explorez notre site fran\u00e7ais pour des strat\u00e9gies de n\u00e9gociation, des formations et des conseils adapt\u00e9s \u00e0 vos besoins professionnels.","breadcrumb":{"@id":"https:\/\/impactnegotiationgroup.com\/fr\/services\/#breadcrumb"},"inLanguage":"fr-FR","potentialAction":[{"@type":"ReadAction","target":["https:\/\/impactnegotiationgroup.com\/fr\/services\/"]}]},{"@type":"ImageObject","inLanguage":"fr-FR","@id":"https:\/\/impactnegotiationgroup.com\/fr\/services\/#primaryimage","url":"https:\/\/impactnegotiationgroup.com\/wp-content\/uploads\/2024\/10\/general-office-min.jpg","contentUrl":"https:\/\/impactnegotiationgroup.com\/wp-content\/uploads\/2024\/10\/general-office-min.jpg","width":870,"height":580},{"@type":"BreadcrumbList","@id":"https:\/\/impactnegotiationgroup.com\/fr\/services\/#breadcrumb","itemListElement":[{"@type":"ListItem","position":1,"name":"Home","item":"https:\/\/impactnegotiationgroup.com\/fr\/"},{"@type":"ListItem","position":2,"name":"Services"}]},{"@type":"WebSite","@id":"https:\/\/impactnegotiationgroup.com\/fr\/#website","url":"https:\/\/impactnegotiationgroup.com\/fr\/","name":"Impact Negotiation Group","description":"Negotiation Architects","potentialAction":[{"@type":"SearchAction","target":{"@type":"EntryPoint","urlTemplate":"https:\/\/impactnegotiationgroup.com\/fr\/?s={search_term_string}"},"query-input":{"@type":"PropertyValueSpecification","valueRequired":true,"valueName":"search_term_string"}}],"inLanguage":"fr-FR"}]}},"_links":{"self":[{"href":"https:\/\/impactnegotiationgroup.com\/fr\/wp-json\/wp\/v2\/pages\/931","targetHints":{"allow":["GET"]}}],"collection":[{"href":"https:\/\/impactnegotiationgroup.com\/fr\/wp-json\/wp\/v2\/pages"}],"about":[{"href":"https:\/\/impactnegotiationgroup.com\/fr\/wp-json\/wp\/v2\/types\/page"}],"author":[{"embeddable":true,"href":"https:\/\/impactnegotiationgroup.com\/fr\/wp-json\/wp\/v2\/users\/11"}],"replies":[{"embeddable":true,"href":"https:\/\/impactnegotiationgroup.com\/fr\/wp-json\/wp\/v2\/comments?post=931"}],"version-history":[{"count":8,"href":"https:\/\/impactnegotiationgroup.com\/fr\/wp-json\/wp\/v2\/pages\/931\/revisions"}],"predecessor-version":[{"id":2157,"href":"https:\/\/impactnegotiationgroup.com\/fr\/wp-json\/wp\/v2\/pages\/931\/revisions\/2157"}],"wp:featuredmedia":[{"embeddable":true,"href":"https:\/\/impactnegotiationgroup.com\/fr\/wp-json\/wp\/v2\/media\/933"}],"wp:attachment":[{"href":"https:\/\/impactnegotiationgroup.com\/fr\/wp-json\/wp\/v2\/media?parent=931"}],"curies":[{"name":"wp","href":"https:\/\/api.w.org\/{rel}","templated":true}]}}