{"id":852,"date":"2024-08-06T16:29:31","date_gmt":"2024-08-06T14:29:31","guid":{"rendered":"https:\/\/impact.yfer.dev\/?page_id=852"},"modified":"2025-04-14T20:40:08","modified_gmt":"2025-04-14T18:40:08","slug":"a-propos-de-nous","status":"publish","type":"page","link":"https:\/\/impactnegotiationgroup.com\/fr\/a-propos-de-nous\/","title":{"rendered":"\u00c0 propos de nous"},"content":{"rendered":"\n<p class=\"has-text-align-left\"><strong>Chez Impact Negotiation Group, la n\u00e9gociation n&rsquo;est pas simplement ce que nous faisons &#8211; c&rsquo;est ce que nous sommes. Fond\u00e9 en 2022 par des professionnels chevronn\u00e9s du commerce, nous avons b\u00e2ti notre cabinet de conseil avec un objectif unique : transformer les n\u00e9gociations en avantage concurrentiel pour nos clients. Qu&rsquo;il s&rsquo;agisse de conseils en n\u00e9gociation, de formation ou d&rsquo;int\u00e9gration de processus, nous adaptons nos solutions pour garantir un succ\u00e8s durable de votre entreprise dans chaque n\u00e9gociation.<\/strong><\/p>\n\n\n\n<h2 class=\"wp-block-heading has-text-align-left\">Un cabinet de conseil sp\u00e9cialis\u00e9 en N\u00e9gociation<\/h2>\n\n\n\n<p class=\"has-text-align-left\">Impact Negotiation Group n&rsquo;est pas un cabinet de conseil g\u00e9n\u00e9raliste. Nous sommes un cabinet sp\u00e9cialis\u00e9, exclusivement d\u00e9di\u00e9 \u00e0 la n\u00e9gociation. Des conseils en n\u00e9gociation \u00e0 la formation et \u00e0 l&rsquo;int\u00e9gration de processus, notre objectif est toujours d&rsquo;am\u00e9liorer les r\u00e9sultats des n\u00e9gociations. Nous concevons des strat\u00e9gies sur mesure align\u00e9es sur vos objectifs, permettant \u00e0 vos \u00e9quipes de maximiser la valeur de leurs n\u00e9gociations, \u00e0 chaque fois.<\/p>\n\n\n\n<blockquote class=\"wp-block-quote is-layout-flow wp-block-quote-is-layout-flow\">\n<p><em>\u201c<em>Nous d\u00e9veloppons des capacit\u00e9s de n\u00e9gociation \u00e0 long terme, pas seulement des solutions rapides.<\/em>\u201d<\/em><\/p>\n<\/blockquote>\n\n\n\n<div style=\"height:50px\" aria-hidden=\"true\" class=\"wp-block-spacer\"><\/div>\n\n\n\n<section class=\"block-repeater acf-card\">\n\t<div class=\"container\">\n\t\t<div class=\"row\">\n\n\t\t\t\t\t\t\t\t\t\n\t\t\t\t\t\t\t\t\t\t\t<div class=\"col-12 col-md-6 boxcontainer\">\n\t\t\t\t\t\t\t<div class=\"wrapper\">\n\t\t\t\t\t\t\t\t<div class=\"row\">\n\t\t\t\t\t\t\t\t\t<div class=\"col-12 col-md-2 text-center mb-4 mb-md-0\">\n\t\t\t\t\t\t\t\t\t\t<img decoding=\"async\" src=\"https:\/\/impactnegotiationgroup.com\/wp-content\/uploads\/2024\/09\/deal-review-icon-1.svg\">\n\t\t\t\t\t\t\t\t\t<\/div>\n\t\t\t\t\t\t\t\t\t<div class=\"col-12 col-md-10 text-center text-md-start\">\n\t\t\t\t\t\t\t\t\t\t<h3>Nous avons \u00e9t\u00e9 \u00e0 votre place<\/h3>\n\t\t\t\t\t\t\t\t\t\t<p><p><span style=\"font-weight: 400;\">Nous avons v\u00e9cu votre situation &#8211; travaillant dans des r\u00f4les strat\u00e9giques en ventes, achats et autres fonctions commerciales, g\u00e9rant directement des n\u00e9gociations complexes sous pression. Cette exp\u00e9rience concr\u00e8te nous donne une compr\u00e9hension unique de vos enjeux.<\/span><\/p>\n<p><span style=\"font-weight: 400;\">Nous utilisons cette exp\u00e9rience pour nous aider \u00e0 d\u00e9velopper des strat\u00e9gies pratiques et efficaces \u00e0 mettre en place. Avec une expertise approfondie des deux c\u00f4t\u00e9s de la table de n\u00e9gociation, nous proposons des solutions qui fonctionnent dans les situations les plus difficiles, vous aidant \u00e0 naviguer avec confiance et \u00e0 obtenir de meilleurs r\u00e9sultats.<\/span><\/p>\n<\/p>\n\t\t\t\t\t\t\t\t\t<\/div>\n\t\t\t\t\t\t\t\t<\/div>\n\t\t\t\t\t\t\t<\/div>\n\t\t\t\t\t\t<\/div>\n\t\t\t\t\t\t\t\t\t\t\t<div class=\"col-12 col-md-6 boxcontainer\">\n\t\t\t\t\t\t\t<div class=\"wrapper\">\n\t\t\t\t\t\t\t\t<div class=\"row\">\n\t\t\t\t\t\t\t\t\t<div class=\"col-12 col-md-2 text-center mb-4 mb-md-0\">\n\t\t\t\t\t\t\t\t\t\t<img decoding=\"async\" src=\"https:\/\/impactnegotiationgroup.com\/wp-content\/uploads\/2024\/09\/rfp-icon-1.svg\">\n\t\t\t\t\t\t\t\t\t<\/div>\n\t\t\t\t\t\t\t\t\t<div class=\"col-12 col-md-10 text-center text-md-start\">\n\t\t\t\t\t\t\t\t\t\t<h3>Une \u00e9quipe de professionnels aux parcours diversifi\u00e9s<\/h3>\n\t\t\t\t\t\t\t\t\t\t<p><p><span style=\"font-weight: 400;\">Notre \u00e9quipe apporte une exp\u00e9rience pratique des secteurs tels que l\u2019industrie pharmaceutique, l\u2019industrie p\u00e9troli\u00e8re, le conseil, l\u2019informatique, le private equity et la grande consommation. Ayant n\u00e9goci\u00e9 aux plus hauts niveaux tant dans les ventes que dans les achats, nous comprenons les pressions et les complexit\u00e9s uniques de chaque secteur.<\/span><\/p>\n<p><span style=\"font-weight: 400;\">Cette expertise nous permet de d\u00e9velopper des strat\u00e9gies sur mesure qui r\u00e9pondent \u00e0 vos d\u00e9fis les plus difficiles, assurant un succ\u00e8s r\u00e9el et mesurable. Nous savons ce qu&rsquo;il faut pour naviguer dans des n\u00e9gociations complexes et nous nous consacrons \u00e0 aider votre organisation \u00e0 obtenir des r\u00e9sultats plus solides.<\/span><\/p>\n<\/p>\n\t\t\t\t\t\t\t\t\t<\/div>\n\t\t\t\t\t\t\t\t<\/div>\n\t\t\t\t\t\t\t<\/div>\n\t\t\t\t\t\t<\/div>\n\t\t\t\t\t\t\t\t\t\t\t<div class=\"col-12 col-md-6 boxcontainer\">\n\t\t\t\t\t\t\t<div class=\"wrapper\">\n\t\t\t\t\t\t\t\t<div class=\"row\">\n\t\t\t\t\t\t\t\t\t<div class=\"col-12 col-md-2 text-center mb-4 mb-md-0\">\n\t\t\t\t\t\t\t\t\t\t<img decoding=\"async\" src=\"https:\/\/impactnegotiationgroup.com\/wp-content\/uploads\/2024\/09\/commercial-initiatives2-icon-1.svg\">\n\t\t\t\t\t\t\t\t\t<\/div>\n\t\t\t\t\t\t\t\t\t<div class=\"col-12 col-md-10 text-center text-md-start\">\n\t\t\t\t\t\t\t\t\t\t<h3>Ce qui nous diff\u00e9rencie<\/h3>\n\t\t\t\t\t\t\t\t\t\t<p><p><span style=\"font-weight: 400;\">Nous allons au-del\u00e0 des solutions rapides, en nous concentrant sur la construction d&rsquo;un processus de n\u00e9gociation durable qui permet \u00e0 votre \u00e9quipe d&rsquo;exceller constamment. Gr\u00e2ce \u00e0 une pr\u00e9paration strat\u00e9gique, une planification m\u00e9ticuleuse et une r\u00e9flexion proactive, nous nous assurons que votre \u00e9quipe est toujours pr\u00eate \u00e0 aborder leurs n\u00e9gociations avec confiance.<\/span><\/p>\n<p><span style=\"font-weight: 400;\">Notre approche vous \u00e9quipe des outils n\u00e9cessaires pour obtenir de meilleurs r\u00e9sultats, pas qu\u2019une fois, mais de fa\u00e7on r\u00e9currente, cr\u00e9ant un succ\u00e8s \u00e0 long terme et des r\u00e9sultats commerciaux plus solides \u00e0 chaque n\u00e9gociation.<\/span><\/p>\n<\/p>\n\t\t\t\t\t\t\t\t\t<\/div>\n\t\t\t\t\t\t\t\t<\/div>\n\t\t\t\t\t\t\t<\/div>\n\t\t\t\t\t\t<\/div>\n\t\t\t\t\t\t\t\t\t\t\t<div class=\"col-12 col-md-6 boxcontainer\">\n\t\t\t\t\t\t\t<div class=\"wrapper\">\n\t\t\t\t\t\t\t\t<div class=\"row\">\n\t\t\t\t\t\t\t\t\t<div class=\"col-12 col-md-2 text-center mb-4 mb-md-0\">\n\t\t\t\t\t\t\t\t\t\t<img decoding=\"async\" src=\"https:\/\/impactnegotiationgroup.com\/wp-content\/uploads\/2024\/09\/negotiation-support-icon-1.svg\">\n\t\t\t\t\t\t\t\t\t<\/div>\n\t\t\t\t\t\t\t\t\t<div class=\"col-12 col-md-10 text-center text-md-start\">\n\t\t\t\t\t\t\t\t\t\t<h3>Des valeurs fondamentales qui stimulent le Succ\u00e8s<\/h3>\n\t\t\t\t\t\t\t\t\t\t<p><p><span style=\"font-weight: 400;\">Nos valeurs fondamentales &#8211; l&rsquo;Am\u00e9lioration Continue, la Responsabilit\u00e9 et la R\u00e9silience &#8211; guident chacune de nos actions.<\/span><\/p>\n<ul>\n<li style=\"font-weight: 400;\" aria-level=\"1\"><b>Am\u00e9lioration Continue :<\/b><span style=\"font-weight: 400;\"> Nous affinons continuellement nos strat\u00e9gies pour vous maintenir \u00e0 la pointe des avanc\u00e9s en mati\u00e8re d\u2019innovation et applicabilit\u00e9 sur le march\u00e9<\/span><\/li>\n<li style=\"font-weight: 400;\" aria-level=\"1\"><b>Responsabilit\u00e9 :<\/b><span style=\"font-weight: 400;\"> Nous assumons l&rsquo;enti\u00e8re responsabilit\u00e9 des r\u00e9sultats que nous vous aidons \u00e0 atteindre, restant \u00e0 vos c\u00f4t\u00e9s tout au long du processus.<\/span><\/li>\n<li style=\"font-weight: 400;\" aria-level=\"1\"><b>R\u00e9silience :<\/b><span style=\"font-weight: 400;\"> Dans des environnements de n\u00e9gociation sous pression, nous restons flexibles et r\u00e9silients, assurant le succ\u00e8s m\u00eame dans les conditions les plus difficiles.<\/span><\/li>\n<\/ul>\n<p><span style=\"font-weight: 400;\">Ces valeurs garantissent que vos r\u00e9sultats de n\u00e9gociation ne sont pas seulement imm\u00e9diats, mais durables sur le long terme.<\/span><\/p>\n<\/p>\n\t\t\t\t\t\t\t\t\t<\/div>\n\t\t\t\t\t\t\t\t<\/div>\n\t\t\t\t\t\t\t<\/div>\n\t\t\t\t\t\t<\/div>\n\t\t\t\t\t\t\t\t\t\n\t\t\t\t\n\n\n\t\t<\/div>\n\t<\/div>\n<\/section>\n\n\n\n<div style=\"height:50px\" aria-hidden=\"true\" class=\"wp-block-spacer\"><\/div>\n\n\n\n<h2 class=\"wp-block-heading\">Vous donner les moyens d&rsquo;agir par la pr\u00e9paration<\/h2>\n\n\n\n<p>Les meilleures n\u00e9gociations reposent sur une base solide de pr\u00e9paration. Nous aidons votre \u00e9quipe \u00e0 cr\u00e9er un processus durable et reproductible adapt\u00e9 \u00e0 vos objectifs strat\u00e9giques.<\/p>\n\n\n\n<p>En nous assurant que votre \u00e9quipe est align\u00e9e et pr\u00eate avant le d\u00e9but des n\u00e9gociations, nous vous positionnons pour aborder m\u00eame les transactions les plus complexes avec confiance.<\/p>\n\n\n\n<p>Notre m\u00e9thode va au-del\u00e0 de la planification &#8211; elle vous \u00e9quipe des outils n\u00e9cessaires pour ex\u00e9cuter votre strat\u00e9gie efficacement, transformant la pr\u00e9paration en r\u00e9sultats tangibles et r\u00e9ussis. Pas de pr\u00e9cipitation, juste un chemin clair vers l&rsquo;obtention des meilleurs r\u00e9sultats.<\/p>\n\n\n\n<h2 class=\"wp-block-heading\">Pourquoi travailler avec Impact Negotiation Group ?<\/h2>\n\n\n\n<p>Lorsque vous vous associez \u00e0 Impact Negotiation Group, vous travaillez avec des professionnels exp\u00e9riment\u00e9s qui ont une exp\u00e9rience directe des n\u00e9gociations sous pression.<\/p>\n\n\n\n<p>L&rsquo;expertise commerciale approfondie de notre \u00e9quipe signifie que nous avons fait face aux m\u00eames d\u00e9fis que vous. Cela nous permet de fournir des strat\u00e9gies claires et exploitables qui fonctionnent dans le monde r\u00e9el, pas seulement en th\u00e9orie.<\/p>\n\n\n\n<p>Nous ne nous contentons pas de donner des conseils ; nous devenons un v\u00e9ritable partenaire, vous guidant de la pr\u00e9paration initiale jusqu&rsquo;aux \u00e9tapes finales de la n\u00e9gociation. Votre succ\u00e8s en n\u00e9gociation est le n\u00f4tre. Chaque solution que nous proposons est adapt\u00e9e \u00e0 vos besoins uniques, garantissant que les strat\u00e9gies que nous d\u00e9veloppons sont personnalis\u00e9es pour votre entreprise. Notre engagement est de vous aider \u00e0 obtenir constamment de meilleurs r\u00e9sultats, maximisant la valeur et att\u00e9nuant les risques tout au long du processus.<\/p>\n\n\n\n<p>Avec nous, vous pouvez vous attendre \u00e0 des r\u00e9sultats mesurables \u00e0 long terme qui se traduisent par des succ\u00e8s transaction apr\u00e8s transaction, faisant de nous un partenaire de confiance pour vos d\u00e9fis de n\u00e9gociation.<\/p>\n\n\n\n<div class=\"wp-block-buttons is-content-justification-left is-layout-flex wp-container-core-buttons-is-layout-fdcfc74e wp-block-buttons-is-layout-flex\">\n<div class=\"wp-block-button\"><a class=\"wp-block-button__link wp-element-button\" href=\"https:\/\/kind-mendel.135-125-239-220.plesk.page\/fr\/contact\/\">Contactez-nous<\/a><\/div>\n<\/div>\n\n\n\n<div style=\"height:100px\" aria-hidden=\"true\" class=\"wp-block-spacer\"><\/div>\n","protected":false},"excerpt":{"rendered":"<p>Chez Impact Negotiation Group, la n\u00e9gociation n&rsquo;est pas simplement ce que nous faisons &#8211; c&rsquo;est ce que nous sommes. Fond\u00e9 en 2022 par des professionnels chevronn\u00e9s du commerce, nous avons b\u00e2ti notre cabinet de conseil avec un objectif unique : transformer les n\u00e9gociations en avantage concurrentiel pour nos clients. Qu&rsquo;il s&rsquo;agisse de conseils en n\u00e9gociation, [&hellip;]<\/p>\n","protected":false},"author":11,"featured_media":858,"parent":0,"menu_order":0,"comment_status":"closed","ping_status":"closed","template":"page-about.php","meta":{"_acf_changed":false,"inline_featured_image":false,"footnotes":""},"class_list":["post-852","page","type-page","status-publish","has-post-thumbnail","hentry"],"acf":[],"yoast_head":"<!-- This site is optimized with the Yoast SEO plugin v25.6 - https:\/\/yoast.com\/wordpress\/plugins\/seo\/ -->\n<title>\u00c0 propos de nous<\/title>\n<meta name=\"description\" content=\"Explorez notre site fran\u00e7ais pour des conseils en n\u00e9gociation, des formations et des conseils adapt\u00e9s \u00e0 vos besoins professionnels.\" \/>\n<meta name=\"robots\" content=\"index, follow, max-snippet:-1, max-image-preview:large, max-video-preview:-1\" \/>\n<link rel=\"canonical\" href=\"https:\/\/impactnegotiationgroup.com\/fr\/a-propos-de-nous\/\" \/>\n<meta property=\"og:locale\" content=\"fr_FR\" \/>\n<meta property=\"og:type\" content=\"article\" \/>\n<meta property=\"og:title\" content=\"\u00c0 propos de nous\" \/>\n<meta property=\"og:description\" content=\"Explorez notre site fran\u00e7ais pour des conseils en n\u00e9gociation, des formations et des conseils adapt\u00e9s \u00e0 vos besoins professionnels.\" \/>\n<meta property=\"og:url\" content=\"https:\/\/impactnegotiationgroup.com\/fr\/a-propos-de-nous\/\" \/>\n<meta property=\"og:site_name\" content=\"Impact Negotiation Group\" \/>\n<meta property=\"article:modified_time\" content=\"2025-04-14T18:40:08+00:00\" \/>\n<meta property=\"og:image\" content=\"https:\/\/impactnegotiationgroup.com\/wp-content\/uploads\/2024\/10\/impact-negotiation-group-5.jpg\" \/>\n\t<meta property=\"og:image:width\" content=\"870\" \/>\n\t<meta property=\"og:image:height\" content=\"580\" \/>\n\t<meta property=\"og:image:type\" content=\"image\/jpeg\" \/>\n<meta name=\"twitter:card\" content=\"summary_large_image\" \/>\n<meta name=\"twitter:label1\" content=\"Dur\u00e9e de lecture estim\u00e9e\" \/>\n\t<meta name=\"twitter:data1\" content=\"3 minutes\" \/>\n<script type=\"application\/ld+json\" class=\"yoast-schema-graph\">{\"@context\":\"https:\/\/schema.org\",\"@graph\":[{\"@type\":\"WebPage\",\"@id\":\"https:\/\/impactnegotiationgroup.com\/fr\/a-propos-de-nous\/\",\"url\":\"https:\/\/impactnegotiationgroup.com\/fr\/a-propos-de-nous\/\",\"name\":\"\u00c0 propos de nous\",\"isPartOf\":{\"@id\":\"https:\/\/impactnegotiationgroup.com\/fr\/#website\"},\"primaryImageOfPage\":{\"@id\":\"https:\/\/impactnegotiationgroup.com\/fr\/a-propos-de-nous\/#primaryimage\"},\"image\":{\"@id\":\"https:\/\/impactnegotiationgroup.com\/fr\/a-propos-de-nous\/#primaryimage\"},\"thumbnailUrl\":\"https:\/\/impactnegotiationgroup.com\/wp-content\/uploads\/2024\/10\/impact-negotiation-group-5.jpg\",\"datePublished\":\"2024-08-06T14:29:31+00:00\",\"dateModified\":\"2025-04-14T18:40:08+00:00\",\"description\":\"Explorez notre site fran\u00e7ais pour des conseils en n\u00e9gociation, des formations et des conseils adapt\u00e9s \u00e0 vos besoins professionnels.\",\"breadcrumb\":{\"@id\":\"https:\/\/impactnegotiationgroup.com\/fr\/a-propos-de-nous\/#breadcrumb\"},\"inLanguage\":\"fr-FR\",\"potentialAction\":[{\"@type\":\"ReadAction\",\"target\":[\"https:\/\/impactnegotiationgroup.com\/fr\/a-propos-de-nous\/\"]}]},{\"@type\":\"ImageObject\",\"inLanguage\":\"fr-FR\",\"@id\":\"https:\/\/impactnegotiationgroup.com\/fr\/a-propos-de-nous\/#primaryimage\",\"url\":\"https:\/\/impactnegotiationgroup.com\/wp-content\/uploads\/2024\/10\/impact-negotiation-group-5.jpg\",\"contentUrl\":\"https:\/\/impactnegotiationgroup.com\/wp-content\/uploads\/2024\/10\/impact-negotiation-group-5.jpg\",\"width\":870,\"height\":580},{\"@type\":\"BreadcrumbList\",\"@id\":\"https:\/\/impactnegotiationgroup.com\/fr\/a-propos-de-nous\/#breadcrumb\",\"itemListElement\":[{\"@type\":\"ListItem\",\"position\":1,\"name\":\"Home\",\"item\":\"https:\/\/impactnegotiationgroup.com\/fr\/\"},{\"@type\":\"ListItem\",\"position\":2,\"name\":\"\u00c0 propos de nous\"}]},{\"@type\":\"WebSite\",\"@id\":\"https:\/\/impactnegotiationgroup.com\/fr\/#website\",\"url\":\"https:\/\/impactnegotiationgroup.com\/fr\/\",\"name\":\"Impact Negotiation Group\",\"description\":\"Negotiation Architects\",\"potentialAction\":[{\"@type\":\"SearchAction\",\"target\":{\"@type\":\"EntryPoint\",\"urlTemplate\":\"https:\/\/impactnegotiationgroup.com\/fr\/?s={search_term_string}\"},\"query-input\":{\"@type\":\"PropertyValueSpecification\",\"valueRequired\":true,\"valueName\":\"search_term_string\"}}],\"inLanguage\":\"fr-FR\"}]}<\/script>\n<!-- \/ Yoast SEO plugin. -->","yoast_head_json":{"title":"\u00c0 propos de nous","description":"Explorez notre site fran\u00e7ais pour des conseils en n\u00e9gociation, des formations et des conseils adapt\u00e9s \u00e0 vos besoins professionnels.","robots":{"index":"index","follow":"follow","max-snippet":"max-snippet:-1","max-image-preview":"max-image-preview:large","max-video-preview":"max-video-preview:-1"},"canonical":"https:\/\/impactnegotiationgroup.com\/fr\/a-propos-de-nous\/","og_locale":"fr_FR","og_type":"article","og_title":"\u00c0 propos de nous","og_description":"Explorez notre site fran\u00e7ais pour des conseils en n\u00e9gociation, des formations et des conseils adapt\u00e9s \u00e0 vos besoins professionnels.","og_url":"https:\/\/impactnegotiationgroup.com\/fr\/a-propos-de-nous\/","og_site_name":"Impact Negotiation Group","article_modified_time":"2025-04-14T18:40:08+00:00","og_image":[{"width":870,"height":580,"url":"https:\/\/impactnegotiationgroup.com\/wp-content\/uploads\/2024\/10\/impact-negotiation-group-5.jpg","type":"image\/jpeg"}],"twitter_card":"summary_large_image","twitter_misc":{"Dur\u00e9e de lecture estim\u00e9e":"3 minutes"},"schema":{"@context":"https:\/\/schema.org","@graph":[{"@type":"WebPage","@id":"https:\/\/impactnegotiationgroup.com\/fr\/a-propos-de-nous\/","url":"https:\/\/impactnegotiationgroup.com\/fr\/a-propos-de-nous\/","name":"\u00c0 propos de nous","isPartOf":{"@id":"https:\/\/impactnegotiationgroup.com\/fr\/#website"},"primaryImageOfPage":{"@id":"https:\/\/impactnegotiationgroup.com\/fr\/a-propos-de-nous\/#primaryimage"},"image":{"@id":"https:\/\/impactnegotiationgroup.com\/fr\/a-propos-de-nous\/#primaryimage"},"thumbnailUrl":"https:\/\/impactnegotiationgroup.com\/wp-content\/uploads\/2024\/10\/impact-negotiation-group-5.jpg","datePublished":"2024-08-06T14:29:31+00:00","dateModified":"2025-04-14T18:40:08+00:00","description":"Explorez notre site fran\u00e7ais pour des conseils en n\u00e9gociation, des formations et des conseils adapt\u00e9s \u00e0 vos besoins professionnels.","breadcrumb":{"@id":"https:\/\/impactnegotiationgroup.com\/fr\/a-propos-de-nous\/#breadcrumb"},"inLanguage":"fr-FR","potentialAction":[{"@type":"ReadAction","target":["https:\/\/impactnegotiationgroup.com\/fr\/a-propos-de-nous\/"]}]},{"@type":"ImageObject","inLanguage":"fr-FR","@id":"https:\/\/impactnegotiationgroup.com\/fr\/a-propos-de-nous\/#primaryimage","url":"https:\/\/impactnegotiationgroup.com\/wp-content\/uploads\/2024\/10\/impact-negotiation-group-5.jpg","contentUrl":"https:\/\/impactnegotiationgroup.com\/wp-content\/uploads\/2024\/10\/impact-negotiation-group-5.jpg","width":870,"height":580},{"@type":"BreadcrumbList","@id":"https:\/\/impactnegotiationgroup.com\/fr\/a-propos-de-nous\/#breadcrumb","itemListElement":[{"@type":"ListItem","position":1,"name":"Home","item":"https:\/\/impactnegotiationgroup.com\/fr\/"},{"@type":"ListItem","position":2,"name":"\u00c0 propos de nous"}]},{"@type":"WebSite","@id":"https:\/\/impactnegotiationgroup.com\/fr\/#website","url":"https:\/\/impactnegotiationgroup.com\/fr\/","name":"Impact Negotiation Group","description":"Negotiation Architects","potentialAction":[{"@type":"SearchAction","target":{"@type":"EntryPoint","urlTemplate":"https:\/\/impactnegotiationgroup.com\/fr\/?s={search_term_string}"},"query-input":{"@type":"PropertyValueSpecification","valueRequired":true,"valueName":"search_term_string"}}],"inLanguage":"fr-FR"}]}},"_links":{"self":[{"href":"https:\/\/impactnegotiationgroup.com\/fr\/wp-json\/wp\/v2\/pages\/852","targetHints":{"allow":["GET"]}}],"collection":[{"href":"https:\/\/impactnegotiationgroup.com\/fr\/wp-json\/wp\/v2\/pages"}],"about":[{"href":"https:\/\/impactnegotiationgroup.com\/fr\/wp-json\/wp\/v2\/types\/page"}],"author":[{"embeddable":true,"href":"https:\/\/impactnegotiationgroup.com\/fr\/wp-json\/wp\/v2\/users\/11"}],"replies":[{"embeddable":true,"href":"https:\/\/impactnegotiationgroup.com\/fr\/wp-json\/wp\/v2\/comments?post=852"}],"version-history":[{"count":4,"href":"https:\/\/impactnegotiationgroup.com\/fr\/wp-json\/wp\/v2\/pages\/852\/revisions"}],"predecessor-version":[{"id":1441,"href":"https:\/\/impactnegotiationgroup.com\/fr\/wp-json\/wp\/v2\/pages\/852\/revisions\/1441"}],"wp:featuredmedia":[{"embeddable":true,"href":"https:\/\/impactnegotiationgroup.com\/fr\/wp-json\/wp\/v2\/media\/858"}],"wp:attachment":[{"href":"https:\/\/impactnegotiationgroup.com\/fr\/wp-json\/wp\/v2\/media?parent=852"}],"curies":[{"name":"wp","href":"https:\/\/api.w.org\/{rel}","templated":true}]}}