{"id":844,"date":"2024-08-06T12:53:28","date_gmt":"2024-08-06T10:53:28","guid":{"rendered":"https:\/\/impact.yfer.dev\/?page_id=844"},"modified":"2025-11-26T16:35:59","modified_gmt":"2025-11-26T15:35:59","slug":"home","status":"publish","type":"page","link":"https:\/\/impactnegotiationgroup.com\/fr\/","title":{"rendered":"Home"},"content":{"rendered":"","protected":false},"excerpt":{"rendered":"","protected":false},"author":11,"featured_media":846,"parent":0,"menu_order":0,"comment_status":"closed","ping_status":"closed","template":"page-homepage.php","meta":{"_acf_changed":false,"inline_featured_image":false,"footnotes":""},"class_list":["post-844","page","type-page","status-publish","has-post-thumbnail","hentry"],"acf":[],"yoast_head":"<!-- This site is optimized with the Yoast SEO plugin v25.6 - https:\/\/yoast.com\/wordpress\/plugins\/seo\/ -->\n<title>Impact Negotiation Group - Am\u00e9liorez votre strat\u00e9gie de n\u00e9gociation<\/title>\n<meta name=\"description\" content=\"Explorez notre site fran\u00e7ais pour des strat\u00e9gies de n\u00e9gociation, des formations et des conseils adapt\u00e9s \u00e0 vos besoins professionnels.\" \/>\n<meta name=\"robots\" content=\"index, follow, max-snippet:-1, max-image-preview:large, max-video-preview:-1\" \/>\n<link rel=\"canonical\" href=\"https:\/\/impactnegotiationgroup.com\/fr\/\" \/>\n<meta property=\"og:locale\" content=\"fr_FR\" \/>\n<meta property=\"og:type\" content=\"article\" \/>\n<meta property=\"og:title\" content=\"Impact Negotiation Group - Am\u00e9liorez votre strat\u00e9gie de n\u00e9gociation\" \/>\n<meta property=\"og:description\" content=\"Explorez notre site fran\u00e7ais pour des strat\u00e9gies de n\u00e9gociation, des formations et des conseils adapt\u00e9s \u00e0 vos besoins professionnels.\" \/>\n<meta property=\"og:url\" content=\"https:\/\/impactnegotiationgroup.com\/fr\/\" \/>\n<meta property=\"og:site_name\" content=\"Impact Negotiation Group\" \/>\n<meta property=\"article:modified_time\" content=\"2025-11-26T15:35:59+00:00\" \/>\n<meta property=\"og:image\" content=\"https:\/\/impactnegotiationgroup.com\/wp-content\/uploads\/2024\/08\/image-1.png\" \/>\n\t<meta property=\"og:image:width\" content=\"578\" \/>\n\t<meta property=\"og:image:height\" content=\"375\" \/>\n\t<meta property=\"og:image:type\" content=\"image\/png\" \/>\n<meta name=\"twitter:card\" content=\"summary_large_image\" \/>\n<meta name=\"twitter:label1\" content=\"Dur\u00e9e de lecture estim\u00e9e\" \/>\n\t<meta name=\"twitter:data1\" content=\"1 minute\" \/>\n<script type=\"application\/ld+json\" class=\"yoast-schema-graph\">{\"@context\":\"https:\/\/schema.org\",\"@graph\":[{\"@type\":\"WebPage\",\"@id\":\"https:\/\/impactnegotiationgroup.com\/fr\/\",\"url\":\"https:\/\/impactnegotiationgroup.com\/fr\/\",\"name\":\"Impact Negotiation Group - Am\u00e9liorez votre strat\u00e9gie de n\u00e9gociation\",\"isPartOf\":{\"@id\":\"https:\/\/impactnegotiationgroup.com\/fr\/#website\"},\"primaryImageOfPage\":{\"@id\":\"https:\/\/impactnegotiationgroup.com\/fr\/#primaryimage\"},\"image\":{\"@id\":\"https:\/\/impactnegotiationgroup.com\/fr\/#primaryimage\"},\"thumbnailUrl\":\"https:\/\/impactnegotiationgroup.com\/wp-content\/uploads\/2024\/08\/image-1.png\",\"datePublished\":\"2024-08-06T10:53:28+00:00\",\"dateModified\":\"2025-11-26T15:35:59+00:00\",\"description\":\"Explorez notre site fran\u00e7ais pour des strat\u00e9gies de n\u00e9gociation, des formations et des conseils adapt\u00e9s \u00e0 vos besoins professionnels.\",\"breadcrumb\":{\"@id\":\"https:\/\/impactnegotiationgroup.com\/fr\/#breadcrumb\"},\"inLanguage\":\"fr-FR\",\"potentialAction\":[{\"@type\":\"ReadAction\",\"target\":[\"https:\/\/impactnegotiationgroup.com\/fr\/\"]}]},{\"@type\":\"ImageObject\",\"inLanguage\":\"fr-FR\",\"@id\":\"https:\/\/impactnegotiationgroup.com\/fr\/#primaryimage\",\"url\":\"https:\/\/impactnegotiationgroup.com\/wp-content\/uploads\/2024\/08\/image-1.png\",\"contentUrl\":\"https:\/\/impactnegotiationgroup.com\/wp-content\/uploads\/2024\/08\/image-1.png\",\"width\":578,\"height\":375},{\"@type\":\"BreadcrumbList\",\"@id\":\"https:\/\/impactnegotiationgroup.com\/fr\/#breadcrumb\",\"itemListElement\":[{\"@type\":\"ListItem\",\"position\":1,\"name\":\"Home\",\"item\":\"https:\/\/impactnegotiationgroup.com\/fr\/\"},{\"@type\":\"ListItem\",\"position\":2,\"name\":\"Home\"}]},{\"@type\":\"WebSite\",\"@id\":\"https:\/\/impactnegotiationgroup.com\/fr\/#website\",\"url\":\"https:\/\/impactnegotiationgroup.com\/fr\/\",\"name\":\"Impact Negotiation Group\",\"description\":\"Negotiation Architects\",\"potentialAction\":[{\"@type\":\"SearchAction\",\"target\":{\"@type\":\"EntryPoint\",\"urlTemplate\":\"https:\/\/impactnegotiationgroup.com\/fr\/?s={search_term_string}\"},\"query-input\":{\"@type\":\"PropertyValueSpecification\",\"valueRequired\":true,\"valueName\":\"search_term_string\"}}],\"inLanguage\":\"fr-FR\"}]}<\/script>\n<!-- \/ Yoast SEO plugin. -->","yoast_head_json":{"title":"Impact Negotiation Group - Am\u00e9liorez votre strat\u00e9gie de n\u00e9gociation","description":"Explorez notre site fran\u00e7ais pour des strat\u00e9gies de n\u00e9gociation, des formations et des conseils adapt\u00e9s \u00e0 vos besoins professionnels.","robots":{"index":"index","follow":"follow","max-snippet":"max-snippet:-1","max-image-preview":"max-image-preview:large","max-video-preview":"max-video-preview:-1"},"canonical":"https:\/\/impactnegotiationgroup.com\/fr\/","og_locale":"fr_FR","og_type":"article","og_title":"Impact Negotiation Group - Am\u00e9liorez votre strat\u00e9gie de n\u00e9gociation","og_description":"Explorez notre site fran\u00e7ais pour des strat\u00e9gies de n\u00e9gociation, des formations et des conseils adapt\u00e9s \u00e0 vos besoins professionnels.","og_url":"https:\/\/impactnegotiationgroup.com\/fr\/","og_site_name":"Impact Negotiation Group","article_modified_time":"2025-11-26T15:35:59+00:00","og_image":[{"width":578,"height":375,"url":"https:\/\/impactnegotiationgroup.com\/wp-content\/uploads\/2024\/08\/image-1.png","type":"image\/png"}],"twitter_card":"summary_large_image","twitter_misc":{"Dur\u00e9e de lecture estim\u00e9e":"1 minute"},"schema":{"@context":"https:\/\/schema.org","@graph":[{"@type":"WebPage","@id":"https:\/\/impactnegotiationgroup.com\/fr\/","url":"https:\/\/impactnegotiationgroup.com\/fr\/","name":"Impact Negotiation Group - Am\u00e9liorez votre strat\u00e9gie de n\u00e9gociation","isPartOf":{"@id":"https:\/\/impactnegotiationgroup.com\/fr\/#website"},"primaryImageOfPage":{"@id":"https:\/\/impactnegotiationgroup.com\/fr\/#primaryimage"},"image":{"@id":"https:\/\/impactnegotiationgroup.com\/fr\/#primaryimage"},"thumbnailUrl":"https:\/\/impactnegotiationgroup.com\/wp-content\/uploads\/2024\/08\/image-1.png","datePublished":"2024-08-06T10:53:28+00:00","dateModified":"2025-11-26T15:35:59+00:00","description":"Explorez notre site fran\u00e7ais pour des strat\u00e9gies de n\u00e9gociation, des formations et des conseils adapt\u00e9s \u00e0 vos besoins professionnels.","breadcrumb":{"@id":"https:\/\/impactnegotiationgroup.com\/fr\/#breadcrumb"},"inLanguage":"fr-FR","potentialAction":[{"@type":"ReadAction","target":["https:\/\/impactnegotiationgroup.com\/fr\/"]}]},{"@type":"ImageObject","inLanguage":"fr-FR","@id":"https:\/\/impactnegotiationgroup.com\/fr\/#primaryimage","url":"https:\/\/impactnegotiationgroup.com\/wp-content\/uploads\/2024\/08\/image-1.png","contentUrl":"https:\/\/impactnegotiationgroup.com\/wp-content\/uploads\/2024\/08\/image-1.png","width":578,"height":375},{"@type":"BreadcrumbList","@id":"https:\/\/impactnegotiationgroup.com\/fr\/#breadcrumb","itemListElement":[{"@type":"ListItem","position":1,"name":"Home","item":"https:\/\/impactnegotiationgroup.com\/fr\/"},{"@type":"ListItem","position":2,"name":"Home"}]},{"@type":"WebSite","@id":"https:\/\/impactnegotiationgroup.com\/fr\/#website","url":"https:\/\/impactnegotiationgroup.com\/fr\/","name":"Impact Negotiation Group","description":"Negotiation Architects","potentialAction":[{"@type":"SearchAction","target":{"@type":"EntryPoint","urlTemplate":"https:\/\/impactnegotiationgroup.com\/fr\/?s={search_term_string}"},"query-input":{"@type":"PropertyValueSpecification","valueRequired":true,"valueName":"search_term_string"}}],"inLanguage":"fr-FR"}]}},"_links":{"self":[{"href":"https:\/\/impactnegotiationgroup.com\/fr\/wp-json\/wp\/v2\/pages\/844","targetHints":{"allow":["GET"]}}],"collection":[{"href":"https:\/\/impactnegotiationgroup.com\/fr\/wp-json\/wp\/v2\/pages"}],"about":[{"href":"https:\/\/impactnegotiationgroup.com\/fr\/wp-json\/wp\/v2\/types\/page"}],"author":[{"embeddable":true,"href":"https:\/\/impactnegotiationgroup.com\/fr\/wp-json\/wp\/v2\/users\/11"}],"replies":[{"embeddable":true,"href":"https:\/\/impactnegotiationgroup.com\/fr\/wp-json\/wp\/v2\/comments?post=844"}],"version-history":[{"count":10,"href":"https:\/\/impactnegotiationgroup.com\/fr\/wp-json\/wp\/v2\/pages\/844\/revisions"}],"predecessor-version":[{"id":2351,"href":"https:\/\/impactnegotiationgroup.com\/fr\/wp-json\/wp\/v2\/pages\/844\/revisions\/2351"}],"wp:featuredmedia":[{"embeddable":true,"href":"https:\/\/impactnegotiationgroup.com\/fr\/wp-json\/wp\/v2\/media\/846"}],"wp:attachment":[{"href":"https:\/\/impactnegotiationgroup.com\/fr\/wp-json\/wp\/v2\/media?parent=844"}],"curies":[{"name":"wp","href":"https:\/\/api.w.org\/{rel}","templated":true}]}}