{"id":1064,"date":"2024-08-06T16:30:01","date_gmt":"2024-08-06T14:30:01","guid":{"rendered":"https:\/\/impact.yfer.dev\/?page_id=1064"},"modified":"2025-04-09T12:17:32","modified_gmt":"2025-04-09T10:17:32","slug":"formations","status":"publish","type":"page","link":"https:\/\/impactnegotiationgroup.com\/fr\/formations\/","title":{"rendered":"Formations \u00e0 venir"},"content":{"rendered":"\n<h2 class=\"wp-block-heading has-text-align-center big\">Participez \u00e0 l&rsquo;un de nos \u00e9v\u00e9nements<\/h2>\n\n\n\n<p class=\"has-text-align-center\">Aux dates suivantes, nous organisons notre formation ouverte \u00e0 la n\u00e9gociation :<\/p>\n\n\n\n<p><\/p>\n","protected":false},"excerpt":{"rendered":"<p>Participez \u00e0 l&rsquo;un de nos \u00e9v\u00e9nements Aux dates suivantes, nous organisons notre formation ouverte \u00e0 la n\u00e9gociation :<\/p>\n","protected":false},"author":11,"featured_media":1066,"parent":0,"menu_order":0,"comment_status":"closed","ping_status":"closed","template":"page-events.php","meta":{"_acf_changed":false,"inline_featured_image":false,"footnotes":""},"class_list":["post-1064","page","type-page","status-publish","has-post-thumbnail","hentry"],"acf":[],"yoast_head":"<!-- This site is optimized with the Yoast SEO plugin v25.6 - https:\/\/yoast.com\/wordpress\/plugins\/seo\/ -->\n<title>Formations \u00e0 venir<\/title>\n<meta name=\"description\" content=\"Explorez notre site fran\u00e7ais pour des strat\u00e9gies de n\u00e9gociation, des formations et des conseils adapt\u00e9s \u00e0 vos besoins professionnels.\" \/>\n<meta name=\"robots\" content=\"index, follow, max-snippet:-1, max-image-preview:large, max-video-preview:-1\" \/>\n<link rel=\"canonical\" href=\"https:\/\/impactnegotiationgroup.com\/fr\/formations\/\" \/>\n<meta property=\"og:locale\" content=\"fr_FR\" \/>\n<meta property=\"og:type\" content=\"article\" \/>\n<meta property=\"og:title\" content=\"Formations \u00e0 venir\" \/>\n<meta property=\"og:description\" content=\"Explorez notre site fran\u00e7ais pour des strat\u00e9gies de n\u00e9gociation, des formations et des conseils adapt\u00e9s \u00e0 vos besoins professionnels.\" \/>\n<meta property=\"og:url\" content=\"https:\/\/impactnegotiationgroup.com\/fr\/formations\/\" \/>\n<meta property=\"og:site_name\" content=\"Impact Negotiation Group\" \/>\n<meta property=\"article:modified_time\" content=\"2025-04-09T10:17:32+00:00\" \/>\n<meta property=\"og:image\" content=\"https:\/\/impactnegotiationgroup.com\/wp-content\/uploads\/2024\/09\/49dd46cc984c7052d4206d97e5ee89d6.jpeg\" \/>\n\t<meta property=\"og:image:width\" content=\"640\" \/>\n\t<meta property=\"og:image:height\" content=\"427\" \/>\n\t<meta property=\"og:image:type\" content=\"image\/jpeg\" \/>\n<meta name=\"twitter:card\" content=\"summary_large_image\" \/>\n<meta name=\"twitter:label1\" content=\"Dur\u00e9e de lecture estim\u00e9e\" \/>\n\t<meta name=\"twitter:data1\" content=\"1 minute\" \/>\n<script type=\"application\/ld+json\" class=\"yoast-schema-graph\">{\"@context\":\"https:\/\/schema.org\",\"@graph\":[{\"@type\":\"WebPage\",\"@id\":\"https:\/\/impactnegotiationgroup.com\/fr\/formations\/\",\"url\":\"https:\/\/impactnegotiationgroup.com\/fr\/formations\/\",\"name\":\"Formations \u00e0 venir\",\"isPartOf\":{\"@id\":\"https:\/\/impactnegotiationgroup.com\/fr\/#website\"},\"primaryImageOfPage\":{\"@id\":\"https:\/\/impactnegotiationgroup.com\/fr\/formations\/#primaryimage\"},\"image\":{\"@id\":\"https:\/\/impactnegotiationgroup.com\/fr\/formations\/#primaryimage\"},\"thumbnailUrl\":\"https:\/\/impactnegotiationgroup.com\/wp-content\/uploads\/2024\/09\/49dd46cc984c7052d4206d97e5ee89d6.jpeg\",\"datePublished\":\"2024-08-06T14:30:01+00:00\",\"dateModified\":\"2025-04-09T10:17:32+00:00\",\"description\":\"Explorez notre site fran\u00e7ais pour des strat\u00e9gies de n\u00e9gociation, des formations et des conseils adapt\u00e9s \u00e0 vos besoins professionnels.\",\"breadcrumb\":{\"@id\":\"https:\/\/impactnegotiationgroup.com\/fr\/formations\/#breadcrumb\"},\"inLanguage\":\"fr-FR\",\"potentialAction\":[{\"@type\":\"ReadAction\",\"target\":[\"https:\/\/impactnegotiationgroup.com\/fr\/formations\/\"]}]},{\"@type\":\"ImageObject\",\"inLanguage\":\"fr-FR\",\"@id\":\"https:\/\/impactnegotiationgroup.com\/fr\/formations\/#primaryimage\",\"url\":\"https:\/\/impactnegotiationgroup.com\/wp-content\/uploads\/2024\/09\/49dd46cc984c7052d4206d97e5ee89d6.jpeg\",\"contentUrl\":\"https:\/\/impactnegotiationgroup.com\/wp-content\/uploads\/2024\/09\/49dd46cc984c7052d4206d97e5ee89d6.jpeg\",\"width\":640,\"height\":427},{\"@type\":\"BreadcrumbList\",\"@id\":\"https:\/\/impactnegotiationgroup.com\/fr\/formations\/#breadcrumb\",\"itemListElement\":[{\"@type\":\"ListItem\",\"position\":1,\"name\":\"Home\",\"item\":\"https:\/\/impactnegotiationgroup.com\/fr\/\"},{\"@type\":\"ListItem\",\"position\":2,\"name\":\"Formations \u00e0 venir\"}]},{\"@type\":\"WebSite\",\"@id\":\"https:\/\/impactnegotiationgroup.com\/fr\/#website\",\"url\":\"https:\/\/impactnegotiationgroup.com\/fr\/\",\"name\":\"Impact Negotiation Group\",\"description\":\"Negotiation Architects\",\"potentialAction\":[{\"@type\":\"SearchAction\",\"target\":{\"@type\":\"EntryPoint\",\"urlTemplate\":\"https:\/\/impactnegotiationgroup.com\/fr\/?s={search_term_string}\"},\"query-input\":{\"@type\":\"PropertyValueSpecification\",\"valueRequired\":true,\"valueName\":\"search_term_string\"}}],\"inLanguage\":\"fr-FR\"}]}<\/script>\n<!-- \/ Yoast SEO plugin. -->","yoast_head_json":{"title":"Formations \u00e0 venir","description":"Explorez notre site fran\u00e7ais pour des strat\u00e9gies de n\u00e9gociation, des formations et des conseils adapt\u00e9s \u00e0 vos besoins professionnels.","robots":{"index":"index","follow":"follow","max-snippet":"max-snippet:-1","max-image-preview":"max-image-preview:large","max-video-preview":"max-video-preview:-1"},"canonical":"https:\/\/impactnegotiationgroup.com\/fr\/formations\/","og_locale":"fr_FR","og_type":"article","og_title":"Formations \u00e0 venir","og_description":"Explorez notre site fran\u00e7ais pour des strat\u00e9gies de n\u00e9gociation, des formations et des conseils adapt\u00e9s \u00e0 vos besoins professionnels.","og_url":"https:\/\/impactnegotiationgroup.com\/fr\/formations\/","og_site_name":"Impact Negotiation Group","article_modified_time":"2025-04-09T10:17:32+00:00","og_image":[{"width":640,"height":427,"url":"https:\/\/impactnegotiationgroup.com\/wp-content\/uploads\/2024\/09\/49dd46cc984c7052d4206d97e5ee89d6.jpeg","type":"image\/jpeg"}],"twitter_card":"summary_large_image","twitter_misc":{"Dur\u00e9e de lecture estim\u00e9e":"1 minute"},"schema":{"@context":"https:\/\/schema.org","@graph":[{"@type":"WebPage","@id":"https:\/\/impactnegotiationgroup.com\/fr\/formations\/","url":"https:\/\/impactnegotiationgroup.com\/fr\/formations\/","name":"Formations \u00e0 venir","isPartOf":{"@id":"https:\/\/impactnegotiationgroup.com\/fr\/#website"},"primaryImageOfPage":{"@id":"https:\/\/impactnegotiationgroup.com\/fr\/formations\/#primaryimage"},"image":{"@id":"https:\/\/impactnegotiationgroup.com\/fr\/formations\/#primaryimage"},"thumbnailUrl":"https:\/\/impactnegotiationgroup.com\/wp-content\/uploads\/2024\/09\/49dd46cc984c7052d4206d97e5ee89d6.jpeg","datePublished":"2024-08-06T14:30:01+00:00","dateModified":"2025-04-09T10:17:32+00:00","description":"Explorez notre site fran\u00e7ais pour des strat\u00e9gies de n\u00e9gociation, des formations et des conseils adapt\u00e9s \u00e0 vos besoins professionnels.","breadcrumb":{"@id":"https:\/\/impactnegotiationgroup.com\/fr\/formations\/#breadcrumb"},"inLanguage":"fr-FR","potentialAction":[{"@type":"ReadAction","target":["https:\/\/impactnegotiationgroup.com\/fr\/formations\/"]}]},{"@type":"ImageObject","inLanguage":"fr-FR","@id":"https:\/\/impactnegotiationgroup.com\/fr\/formations\/#primaryimage","url":"https:\/\/impactnegotiationgroup.com\/wp-content\/uploads\/2024\/09\/49dd46cc984c7052d4206d97e5ee89d6.jpeg","contentUrl":"https:\/\/impactnegotiationgroup.com\/wp-content\/uploads\/2024\/09\/49dd46cc984c7052d4206d97e5ee89d6.jpeg","width":640,"height":427},{"@type":"BreadcrumbList","@id":"https:\/\/impactnegotiationgroup.com\/fr\/formations\/#breadcrumb","itemListElement":[{"@type":"ListItem","position":1,"name":"Home","item":"https:\/\/impactnegotiationgroup.com\/fr\/"},{"@type":"ListItem","position":2,"name":"Formations \u00e0 venir"}]},{"@type":"WebSite","@id":"https:\/\/impactnegotiationgroup.com\/fr\/#website","url":"https:\/\/impactnegotiationgroup.com\/fr\/","name":"Impact Negotiation Group","description":"Negotiation Architects","potentialAction":[{"@type":"SearchAction","target":{"@type":"EntryPoint","urlTemplate":"https:\/\/impactnegotiationgroup.com\/fr\/?s={search_term_string}"},"query-input":{"@type":"PropertyValueSpecification","valueRequired":true,"valueName":"search_term_string"}}],"inLanguage":"fr-FR"}]}},"_links":{"self":[{"href":"https:\/\/impactnegotiationgroup.com\/fr\/wp-json\/wp\/v2\/pages\/1064","targetHints":{"allow":["GET"]}}],"collection":[{"href":"https:\/\/impactnegotiationgroup.com\/fr\/wp-json\/wp\/v2\/pages"}],"about":[{"href":"https:\/\/impactnegotiationgroup.com\/fr\/wp-json\/wp\/v2\/types\/page"}],"author":[{"embeddable":true,"href":"https:\/\/impactnegotiationgroup.com\/fr\/wp-json\/wp\/v2\/users\/11"}],"replies":[{"embeddable":true,"href":"https:\/\/impactnegotiationgroup.com\/fr\/wp-json\/wp\/v2\/comments?post=1064"}],"version-history":[{"count":4,"href":"https:\/\/impactnegotiationgroup.com\/fr\/wp-json\/wp\/v2\/pages\/1064\/revisions"}],"predecessor-version":[{"id":1418,"href":"https:\/\/impactnegotiationgroup.com\/fr\/wp-json\/wp\/v2\/pages\/1064\/revisions\/1418"}],"wp:featuredmedia":[{"embeddable":true,"href":"https:\/\/impactnegotiationgroup.com\/fr\/wp-json\/wp\/v2\/media\/1066"}],"wp:attachment":[{"href":"https:\/\/impactnegotiationgroup.com\/fr\/wp-json\/wp\/v2\/media?parent=1064"}],"curies":[{"name":"wp","href":"https:\/\/api.w.org\/{rel}","templated":true}]}}