{"id":984,"date":"2024-08-20T11:56:41","date_gmt":"2024-08-20T09:56:41","guid":{"rendered":"https:\/\/impact.yfer.dev\/?page_id=984"},"modified":"2025-08-18T13:12:08","modified_gmt":"2025-08-18T11:12:08","slug":"prozessintegration","status":"publish","type":"page","link":"https:\/\/impactnegotiationgroup.com\/de\/prozessintegration\/","title":{"rendered":"Prozessintegration"},"content":{"rendered":"\n<h2 class=\"wp-block-heading\">Tools und Prozessintegration<\/h2>\n\n\n\n<p>Ohne einen klaren Verhandlungsprozess k\u00f6nnen Ergebnisse stark variieren, je nach individueller Vorbereitung und F\u00e4higkeiten. Bei Impact Negotiation Group arbeiten wir mit Ihrem Team zusammen, um einen konsistenten und effektiven Rahmen f\u00fcr die Verhandlung aufzubauen.<\/p>\n\n\n\n<p>Durch die Integration ma\u00dfgeschneiderter Tools und Strategien stellen wir sicher, dass Ihre Organisation sich auf jede Verhandlung in einer strukturierten, ergebnisorientierten Weise vorbereitet. Ob bei pers\u00f6nlichen Verhandlungen oder Videokonferenzen unser Ansatz verbessert die Vorbereitung und steigert die Leistung auf ganzer Linie.<\/p>\n\n\n\n<h2 class=\"wp-block-heading\">Playbook-Entwicklung<\/h2>\n\n\n\n<p>Ein Playbook ist eine wesentliche Ressource f\u00fcr jedes kommerzielle Team. Es bietet einen detaillierten Leitfaden f\u00fcr die Navigation durch verschiedene Verhandlungsszenarien, von der Bewertung der Machtdynamiken bis hin zu Risikomanagement und strategischer Kommunikation.<\/p>\n\n\n\n<p>Unsere Playbooks bieten einen strukturierten, schrittweisen Ansatz f\u00fcr Ihre Teams und erm\u00f6glichen Ihnen, sich gr\u00fcndlich auf jede Verhandlung vorzubereiten. Durch die Entwicklung eines ma\u00dfgeschneiderten Playbooks kann Ihre Organisation Verhandlungspraktiken \u00fcber Vertriebs- und Einkaufsfunktionen hinweg standardisieren, die Bereitschaft verbessern und sicherstellen, dass alle Verhandlungen mit einer einheitlichen, strategischen Denkweise angegangen werden.<\/p>\n\n\n\n<h2 class=\"wp-block-heading\">\u00dcberpr\u00fcfung des aktuellen Ansatzes<\/h2>\n\n\n\n<p>Um erfolgreich zu sein, ist es entscheidend zu verstehen, wo Ihr Team gut is und wo Verbesserungen vorgenommen werden k\u00f6nnen. Wir analysieren die aktuelle Vorgehensweise Ihrer Organisation durch Interviews, Frageb\u00f6gen und detaillierte Reviews. Diese Evaluierung hilft, St\u00e4rken und Schw\u00e4chen zu identifizieren und erm\u00f6glicht Ihrem Team, seinen Ansatz zu verfeinern und zuk\u00fcnftige Ergebnisse zu verbessern.<\/p>\n\n\n\n<p>Nach der \u00dcberpr\u00fcfung durch die Impact Negotiation Group wird Ihre Organisation ihre Verhandlungsstrategien kontinuierlich verbessern, was zu messbaren Ergebnissen f\u00fchrt.<\/p>\n\n\n\n<h2 class=\"wp-block-heading\">Verhandlungsgremium<\/h2>\n\n\n\n<p>Die Einrichtung eines Verhandlungsgremium innerhalb Ihrer Organisation stellt sicher, dass Verhandlungen mit Konsistenz, Strategie und Verantwortlichkeit gehandhabt werden. Dieses Gremium \u00fcberwacht die Vorbereitung, \u00dcberpr\u00fcfung und Genehmigung jedes Verhandlungsprozesses und hilft kommerziellen Teams, sich vor Start von Diskussionen auf Ziele und Strategien abzustimmen.<\/p>\n\n\n\n<p>Bei Impact Negotiation Group arbeiten wir mit Ihrer Organisation zusammen, um dieses Gremium zu etablieren und zu implementieren und f\u00f6rdern eine Kultur der gr\u00fcndlichen Vorbereitung und strategischen Ausf\u00fchrung. Das Ergebnis? Besser vorbereitete Verhandlungsf\u00fchrer und bessere Deals f\u00fcr Ihr Gesch\u00e4ft.<\/p>\n\n\n\n<h2 class=\"wp-block-heading\">Unsere Methodik und Ansatz<\/h2>\n\n\n\n<p>Bei Impact Negotiation Group ist unsere Impact Planning House Methodik darauf ausgerichtet, den Wert in jeder Verhandlung durch Integration wesentlicher Vorbereitungselemente in die Prozesse Ihrer Organisation zu maximieren:<\/p>\n\n\n\n<ul class=\"wp-block-list\">\n<li><strong>Interne Ziele<\/strong>: Abstimmung der Teams bei Verhandlungszielen und Schaffung einheitlicher Ausrichtung<\/li>\n\n\n\n<li><strong>Kommunikationsplanung<\/strong>: Entwicklung und Umsetzung interner und externer Kommunikationspl\u00e4ne<\/li>\n\n\n\n<li><strong>Verhandlungsmacht<\/strong>: Identifikation und strategische Nutzung von St\u00e4rken und Schw\u00e4chen<\/li>\n\n\n\n<li><strong>Strategieentwicklung<\/strong>: Erstellung ma\u00dfgeschneiderter Verhandlungsstrategien<\/li>\n\n\n\n<li><strong>Risiken &amp; Hindernisse<\/strong>: Proaktive Identifikation und Entwicklung pr\u00e4ventiver L\u00f6sungen<\/li>\n\n\n\n<li><strong>Taktische Pl\u00e4ne<\/strong>: Detaillierte Planung mit Antizipation von Herausforderungen und Verhandlungsvariablen<\/li>\n<\/ul>\n\n\n\n<h2 class=\"wp-block-heading\">Branchen, mit denen wir arbeiten<\/h2>\n\n\n\n<p>Bei Impact Negotiation Group integrieren wir ma\u00dfgeschneiderte Verhandlungsprozesse in verschiedene Branchen:<\/p>\n\n\n\n<ul class=\"wp-block-list\">\n<li><strong>FMCG \/ Private Label<\/strong>: Optimierung der Vorbereitung und Durchf\u00fchrung von Jahresgespr\u00e4chen\u00a0<\/li>\n\n\n\n<li><strong>Pharma<\/strong>: Etablieren eines l\u00e4nder\u00fcbergreifenden einheitlichen Ansatzes f\u00fcr die Verhandlung von Erstattungsbetr\u00e4gen unter Ber\u00fccksichtigung der l\u00e4nderspezifischen Besonderheiten im Erstattungsprozess.<\/li>\n\n\n\n<li><strong>Professional Services<\/strong>: Implementierung strukturierter Verhandlungsprozesse mit Kunden<\/li>\n\n\n\n<li><strong>Private Equity<\/strong>: Integration eines einheitlichen Ansatzes in Investitionsdeals<\/li>\n\n\n\n<li><strong>IT Services<\/strong>: Effizientes Management von Vertragsverl\u00e4ngerungen und Abschluss von Service-Level-Agreements<\/li>\n\n\n\n<li><strong>\u00d6l &amp; Gas<\/strong>: Strukturierte Prozesse f\u00fcr komplexe Verhandlungen mit externen Diensleistern<\/li>\n\n\n\n<li><strong>Produktion:<\/strong>: Optimierung von Einkaufsverhandlungen und Lieferantenmanagement<\/li>\n<\/ul>\n\n\n\n<h2 class=\"wp-block-heading\">Warum ist Impact Negotiation Group ein idealer Partner f\u00fcr Prozessintegration?<\/h2>\n\n\n\n<p>Impact Negotiation Group versteht, dass erfolgreiche Verhandlungen einen klaren Prozess erfordert. Prozessintegration bringt&nbsp; Klarheit und Struktur in Ihre Verhandlungen und hilft bei der Implementierung effektiver Ans\u00e4tze und Werkzeuge.<\/p>\n\n\n\n<p>Unsere Berater arbeiten eng mit Ihrem Team zusammen, um Ziele abzustimmen und Vorgehen zu standardisieren. Mit unserer jahrelanger Erfahrung in komplexen Verhandlungen helfen wir Ihnen, langanhaltende Ergebnisse und einen Wettbewerbsvorteil zu erzielen.<\/p>\n","protected":false},"excerpt":{"rendered":"<p>Tools und Prozessintegration Ohne einen klaren Verhandlungsprozess k\u00f6nnen Ergebnisse stark variieren, je nach individueller Vorbereitung und F\u00e4higkeiten. Bei Impact Negotiation Group arbeiten wir mit Ihrem Team zusammen, um einen konsistenten und effektiven Rahmen f\u00fcr die Verhandlung aufzubauen. Durch die Integration ma\u00dfgeschneiderter Tools und Strategien stellen wir sicher, dass Ihre Organisation sich auf jede Verhandlung in [&hellip;]<\/p>\n","protected":false},"author":11,"featured_media":986,"parent":0,"menu_order":0,"comment_status":"closed","ping_status":"closed","template":"page-services-process-integration.php","meta":{"_acf_changed":false,"inline_featured_image":false,"footnotes":""},"class_list":["post-984","page","type-page","status-publish","has-post-thumbnail","hentry"],"acf":[],"yoast_head":"<!-- This site is optimized with the Yoast SEO plugin v25.6 - https:\/\/yoast.com\/wordpress\/plugins\/seo\/ -->\n<title>Prozessintegration<\/title>\n<meta name=\"description\" content=\"Verbessern Sie die Effizienz Ihrer Verhandlungen durch Prozessintegration. Optimieren Sie Ihre Verhandlungsprozesse und erreichen Sie nahtlose Abl\u00e4ufe.\" \/>\n<meta name=\"robots\" content=\"index, follow, max-snippet:-1, max-image-preview:large, max-video-preview:-1\" \/>\n<link rel=\"canonical\" href=\"https:\/\/impactnegotiationgroup.com\/de\/prozessintegration\/\" \/>\n<meta property=\"og:locale\" content=\"de_DE\" \/>\n<meta property=\"og:type\" content=\"article\" \/>\n<meta property=\"og:title\" content=\"Prozessintegration\" \/>\n<meta property=\"og:description\" content=\"Verbessern Sie die Effizienz Ihrer Verhandlungen durch Prozessintegration. Optimieren Sie Ihre Verhandlungsprozesse und erreichen Sie nahtlose Abl\u00e4ufe.\" \/>\n<meta property=\"og:url\" content=\"https:\/\/impactnegotiationgroup.com\/de\/prozessintegration\/\" \/>\n<meta property=\"og:site_name\" content=\"Impact Negotiation Group\" \/>\n<meta property=\"article:modified_time\" content=\"2025-08-18T11:12:08+00:00\" \/>\n<meta property=\"og:image\" content=\"https:\/\/impactnegotiationgroup.com\/wp-content\/uploads\/2024\/10\/general-min.jpg\" \/>\n\t<meta property=\"og:image:width\" content=\"870\" \/>\n\t<meta property=\"og:image:height\" content=\"580\" \/>\n\t<meta property=\"og:image:type\" content=\"image\/jpeg\" \/>\n<meta name=\"twitter:card\" content=\"summary_large_image\" \/>\n<meta name=\"twitter:label1\" content=\"Gesch\u00e4tzte Lesezeit\" \/>\n\t<meta name=\"twitter:data1\" content=\"3\u00a0Minuten\" \/>\n<script type=\"application\/ld+json\" class=\"yoast-schema-graph\">{\"@context\":\"https:\/\/schema.org\",\"@graph\":[{\"@type\":\"WebPage\",\"@id\":\"https:\/\/impactnegotiationgroup.com\/de\/prozessintegration\/\",\"url\":\"https:\/\/impactnegotiationgroup.com\/de\/prozessintegration\/\",\"name\":\"Prozessintegration\",\"isPartOf\":{\"@id\":\"https:\/\/impactnegotiationgroup.com\/de\/#website\"},\"primaryImageOfPage\":{\"@id\":\"https:\/\/impactnegotiationgroup.com\/de\/prozessintegration\/#primaryimage\"},\"image\":{\"@id\":\"https:\/\/impactnegotiationgroup.com\/de\/prozessintegration\/#primaryimage\"},\"thumbnailUrl\":\"https:\/\/impactnegotiationgroup.com\/wp-content\/uploads\/2024\/10\/general-min.jpg\",\"datePublished\":\"2024-08-20T09:56:41+00:00\",\"dateModified\":\"2025-08-18T11:12:08+00:00\",\"description\":\"Verbessern Sie die Effizienz Ihrer Verhandlungen durch Prozessintegration. Optimieren Sie Ihre Verhandlungsprozesse und erreichen Sie nahtlose Abl\u00e4ufe.\",\"breadcrumb\":{\"@id\":\"https:\/\/impactnegotiationgroup.com\/de\/prozessintegration\/#breadcrumb\"},\"inLanguage\":\"de\",\"potentialAction\":[{\"@type\":\"ReadAction\",\"target\":[\"https:\/\/impactnegotiationgroup.com\/de\/prozessintegration\/\"]}]},{\"@type\":\"ImageObject\",\"inLanguage\":\"de\",\"@id\":\"https:\/\/impactnegotiationgroup.com\/de\/prozessintegration\/#primaryimage\",\"url\":\"https:\/\/impactnegotiationgroup.com\/wp-content\/uploads\/2024\/10\/general-min.jpg\",\"contentUrl\":\"https:\/\/impactnegotiationgroup.com\/wp-content\/uploads\/2024\/10\/general-min.jpg\",\"width\":870,\"height\":580},{\"@type\":\"BreadcrumbList\",\"@id\":\"https:\/\/impactnegotiationgroup.com\/de\/prozessintegration\/#breadcrumb\",\"itemListElement\":[{\"@type\":\"ListItem\",\"position\":1,\"name\":\"Home\",\"item\":\"https:\/\/impactnegotiationgroup.com\/de\/\"},{\"@type\":\"ListItem\",\"position\":2,\"name\":\"Prozessintegration\"}]},{\"@type\":\"WebSite\",\"@id\":\"https:\/\/impactnegotiationgroup.com\/de\/#website\",\"url\":\"https:\/\/impactnegotiationgroup.com\/de\/\",\"name\":\"Impact Negotiation Group\",\"description\":\"Negotiation Architects\",\"potentialAction\":[{\"@type\":\"SearchAction\",\"target\":{\"@type\":\"EntryPoint\",\"urlTemplate\":\"https:\/\/impactnegotiationgroup.com\/de\/?s={search_term_string}\"},\"query-input\":{\"@type\":\"PropertyValueSpecification\",\"valueRequired\":true,\"valueName\":\"search_term_string\"}}],\"inLanguage\":\"de\"}]}<\/script>\n<!-- \/ Yoast SEO plugin. -->","yoast_head_json":{"title":"Prozessintegration","description":"Verbessern Sie die Effizienz Ihrer Verhandlungen durch Prozessintegration. Optimieren Sie Ihre Verhandlungsprozesse und erreichen Sie nahtlose Abl\u00e4ufe.","robots":{"index":"index","follow":"follow","max-snippet":"max-snippet:-1","max-image-preview":"max-image-preview:large","max-video-preview":"max-video-preview:-1"},"canonical":"https:\/\/impactnegotiationgroup.com\/de\/prozessintegration\/","og_locale":"de_DE","og_type":"article","og_title":"Prozessintegration","og_description":"Verbessern Sie die Effizienz Ihrer Verhandlungen durch Prozessintegration. Optimieren Sie Ihre Verhandlungsprozesse und erreichen Sie nahtlose Abl\u00e4ufe.","og_url":"https:\/\/impactnegotiationgroup.com\/de\/prozessintegration\/","og_site_name":"Impact Negotiation Group","article_modified_time":"2025-08-18T11:12:08+00:00","og_image":[{"width":870,"height":580,"url":"https:\/\/impactnegotiationgroup.com\/wp-content\/uploads\/2024\/10\/general-min.jpg","type":"image\/jpeg"}],"twitter_card":"summary_large_image","twitter_misc":{"Gesch\u00e4tzte Lesezeit":"3\u00a0Minuten"},"schema":{"@context":"https:\/\/schema.org","@graph":[{"@type":"WebPage","@id":"https:\/\/impactnegotiationgroup.com\/de\/prozessintegration\/","url":"https:\/\/impactnegotiationgroup.com\/de\/prozessintegration\/","name":"Prozessintegration","isPartOf":{"@id":"https:\/\/impactnegotiationgroup.com\/de\/#website"},"primaryImageOfPage":{"@id":"https:\/\/impactnegotiationgroup.com\/de\/prozessintegration\/#primaryimage"},"image":{"@id":"https:\/\/impactnegotiationgroup.com\/de\/prozessintegration\/#primaryimage"},"thumbnailUrl":"https:\/\/impactnegotiationgroup.com\/wp-content\/uploads\/2024\/10\/general-min.jpg","datePublished":"2024-08-20T09:56:41+00:00","dateModified":"2025-08-18T11:12:08+00:00","description":"Verbessern Sie die Effizienz Ihrer Verhandlungen durch Prozessintegration. Optimieren Sie Ihre Verhandlungsprozesse und erreichen Sie nahtlose Abl\u00e4ufe.","breadcrumb":{"@id":"https:\/\/impactnegotiationgroup.com\/de\/prozessintegration\/#breadcrumb"},"inLanguage":"de","potentialAction":[{"@type":"ReadAction","target":["https:\/\/impactnegotiationgroup.com\/de\/prozessintegration\/"]}]},{"@type":"ImageObject","inLanguage":"de","@id":"https:\/\/impactnegotiationgroup.com\/de\/prozessintegration\/#primaryimage","url":"https:\/\/impactnegotiationgroup.com\/wp-content\/uploads\/2024\/10\/general-min.jpg","contentUrl":"https:\/\/impactnegotiationgroup.com\/wp-content\/uploads\/2024\/10\/general-min.jpg","width":870,"height":580},{"@type":"BreadcrumbList","@id":"https:\/\/impactnegotiationgroup.com\/de\/prozessintegration\/#breadcrumb","itemListElement":[{"@type":"ListItem","position":1,"name":"Home","item":"https:\/\/impactnegotiationgroup.com\/de\/"},{"@type":"ListItem","position":2,"name":"Prozessintegration"}]},{"@type":"WebSite","@id":"https:\/\/impactnegotiationgroup.com\/de\/#website","url":"https:\/\/impactnegotiationgroup.com\/de\/","name":"Impact Negotiation Group","description":"Negotiation Architects","potentialAction":[{"@type":"SearchAction","target":{"@type":"EntryPoint","urlTemplate":"https:\/\/impactnegotiationgroup.com\/de\/?s={search_term_string}"},"query-input":{"@type":"PropertyValueSpecification","valueRequired":true,"valueName":"search_term_string"}}],"inLanguage":"de"}]}},"_links":{"self":[{"href":"https:\/\/impactnegotiationgroup.com\/de\/wp-json\/wp\/v2\/pages\/984","targetHints":{"allow":["GET"]}}],"collection":[{"href":"https:\/\/impactnegotiationgroup.com\/de\/wp-json\/wp\/v2\/pages"}],"about":[{"href":"https:\/\/impactnegotiationgroup.com\/de\/wp-json\/wp\/v2\/types\/page"}],"author":[{"embeddable":true,"href":"https:\/\/impactnegotiationgroup.com\/de\/wp-json\/wp\/v2\/users\/11"}],"replies":[{"embeddable":true,"href":"https:\/\/impactnegotiationgroup.com\/de\/wp-json\/wp\/v2\/comments?post=984"}],"version-history":[{"count":4,"href":"https:\/\/impactnegotiationgroup.com\/de\/wp-json\/wp\/v2\/pages\/984\/revisions"}],"predecessor-version":[{"id":2168,"href":"https:\/\/impactnegotiationgroup.com\/de\/wp-json\/wp\/v2\/pages\/984\/revisions\/2168"}],"wp:featuredmedia":[{"embeddable":true,"href":"https:\/\/impactnegotiationgroup.com\/de\/wp-json\/wp\/v2\/media\/986"}],"wp:attachment":[{"href":"https:\/\/impactnegotiationgroup.com\/de\/wp-json\/wp\/v2\/media?parent=984"}],"curies":[{"name":"wp","href":"https:\/\/api.w.org\/{rel}","templated":true}]}}