{"id":948,"date":"2024-08-20T11:09:48","date_gmt":"2024-08-20T09:09:48","guid":{"rendered":"https:\/\/impact.yfer.dev\/?page_id=948"},"modified":"2025-08-18T13:11:44","modified_gmt":"2025-08-18T11:11:44","slug":"verhandlungsberatung","status":"publish","type":"page","link":"https:\/\/impactnegotiationgroup.com\/de\/verhandlungsberatung\/","title":{"rendered":"Verhandlungsberatung"},"content":{"rendered":"\n<section class=\"block-cta\">\n\t<div class=\"container\">\n\t\t<div class=\"row\">\n\t\t\t\n\t\t\t<div class=\"col-12 col-md-6 text-center text-md-end\">\n\t\t\t\t<h3>Sind Sie unsicher, wie wir Ihre Verhandlungsstrategie unterst\u00fctzen k\u00f6nnen?<\/h3>\n\t\t\t<\/div>\n\t\t\t<div class=\"col-12 col-md-6 text-center text-md-start\">\n\t\t\t\t<a class=\"button\" target=\"_blank\" href=\"https:\/\/calendly.com\/adrien-leclef\/point\">Planen Sie ein kostenloses Erstgespr\u00e4ch<img decoding=\"async\" src=\"\/wp-content\/uploads\/2024\/09\/line-arrow-right-1-arrow-right-keyboard.svg\"><\/a>\n\t\t\t<\/div>\n\n\t\t<\/div>\n\t<\/div>\n<\/section>\n\n\n\n<h2 class=\"wp-block-heading\">Was ist Verhandlungsberatung?<\/h2>\n\n\n\n<p>Bei der Verhandlungsberatung beraten und unterst\u00fctzen unsere Experten Unternehmen bei den gesch\u00e4ftlichen Herausforderungen, die durch Verhandlungen gel\u00f6st werden. Einer der Mehrwerte, den unsere Experten bieten, liegt darin, aktuelle Annahmen und Vorurteile w\u00e4hrend der Vorbereitungs- und Durchf\u00fchrungsphase von Verhandlungen in Frage zu stellen. Impact Negotiation Group bef\u00e4higt Klienten, jede gesch\u00e4ftliche Herausforderung direkt anzugehen, indem wir ihre Verhandlungsstrategien entwickeln &#8211; egal, ob f\u00fcr einzelne Deals oder breitere kommerzielle Initiativen. Wir k\u00f6nnen Ihrem Team beispielsweise dabei helfen, unterdurchschnittlich lukrative Vertr\u00e4ge neu zu verhandeln oder Vereinbarungen mit mehreren Parteien zu optimieren. Durch die Verfeinerung Ihres Ansatzes, die Definition einer Strategie und die Abstimmung der Verhandlungstaktik auf Ihre Gesch\u00e4ftsziele stellen wir sicher, dass Ihr Team durchweg die bestm\u00f6glichen Deals erzielt.<\/p>\n\n\n\n<h2 class=\"wp-block-heading\">Verhandlungsunterst\u00fctzung<\/h2>\n\n\n\n<p>Wir bieten umfassende Unterst\u00fctzung bei Verhandlungen und helfen Ihrem Team, sich systematisch auf wichtige Gespr\u00e4che vorzubereiten. Durch das Sicherstellen der internen Abstimmung, erstklassiger Vorbereitung und Unterst\u00fctzung bei der Durchf\u00fchrung der Verhandlung begleiten wir Sie durch jeden Schritt &#8211; von der Planung bis zum Abschluss , um die bestm\u00f6glichen Ergebnisse zu sichern. Mit unserer praktischen Unterst\u00fctzung wird Ihr Team Verhandlungen selbstbewusst angehen, den Wert maximieren und Risiken minimieren. Unser bew\u00e4hrter Ansatz liefert Resultate &#8211; Klienten erzielen ein durchschnittliches ROI von 17,3x mit unseren Projekten. Lassen Sie sich von uns bei Ihren schwierigen Verhandlungen helfen.<\/p>\n\n\n\n<h2 class=\"wp-block-heading\">Kommerzielle Initiativen<\/h2>\n\n\n\n<p>Unsere Verhandlungsberater helfen Unternehmen bei der Steuerung komplexer, kommerzieller Initiativen wie Preiserh\u00f6hungen, Kostenreduzierungen oder der Harmonisierung von Vertragsbedingungen. Unsere Berater werden die Vorbereitung und Durchf\u00fchrung der Initiativen managen, indem sie sicherstellen, dass alle Verhandler gut vorbereitet und unterst\u00fctzt werden, um das maximale Ergebnis zu erzielen.<\/p>\n\n\n\n<p>Wir helfen, die interne Ausrichtung zu gew\u00e4hrleisten, Verhandlungsstrategien pro identifiziertem Segment zu entwickeln sowie taktische Vorbereitung und einen praktischen Ansatz w\u00e4hrend der Durchf\u00fchrung der Verhandlungen zu bieten. Mit unserer Hilfe stellen wir sicher, dass die kommerzielle Initiative konsistent angegangen wird, Risiken und Hindernisse reduziert werden und die Ergebnisse verbessert werden. Durch unsere branchen\u00fcbergreifende Erfahrung managen wir Ihre Initiativen fachkundig, treiben den Erfolg voran und liefern die von Ihnen erwarteten Ergebnisse.<\/p>\n\n\n\n<h2 class=\"wp-block-heading\">Unterst\u00fctzung bei RFP\/Ausschreibungen<\/h2>\n\n\n\n<p>Wir helfen Ihnen,&nbsp; komplexe Ausschreibungsverfahren zu navigieren, um Ihre Chancen auf einen nachhaltigen Erfolg mit Ihren Angeboten zu maximieren.. Wir bieten fachkundige Beratung von der Vorbereitung bis zur Einreichung, um sicherzustellen, dass Ihr Angebot mit den Bewertungskriterien \u00fcbereinstimmt und sich von der Konkurrenz abhebt. Durch fr\u00fchzeitiges Engagement k\u00f6nnen wir den Umfang und die Bedingungen zu Ihren Gunsten beeinflussen, Risiken reduzieren und Ihre Erfolgsquote erh\u00f6hen. Lassen Sie sich von uns helfen, den Prozess zu optimieren und mehr Gesch\u00e4fte durch ma\u00dfgeschneiderte strategische Unterst\u00fctzung unserer erfahrenen Verhandlungsberater zu sichern.<\/p>\n\n\n\n<h2 class=\"wp-block-heading\">Deal-\u00dcberpr\u00fcfung<\/h2>\n\n\n\n<p>Die Deal-\u00dcberpr\u00fcfung ist eine strategische Bewertung Ihres Verhandlungsprozesses und der Ergebnisse. Sie hilft dabei, St\u00e4rken, Schw\u00e4chen und Verbesserungspotenziale in Ihrem Ansatz zu identifizieren. Impact Negotiation Group bietet eine externe Perspektive f\u00fcr das Benchmarking Ihrer Planung und Ausf\u00fchrung von Verhandlungen, um die Ausrichtung auf Ihre Gesch\u00e4ftsziele sicherzustellen. Durch die \u00dcberpr\u00fcfung kritischer Deal-Phasen und die Bereitstellung umsetzbarer Erkenntnisse helfen wir Ihnen, Ihre Strategie zu verfeinern, Risiken zu reduzieren und zuk\u00fcnftige Verhandlungsergebnisse f\u00fcr maximale Wirkung zu optimieren.<\/p>\n\n\n\n<h2 class=\"wp-block-heading\">Unsere Methodik und Vorgehensweise<\/h2>\n\n\n\n<p>Unsere Impact Planning House Methodik ist darauf ausgelegt, den maximalen Wert in Verhandlungen zu liefern, indem wir uns auf die kritischen Elemente der Vorbereitung konzentrieren:<\/p>\n\n\n\n<ul class=\"wp-block-list\">\n<li><strong>Interne Ziele:<\/strong> Wir stellen sicher, dass Ihr Team einheitliche Verhandlungsziele verfolgt und diese Ziele von der kompletten Organisation mitgetragen werden.<\/li>\n\n\n\n<li><strong>Kommunikationsplanung:<\/strong> Bei Verhandlungen geht es um Kommunikation. Die Entwicklung und angemessene Ausf\u00fchrung interner und externer Kommunikationspl\u00e4ne reduziert Risiken, verbessert die effektive externe Kommunikation und nutzt die Macht der Einflussnahme vor Beginn der Verhandlung.<\/li>\n\n\n\n<li><strong>Verhandlungsmacht:<\/strong> Wir helfen Ihnen, Ihre St\u00e4rken und Schw\u00e4chen zu identifizieren und strategisch einzusetzen, um einen Vorteil in der Verhandlung zu erlangen.<\/li>\n\n\n\n<li><strong>Strategieentwicklung:<\/strong> Wir entwickeln ma\u00dfgeschneiderte Verhandlungsstrategien f\u00fcr die spezifische Situation, die den Fahrplan zum bestm\u00f6glichen Ergebnis liefern.<\/li>\n\n\n\n<li><strong>Identifizierung von Risiken &amp; Hindernissen:<\/strong> Das proaktive Erkennen potenzieller Risiken und Hindernisse, die w\u00e4hrend der Durchf\u00fchrung der Verhandlung auftreten k\u00f6nnen, hilft Ihnen, vorbeugende oder mildernde Ma\u00dfnahmen zu identifizieren, um die Auswirkungen solcher Risiken zu reduzieren.<\/li>\n\n\n\n<li><strong>Erstellung taktischer Pl\u00e4ne:<\/strong> Unsere Experten entwickeln detaillierte taktische Pl\u00e4ne, die Herausforderungen antizipieren und Sie auf Erfolg vorbereiten, indem alle Verhandlungvariablen identifiziert werden, ein Angebotsplan entwickelt wird und die Verhandler darauf vorbereitet werden, welches Verhalten zu erwarten und anzunehmen ist, um den Wert des Deals zu maximieren.<\/li>\n\n\n\n<li><strong>Unterst\u00fctzung der Ausf\u00fchrung:<\/strong> W\u00e4hrend der gesamten Verhandlung unterst\u00fctzen unsere Berater Ihre Verhandlungsf\u00fchrer, indem sie sie auf die Gespr\u00e4che vorbereiten, die Kommunikation \u00fcberpr\u00fcfen und Antworten vorbereiten. Wir stehen Ihnen w\u00e4hrend der gesamten Verhandlung bis zum Abschluss zur Seite.<\/li>\n<\/ul>\n\n\n\n<p>Durch die Integration der Impact Planning House Methodik begleiten wir Ihr Team durch jede Phase des Verhandlungsprozesses, von der anf\u00e4nglichen Vorbereitung bis zur endg\u00fcltigen Durchf\u00fchrung am Vehandlungstisch. Unsere Methode stellt sicher, dass Sie mit den richtigen Strategien, Erkenntnissen und Unterst\u00fctzung ausgestattet sind, um komplexe Verhandlungen zu navigieren und optimale Ergebnisse zu erzielen.<\/p>\n\n\n\n<p>Egal, ob Sie einzelne Deals oder breitere kommerzielle Initiativen managen &#8211; wir tragen zu Ihrem Verhandlungserfolg bei.<\/p>\n\n\n\n<h2 class=\"wp-block-heading\">Branchen, die wir beraten<\/h2>\n\n\n\n<p>Bei Impact Negotiation Group bieten wir ma\u00dfgeschneiderte Verhandlungsunterst\u00fctzung f\u00fcr verschiedene Branchen:<\/p>\n\n\n\n<ul class=\"wp-block-list\">\n<li><strong>Konsumg\u00fcter \/ Eigenmarken:<\/strong> Von Verhandlungen auf lokaler Ebene bis zu den internationalen Einkaufsallianzen unterst\u00fctzen wir Lieferanten bei ihren Verhandlungen mit dem Handel.<\/li>\n\n\n\n<li><strong>Pharma:<\/strong> Unterst\u00fctzung von market access teams bei Verhandlungen mit Krankenkassen, Krankenh\u00e4usern und staatlichen Stellen sowie Verhandlungen mit Distributoren<\/li>\n\n\n\n<li><strong>Professional Services:<\/strong> Wir unterst\u00fctzen bei zentralen Themen wie Preiserh\u00f6hungen, Vertragsverhandlungen und Ausschreibungen bei allen kommerziellen Herausforderungen.<\/li>\n\n\n\n<li><strong>Private Equity:<\/strong> Sichern Sie g\u00fcnstige Bedingungen bei Investitionen und Exit-Strategien und erhalten Sie Hilfe bei den kommerziellen Herausforderungen der Beteiligungsunternehmen.<\/li>\n\n\n\n<li><strong>IT-Services:<\/strong> Verwalten Sie Vertragsverl\u00e4ngerungen, Service-Level-Agreements und Kundenverhandlungen effektiv.<\/li>\n\n\n\n<li><strong>\u00d6l &amp; Gas:<\/strong> Der Umgang mit wichtigen und schwierigen Verhandlungen ist unser Kerngesch\u00e4ft. Die \u00d6l- und Gasindustrie ist eine der komplexesten Branchen \u00fcberhaupt, in der wir \u00fcber umfangreiche Erfahrung verf\u00fcgen, um die komplexen Dynamiken zu navigieren und die g\u00fcnstigsten Ergebnisse zu gew\u00e4hrleisten.<\/li>\n\n\n\n<li><strong>Produktion:<\/strong> Optimieren Sie Beschaffung und Lieferantenmanagement f\u00fcr Kosteneffizienz oder optimieren Sie Kundenvertr\u00e4ge &#8211; unsere umfangreiche Erfahrung auf beiden Seiten des Tisches f\u00fchrt zu einer garantierten Wirkung.<\/li>\n\n\n\n<li><strong>Gewerkschaftsverhandlungen:<\/strong> Unsere Experten verf\u00fcgen \u00fcber umfangreiche Erfahrung in der Unterst\u00fctzung von Personalabteilungen bei Verhandlungen mit Gewerkschaften.<\/li>\n<\/ul>\n\n\n\n<p>Unabh\u00e4ngig von der Branche bietet Impact Negotiation Group fachkundige, ma\u00dfgeschneiderte Verhandlungsstrategien, um komplexe Herausforderungen zu meistern, bessere Vertragsbedingungen zu sichern und messbare Ergebnisse zu erzielen. Mit unserem tiefen Branchenwissen und einem praxisorientierten Ansatz stellen wir sicher, dass Ihr Unternehmen bestens vorbereitet ist, um den Wert in jeder Verhandlung zu maximieren.<\/p>\n\n\n\n<h2 class=\"wp-block-heading\">Wen wir beraten<\/h2>\n\n\n\n<p>Bei Impact Negotiation Group arbeiten wir mit einer Vielzahl von Fachleuten zusammen, darunter:<\/p>\n\n\n\n<ul class=\"wp-block-list\">\n<li><strong>Vertriebsteams:<\/strong> Wir helfen Vertriebs- und Business Development-Teams, mehr Deals zu besseren Konditionen abzuschlie\u00dfen, indem wir Verhandlungsstrategien verfeinern und das Selbstvertrauen st\u00e4rken.<\/li>\n\n\n\n<li><strong>Einkaufsspezialisten:<\/strong> Unsere Beratung verbessert Lieferantenverhandlungen und gew\u00e4hrleistet Kosteneinsparungen und st\u00e4rkere langfristige Partnerschaften.<\/li>\n\n\n\n<li><strong>HR-Fachleute:<\/strong> Wir unterst\u00fctzen bei Verhandlungen \u00fcber Arbeitsbeziehungen und Konfliktl\u00f6sungen und helfen HR-Teams, faire und g\u00fcnstige Ergebnisse zu erzielen.<\/li>\n\n\n\n<li><strong>F\u00fchrungskr\u00e4fte:<\/strong> Wir begleiten F\u00fchrungskr\u00e4fte durch komplexe, wichtige Verhandlungen, stellen die Ausrichtung auf strategische Ziele sicher und maximieren den Wert.<\/li>\n<\/ul>\n\n\n\n<p>Unsere Verhandlungsberater verbessern die Entscheidungsfindung, f\u00f6rdern st\u00e4rkere Beziehungen und verbessern kritische Kennzahlen wie Erfolgsquoten bei Deals, Kosteneffizienz und interne Zusammenarbeit. Wir geben Teams die F\u00e4higkeiten, in Verhandlungen durchweg zu gewinnen.<\/p>\n\n\n\n<h2 class=\"wp-block-heading\">Warum ist Impact Negotiation Group der ideale Partner f\u00fcr Verhandlungsberatung?<\/h2>\n\n\n\n<p>Verhandlungserfolg erfordert mehr als nur Strategie &#8211; er verlangt Fachwissen, Einsicht und einen ma\u00dfgeschneiderten Ansatz. Mit jahrelanger Erfahrung und \u00fcber 1,93 Milliarden Euro an unterst\u00fctzten Deals sind wir der Partner, der Unternehmen dabei hilft, die bestm\u00f6glichen Ergebnisse zu erzielen. Was uns unterscheidet, ist unser Fokus darauf, Ihre spezifischen Herausforderungen zu verstehen und klientenspezifische L\u00f6sungen zu liefern, die zu Ihren Bed\u00fcrfnissen passen.<\/p>\n\n\n\n<p>Unser Team erfahrener Verhandlungsberater bietet praktische Unterst\u00fctzung und stellt sicher, dass Ihr Unternehmen auf jeden Schritt der Verhandlung vorbereitet ist.<\/p>\n","protected":false},"excerpt":{"rendered":"<p>Was ist Verhandlungsberatung? Bei der Verhandlungsberatung beraten und unterst\u00fctzen unsere Experten Unternehmen bei den gesch\u00e4ftlichen Herausforderungen, die durch Verhandlungen gel\u00f6st werden. Einer der Mehrwerte, den unsere Experten bieten, liegt darin, aktuelle Annahmen und Vorurteile w\u00e4hrend der Vorbereitungs- und Durchf\u00fchrungsphase von Verhandlungen in Frage zu stellen. Impact Negotiation Group bef\u00e4higt Klienten, jede gesch\u00e4ftliche Herausforderung direkt anzugehen, [&hellip;]<\/p>\n","protected":false},"author":11,"featured_media":950,"parent":0,"menu_order":0,"comment_status":"closed","ping_status":"closed","template":"page-services-negotiation-consulting.php","meta":{"_acf_changed":false,"inline_featured_image":false,"footnotes":""},"class_list":["post-948","page","type-page","status-publish","has-post-thumbnail","hentry"],"acf":[],"yoast_head":"<!-- This site is optimized with the Yoast SEO plugin v25.6 - https:\/\/yoast.com\/wordpress\/plugins\/seo\/ -->\n<title>Verhandlungsberatung<\/title>\n<meta name=\"description\" content=\"Erhalten Sie ma\u00dfgeschneiderte Verhandlungsberatung, um bessere Ergebnisse in Ihren Verhandlungen zu erzielen. Unsere Experten f\u00fchren Sie zum Erfolg.\" \/>\n<meta name=\"robots\" content=\"index, follow, max-snippet:-1, max-image-preview:large, max-video-preview:-1\" \/>\n<link rel=\"canonical\" href=\"https:\/\/impactnegotiationgroup.com\/de\/verhandlungsberatung\/\" \/>\n<meta property=\"og:locale\" content=\"de_DE\" \/>\n<meta property=\"og:type\" content=\"article\" \/>\n<meta property=\"og:title\" content=\"Verhandlungsberatung\" \/>\n<meta property=\"og:description\" content=\"Erhalten Sie ma\u00dfgeschneiderte Verhandlungsberatung, um bessere Ergebnisse in Ihren Verhandlungen zu erzielen. Unsere Experten f\u00fchren Sie zum Erfolg.\" \/>\n<meta property=\"og:url\" content=\"https:\/\/impactnegotiationgroup.com\/de\/verhandlungsberatung\/\" \/>\n<meta property=\"og:site_name\" content=\"Impact Negotiation Group\" \/>\n<meta property=\"article:modified_time\" content=\"2025-08-18T11:11:44+00:00\" \/>\n<meta property=\"og:image\" content=\"https:\/\/impactnegotiationgroup.com\/wp-content\/uploads\/2024\/10\/consulting-min.jpg\" \/>\n\t<meta property=\"og:image:width\" content=\"870\" \/>\n\t<meta property=\"og:image:height\" content=\"580\" \/>\n\t<meta property=\"og:image:type\" content=\"image\/jpeg\" \/>\n<meta name=\"twitter:card\" content=\"summary_large_image\" \/>\n<meta name=\"twitter:label1\" content=\"Gesch\u00e4tzte Lesezeit\" \/>\n\t<meta name=\"twitter:data1\" content=\"6\u00a0Minuten\" \/>\n<script type=\"application\/ld+json\" class=\"yoast-schema-graph\">{\"@context\":\"https:\/\/schema.org\",\"@graph\":[{\"@type\":\"WebPage\",\"@id\":\"https:\/\/impactnegotiationgroup.com\/de\/verhandlungsberatung\/\",\"url\":\"https:\/\/impactnegotiationgroup.com\/de\/verhandlungsberatung\/\",\"name\":\"Verhandlungsberatung\",\"isPartOf\":{\"@id\":\"https:\/\/impactnegotiationgroup.com\/de\/#website\"},\"primaryImageOfPage\":{\"@id\":\"https:\/\/impactnegotiationgroup.com\/de\/verhandlungsberatung\/#primaryimage\"},\"image\":{\"@id\":\"https:\/\/impactnegotiationgroup.com\/de\/verhandlungsberatung\/#primaryimage\"},\"thumbnailUrl\":\"https:\/\/impactnegotiationgroup.com\/wp-content\/uploads\/2024\/10\/consulting-min.jpg\",\"datePublished\":\"2024-08-20T09:09:48+00:00\",\"dateModified\":\"2025-08-18T11:11:44+00:00\",\"description\":\"Erhalten Sie ma\u00dfgeschneiderte Verhandlungsberatung, um bessere Ergebnisse in Ihren Verhandlungen zu erzielen. Unsere Experten f\u00fchren Sie zum Erfolg.\",\"breadcrumb\":{\"@id\":\"https:\/\/impactnegotiationgroup.com\/de\/verhandlungsberatung\/#breadcrumb\"},\"inLanguage\":\"de\",\"potentialAction\":[{\"@type\":\"ReadAction\",\"target\":[\"https:\/\/impactnegotiationgroup.com\/de\/verhandlungsberatung\/\"]}]},{\"@type\":\"ImageObject\",\"inLanguage\":\"de\",\"@id\":\"https:\/\/impactnegotiationgroup.com\/de\/verhandlungsberatung\/#primaryimage\",\"url\":\"https:\/\/impactnegotiationgroup.com\/wp-content\/uploads\/2024\/10\/consulting-min.jpg\",\"contentUrl\":\"https:\/\/impactnegotiationgroup.com\/wp-content\/uploads\/2024\/10\/consulting-min.jpg\",\"width\":870,\"height\":580},{\"@type\":\"BreadcrumbList\",\"@id\":\"https:\/\/impactnegotiationgroup.com\/de\/verhandlungsberatung\/#breadcrumb\",\"itemListElement\":[{\"@type\":\"ListItem\",\"position\":1,\"name\":\"Home\",\"item\":\"https:\/\/impactnegotiationgroup.com\/de\/\"},{\"@type\":\"ListItem\",\"position\":2,\"name\":\"Verhandlungsberatung\"}]},{\"@type\":\"WebSite\",\"@id\":\"https:\/\/impactnegotiationgroup.com\/de\/#website\",\"url\":\"https:\/\/impactnegotiationgroup.com\/de\/\",\"name\":\"Impact Negotiation Group\",\"description\":\"Negotiation Architects\",\"potentialAction\":[{\"@type\":\"SearchAction\",\"target\":{\"@type\":\"EntryPoint\",\"urlTemplate\":\"https:\/\/impactnegotiationgroup.com\/de\/?s={search_term_string}\"},\"query-input\":{\"@type\":\"PropertyValueSpecification\",\"valueRequired\":true,\"valueName\":\"search_term_string\"}}],\"inLanguage\":\"de\"}]}<\/script>\n<!-- \/ Yoast SEO plugin. -->","yoast_head_json":{"title":"Verhandlungsberatung","description":"Erhalten Sie ma\u00dfgeschneiderte Verhandlungsberatung, um bessere Ergebnisse in Ihren Verhandlungen zu erzielen. Unsere Experten f\u00fchren Sie zum Erfolg.","robots":{"index":"index","follow":"follow","max-snippet":"max-snippet:-1","max-image-preview":"max-image-preview:large","max-video-preview":"max-video-preview:-1"},"canonical":"https:\/\/impactnegotiationgroup.com\/de\/verhandlungsberatung\/","og_locale":"de_DE","og_type":"article","og_title":"Verhandlungsberatung","og_description":"Erhalten Sie ma\u00dfgeschneiderte Verhandlungsberatung, um bessere Ergebnisse in Ihren Verhandlungen zu erzielen. Unsere Experten f\u00fchren Sie zum Erfolg.","og_url":"https:\/\/impactnegotiationgroup.com\/de\/verhandlungsberatung\/","og_site_name":"Impact Negotiation Group","article_modified_time":"2025-08-18T11:11:44+00:00","og_image":[{"width":870,"height":580,"url":"https:\/\/impactnegotiationgroup.com\/wp-content\/uploads\/2024\/10\/consulting-min.jpg","type":"image\/jpeg"}],"twitter_card":"summary_large_image","twitter_misc":{"Gesch\u00e4tzte Lesezeit":"6\u00a0Minuten"},"schema":{"@context":"https:\/\/schema.org","@graph":[{"@type":"WebPage","@id":"https:\/\/impactnegotiationgroup.com\/de\/verhandlungsberatung\/","url":"https:\/\/impactnegotiationgroup.com\/de\/verhandlungsberatung\/","name":"Verhandlungsberatung","isPartOf":{"@id":"https:\/\/impactnegotiationgroup.com\/de\/#website"},"primaryImageOfPage":{"@id":"https:\/\/impactnegotiationgroup.com\/de\/verhandlungsberatung\/#primaryimage"},"image":{"@id":"https:\/\/impactnegotiationgroup.com\/de\/verhandlungsberatung\/#primaryimage"},"thumbnailUrl":"https:\/\/impactnegotiationgroup.com\/wp-content\/uploads\/2024\/10\/consulting-min.jpg","datePublished":"2024-08-20T09:09:48+00:00","dateModified":"2025-08-18T11:11:44+00:00","description":"Erhalten Sie ma\u00dfgeschneiderte Verhandlungsberatung, um bessere Ergebnisse in Ihren Verhandlungen zu erzielen. Unsere Experten f\u00fchren Sie zum Erfolg.","breadcrumb":{"@id":"https:\/\/impactnegotiationgroup.com\/de\/verhandlungsberatung\/#breadcrumb"},"inLanguage":"de","potentialAction":[{"@type":"ReadAction","target":["https:\/\/impactnegotiationgroup.com\/de\/verhandlungsberatung\/"]}]},{"@type":"ImageObject","inLanguage":"de","@id":"https:\/\/impactnegotiationgroup.com\/de\/verhandlungsberatung\/#primaryimage","url":"https:\/\/impactnegotiationgroup.com\/wp-content\/uploads\/2024\/10\/consulting-min.jpg","contentUrl":"https:\/\/impactnegotiationgroup.com\/wp-content\/uploads\/2024\/10\/consulting-min.jpg","width":870,"height":580},{"@type":"BreadcrumbList","@id":"https:\/\/impactnegotiationgroup.com\/de\/verhandlungsberatung\/#breadcrumb","itemListElement":[{"@type":"ListItem","position":1,"name":"Home","item":"https:\/\/impactnegotiationgroup.com\/de\/"},{"@type":"ListItem","position":2,"name":"Verhandlungsberatung"}]},{"@type":"WebSite","@id":"https:\/\/impactnegotiationgroup.com\/de\/#website","url":"https:\/\/impactnegotiationgroup.com\/de\/","name":"Impact Negotiation Group","description":"Negotiation Architects","potentialAction":[{"@type":"SearchAction","target":{"@type":"EntryPoint","urlTemplate":"https:\/\/impactnegotiationgroup.com\/de\/?s={search_term_string}"},"query-input":{"@type":"PropertyValueSpecification","valueRequired":true,"valueName":"search_term_string"}}],"inLanguage":"de"}]}},"_links":{"self":[{"href":"https:\/\/impactnegotiationgroup.com\/de\/wp-json\/wp\/v2\/pages\/948","targetHints":{"allow":["GET"]}}],"collection":[{"href":"https:\/\/impactnegotiationgroup.com\/de\/wp-json\/wp\/v2\/pages"}],"about":[{"href":"https:\/\/impactnegotiationgroup.com\/de\/wp-json\/wp\/v2\/types\/page"}],"author":[{"embeddable":true,"href":"https:\/\/impactnegotiationgroup.com\/de\/wp-json\/wp\/v2\/users\/11"}],"replies":[{"embeddable":true,"href":"https:\/\/impactnegotiationgroup.com\/de\/wp-json\/wp\/v2\/comments?post=948"}],"version-history":[{"count":4,"href":"https:\/\/impactnegotiationgroup.com\/de\/wp-json\/wp\/v2\/pages\/948\/revisions"}],"predecessor-version":[{"id":2166,"href":"https:\/\/impactnegotiationgroup.com\/de\/wp-json\/wp\/v2\/pages\/948\/revisions\/2166"}],"wp:featuredmedia":[{"embeddable":true,"href":"https:\/\/impactnegotiationgroup.com\/de\/wp-json\/wp\/v2\/media\/950"}],"wp:attachment":[{"href":"https:\/\/impactnegotiationgroup.com\/de\/wp-json\/wp\/v2\/media?parent=948"}],"curies":[{"name":"wp","href":"https:\/\/api.w.org\/{rel}","templated":true}]}}