{"id":934,"date":"2024-08-06T16:29:17","date_gmt":"2024-08-06T14:29:17","guid":{"rendered":"https:\/\/impact.yfer.dev\/?page_id=934"},"modified":"2025-08-18T13:10:47","modified_gmt":"2025-08-18T11:10:47","slug":"dienstleistungen","status":"publish","type":"page","link":"https:\/\/impactnegotiationgroup.com\/de\/dienstleistungen\/","title":{"rendered":"Dienstleistungen"},"content":{"rendered":"\n<h2 class=\"wp-block-heading\">Unser Ansatz<\/h2>\n\n\n\n<p>Bei der Impact Negotiation Group basiert unser Verhandlungsansatz auf unserer Methodik: dem Impact Negotiation Gauge und dem Impact Planning House. Diese einfachen, aber leistungsstarken Modelle unterst\u00fctzen Verhandler in folgenden Bereichen:<\/p>\n\n\n\n<ol class=\"wp-block-list\">\n<li><strong>Verst\u00e4ndnis unterschiedlicher Verhandlungssituationen<\/strong><br>Keine Verhandlung ist gleich, und Verhandler m\u00fcssen ihren Ansatz und ihr Verhalten an die jeweilige Situation anpassen. Von kooperativen bis hin zu kompetitiven Verhandlungen helfen wir Verhandlern zu verstehen, was in jeder Situation zu tun ist.<\/li>\n\n\n\n<li><strong>Verst\u00e4ndnis zwischenmenschlicher Dynamiken und Verhaltensweisen<\/strong><br>Die meisten Menschen haben einen bevorzugten Verhandlungsstil, den sie auf jede Situation anwenden. Das Verst\u00e4ndnis des eigenen Stils und dessen notwendige Anpassung an die Verhandlungssituation sind entscheidend f\u00fcr bessere Ergebnisse.<\/li>\n\n\n\n<li><strong>Schaffung von Verhandlungssicherheit<\/strong><br>Gesch\u00e4ftliche Fachkr\u00e4fte \u00e4u\u00dfern h\u00e4ufig Unbehagen bei Verhandlungen. Unser Ansatz sorgt daf\u00fcr, dass Verhandler Herausforderungen mit Selbstvertrauen begegnen.<\/li>\n\n\n\n<li><strong>Effektive und effiziente Vorbereitung auf Verhandlungen<\/strong><br>Verhandlungen bedeuten Vorbereitung. Durchschnittlich werden gesch\u00e4ftliche Verhandlungen schlecht vorbereitet, was auf folgende Gr\u00fcnde zur\u00fcckzuf\u00fchren ist: schlechte Planung, \u00fcberm\u00e4\u00dfiges Vertrauen in die eigenen F\u00e4higkeiten, Fehleinsch\u00e4tzung der Komplexit\u00e4t, mangelndes Verst\u00e4ndnis f\u00fcr die Bedeutung guter Vorbereitung und eine begrenzte Vorstellung davon, wie man sich effektiv vorbereitet. Unser Ansatz macht Verhandler auf die Bedeutung der Vorbereitung aufmerksam und gibt ihnen die richtigen Werkzeuge an die Hand.<\/li>\n\n\n\n<li><strong>Externe Expertenperspektive f\u00fcr Verhandlungssituationen<\/strong><br>\u201eDas haben wir immer so gemacht\u201c verhindert drastische Ver\u00e4nderungen bei den Ergebnissen. Unser Team hinterfragt g\u00e4ngige Denkweisen und stellt alternative Wege zum Verhandlungserfolg vor.<\/li>\n\n\n\n<li><strong>Entwicklung erstklassiger Verhandlungsstrategien<\/strong><br>Mit der umfangreichen Erfahrung unserer Verhandlungsexperten entwickeln wir Strategien, die auf den maximalen Erfolg jeder Verhandlung abzielen.<\/li>\n<\/ol>\n\n\n\n<p>Unser erfahrenes Team, spezialisiert auf Verhandlungen mit hohem Einsatz, bringt Empathie und Fachkenntnis in jedes Projekt ein, um Sie sowohl bei pers\u00f6nlichen als auch bei digitalen Verhandlungen sicher und klar zu unterst\u00fctzen.<\/p>\n\n\n\n<h2 class=\"wp-block-heading\">Kundenreferenzen<\/h2>\n\n\n\n<h2 class=\"wp-block-heading\">Bereit, Ihre Verhandlungsergebnisse zu maximieren?<\/h2>\n\n\n\n<p>M\u00f6chten Sie sich in Verhandlungen einen Wettbewerbsvorteil verschaffen? Unser bew\u00e4hrter Beratungsansatz hilft Ihnen, bessere Abschl\u00fcssen mit Selbstvertrauen abzuschlie\u00dfen. Egal ob es sich um pers\u00f6nliche oder digitale Verhandlungen handelt, wir verfeinern Ihre Strategie und verbessern die Effektivit\u00e4t Ihres Teams. Kontaktieren Sie uns, um Ihr Ergebnis zu verbessern!<\/p>\n","protected":false},"excerpt":{"rendered":"<p>Unser Ansatz Bei der Impact Negotiation Group basiert unser Verhandlungsansatz auf unserer Methodik: dem Impact Negotiation Gauge und dem Impact Planning House. Diese einfachen, aber leistungsstarken Modelle unterst\u00fctzen Verhandler in folgenden Bereichen: Unser erfahrenes Team, spezialisiert auf Verhandlungen mit hohem Einsatz, bringt Empathie und Fachkenntnis in jedes Projekt ein, um Sie sowohl bei pers\u00f6nlichen als [&hellip;]<\/p>\n","protected":false},"author":11,"featured_media":936,"parent":0,"menu_order":0,"comment_status":"closed","ping_status":"closed","template":"page-services.php","meta":{"_acf_changed":false,"inline_featured_image":false,"footnotes":""},"class_list":["post-934","page","type-page","status-publish","has-post-thumbnail","hentry"],"acf":[],"yoast_head":"<!-- This site is optimized with the Yoast SEO plugin v25.6 - https:\/\/yoast.com\/wordpress\/plugins\/seo\/ -->\n<title>Dienstleistungen<\/title>\n<meta name=\"description\" content=\"Erhalten Sie professionelle Unterst\u00fctzung und ma\u00dfgeschneiderte L\u00f6sungen f\u00fcr erfolgreiche Verhandlungen.\" \/>\n<meta name=\"robots\" content=\"index, follow, max-snippet:-1, max-image-preview:large, max-video-preview:-1\" \/>\n<link rel=\"canonical\" href=\"https:\/\/impactnegotiationgroup.com\/de\/dienstleistungen\/\" \/>\n<meta property=\"og:locale\" content=\"de_DE\" \/>\n<meta property=\"og:type\" content=\"article\" \/>\n<meta property=\"og:title\" content=\"Dienstleistungen\" \/>\n<meta property=\"og:description\" content=\"Erhalten Sie professionelle Unterst\u00fctzung und ma\u00dfgeschneiderte L\u00f6sungen f\u00fcr erfolgreiche Verhandlungen.\" \/>\n<meta property=\"og:url\" content=\"https:\/\/impactnegotiationgroup.com\/de\/dienstleistungen\/\" \/>\n<meta property=\"og:site_name\" content=\"Impact Negotiation Group\" \/>\n<meta property=\"article:modified_time\" content=\"2025-08-18T11:10:47+00:00\" \/>\n<meta property=\"og:image\" content=\"https:\/\/impactnegotiationgroup.com\/wp-content\/uploads\/2024\/10\/general-office-min.jpg\" \/>\n\t<meta property=\"og:image:width\" content=\"870\" \/>\n\t<meta property=\"og:image:height\" content=\"580\" \/>\n\t<meta property=\"og:image:type\" content=\"image\/jpeg\" \/>\n<meta name=\"twitter:card\" content=\"summary_large_image\" \/>\n<meta name=\"twitter:label1\" content=\"Gesch\u00e4tzte Lesezeit\" \/>\n\t<meta name=\"twitter:data1\" content=\"2\u00a0Minuten\" \/>\n<script type=\"application\/ld+json\" class=\"yoast-schema-graph\">{\"@context\":\"https:\/\/schema.org\",\"@graph\":[{\"@type\":\"WebPage\",\"@id\":\"https:\/\/impactnegotiationgroup.com\/de\/dienstleistungen\/\",\"url\":\"https:\/\/impactnegotiationgroup.com\/de\/dienstleistungen\/\",\"name\":\"Dienstleistungen\",\"isPartOf\":{\"@id\":\"https:\/\/impactnegotiationgroup.com\/de\/#website\"},\"primaryImageOfPage\":{\"@id\":\"https:\/\/impactnegotiationgroup.com\/de\/dienstleistungen\/#primaryimage\"},\"image\":{\"@id\":\"https:\/\/impactnegotiationgroup.com\/de\/dienstleistungen\/#primaryimage\"},\"thumbnailUrl\":\"https:\/\/impactnegotiationgroup.com\/wp-content\/uploads\/2024\/10\/general-office-min.jpg\",\"datePublished\":\"2024-08-06T14:29:17+00:00\",\"dateModified\":\"2025-08-18T11:10:47+00:00\",\"description\":\"Erhalten Sie professionelle Unterst\u00fctzung und ma\u00dfgeschneiderte L\u00f6sungen f\u00fcr erfolgreiche Verhandlungen.\",\"breadcrumb\":{\"@id\":\"https:\/\/impactnegotiationgroup.com\/de\/dienstleistungen\/#breadcrumb\"},\"inLanguage\":\"de\",\"potentialAction\":[{\"@type\":\"ReadAction\",\"target\":[\"https:\/\/impactnegotiationgroup.com\/de\/dienstleistungen\/\"]}]},{\"@type\":\"ImageObject\",\"inLanguage\":\"de\",\"@id\":\"https:\/\/impactnegotiationgroup.com\/de\/dienstleistungen\/#primaryimage\",\"url\":\"https:\/\/impactnegotiationgroup.com\/wp-content\/uploads\/2024\/10\/general-office-min.jpg\",\"contentUrl\":\"https:\/\/impactnegotiationgroup.com\/wp-content\/uploads\/2024\/10\/general-office-min.jpg\",\"width\":870,\"height\":580},{\"@type\":\"BreadcrumbList\",\"@id\":\"https:\/\/impactnegotiationgroup.com\/de\/dienstleistungen\/#breadcrumb\",\"itemListElement\":[{\"@type\":\"ListItem\",\"position\":1,\"name\":\"Home\",\"item\":\"https:\/\/impactnegotiationgroup.com\/de\/\"},{\"@type\":\"ListItem\",\"position\":2,\"name\":\"Dienstleistungen\"}]},{\"@type\":\"WebSite\",\"@id\":\"https:\/\/impactnegotiationgroup.com\/de\/#website\",\"url\":\"https:\/\/impactnegotiationgroup.com\/de\/\",\"name\":\"Impact Negotiation Group\",\"description\":\"Negotiation Architects\",\"potentialAction\":[{\"@type\":\"SearchAction\",\"target\":{\"@type\":\"EntryPoint\",\"urlTemplate\":\"https:\/\/impactnegotiationgroup.com\/de\/?s={search_term_string}\"},\"query-input\":{\"@type\":\"PropertyValueSpecification\",\"valueRequired\":true,\"valueName\":\"search_term_string\"}}],\"inLanguage\":\"de\"}]}<\/script>\n<!-- \/ Yoast SEO plugin. -->","yoast_head_json":{"title":"Dienstleistungen","description":"Erhalten Sie professionelle Unterst\u00fctzung und ma\u00dfgeschneiderte L\u00f6sungen f\u00fcr erfolgreiche Verhandlungen.","robots":{"index":"index","follow":"follow","max-snippet":"max-snippet:-1","max-image-preview":"max-image-preview:large","max-video-preview":"max-video-preview:-1"},"canonical":"https:\/\/impactnegotiationgroup.com\/de\/dienstleistungen\/","og_locale":"de_DE","og_type":"article","og_title":"Dienstleistungen","og_description":"Erhalten Sie professionelle Unterst\u00fctzung und ma\u00dfgeschneiderte L\u00f6sungen f\u00fcr erfolgreiche Verhandlungen.","og_url":"https:\/\/impactnegotiationgroup.com\/de\/dienstleistungen\/","og_site_name":"Impact Negotiation Group","article_modified_time":"2025-08-18T11:10:47+00:00","og_image":[{"width":870,"height":580,"url":"https:\/\/impactnegotiationgroup.com\/wp-content\/uploads\/2024\/10\/general-office-min.jpg","type":"image\/jpeg"}],"twitter_card":"summary_large_image","twitter_misc":{"Gesch\u00e4tzte Lesezeit":"2\u00a0Minuten"},"schema":{"@context":"https:\/\/schema.org","@graph":[{"@type":"WebPage","@id":"https:\/\/impactnegotiationgroup.com\/de\/dienstleistungen\/","url":"https:\/\/impactnegotiationgroup.com\/de\/dienstleistungen\/","name":"Dienstleistungen","isPartOf":{"@id":"https:\/\/impactnegotiationgroup.com\/de\/#website"},"primaryImageOfPage":{"@id":"https:\/\/impactnegotiationgroup.com\/de\/dienstleistungen\/#primaryimage"},"image":{"@id":"https:\/\/impactnegotiationgroup.com\/de\/dienstleistungen\/#primaryimage"},"thumbnailUrl":"https:\/\/impactnegotiationgroup.com\/wp-content\/uploads\/2024\/10\/general-office-min.jpg","datePublished":"2024-08-06T14:29:17+00:00","dateModified":"2025-08-18T11:10:47+00:00","description":"Erhalten Sie professionelle Unterst\u00fctzung und ma\u00dfgeschneiderte L\u00f6sungen f\u00fcr erfolgreiche Verhandlungen.","breadcrumb":{"@id":"https:\/\/impactnegotiationgroup.com\/de\/dienstleistungen\/#breadcrumb"},"inLanguage":"de","potentialAction":[{"@type":"ReadAction","target":["https:\/\/impactnegotiationgroup.com\/de\/dienstleistungen\/"]}]},{"@type":"ImageObject","inLanguage":"de","@id":"https:\/\/impactnegotiationgroup.com\/de\/dienstleistungen\/#primaryimage","url":"https:\/\/impactnegotiationgroup.com\/wp-content\/uploads\/2024\/10\/general-office-min.jpg","contentUrl":"https:\/\/impactnegotiationgroup.com\/wp-content\/uploads\/2024\/10\/general-office-min.jpg","width":870,"height":580},{"@type":"BreadcrumbList","@id":"https:\/\/impactnegotiationgroup.com\/de\/dienstleistungen\/#breadcrumb","itemListElement":[{"@type":"ListItem","position":1,"name":"Home","item":"https:\/\/impactnegotiationgroup.com\/de\/"},{"@type":"ListItem","position":2,"name":"Dienstleistungen"}]},{"@type":"WebSite","@id":"https:\/\/impactnegotiationgroup.com\/de\/#website","url":"https:\/\/impactnegotiationgroup.com\/de\/","name":"Impact Negotiation Group","description":"Negotiation Architects","potentialAction":[{"@type":"SearchAction","target":{"@type":"EntryPoint","urlTemplate":"https:\/\/impactnegotiationgroup.com\/de\/?s={search_term_string}"},"query-input":{"@type":"PropertyValueSpecification","valueRequired":true,"valueName":"search_term_string"}}],"inLanguage":"de"}]}},"_links":{"self":[{"href":"https:\/\/impactnegotiationgroup.com\/de\/wp-json\/wp\/v2\/pages\/934","targetHints":{"allow":["GET"]}}],"collection":[{"href":"https:\/\/impactnegotiationgroup.com\/de\/wp-json\/wp\/v2\/pages"}],"about":[{"href":"https:\/\/impactnegotiationgroup.com\/de\/wp-json\/wp\/v2\/types\/page"}],"author":[{"embeddable":true,"href":"https:\/\/impactnegotiationgroup.com\/de\/wp-json\/wp\/v2\/users\/11"}],"replies":[{"embeddable":true,"href":"https:\/\/impactnegotiationgroup.com\/de\/wp-json\/wp\/v2\/comments?post=934"}],"version-history":[{"count":5,"href":"https:\/\/impactnegotiationgroup.com\/de\/wp-json\/wp\/v2\/pages\/934\/revisions"}],"predecessor-version":[{"id":2165,"href":"https:\/\/impactnegotiationgroup.com\/de\/wp-json\/wp\/v2\/pages\/934\/revisions\/2165"}],"wp:featuredmedia":[{"embeddable":true,"href":"https:\/\/impactnegotiationgroup.com\/de\/wp-json\/wp\/v2\/media\/936"}],"wp:attachment":[{"href":"https:\/\/impactnegotiationgroup.com\/de\/wp-json\/wp\/v2\/media?parent=934"}],"curies":[{"name":"wp","href":"https:\/\/api.w.org\/{rel}","templated":true}]}}