{"id":859,"date":"2024-08-06T16:29:31","date_gmt":"2024-08-06T14:29:31","guid":{"rendered":"https:\/\/impact.yfer.dev\/?page_id=859"},"modified":"2025-08-18T13:55:55","modified_gmt":"2025-08-18T11:55:55","slug":"uber-uns","status":"publish","type":"page","link":"https:\/\/impactnegotiationgroup.com\/de\/uber-uns\/","title":{"rendered":"\u00dcber uns"},"content":{"rendered":"\n<p class=\"has-text-align-left\"><strong>Bei Impact Negotiation Group ist Verhandlung nicht nur etwas, das wir tun \u2013 es ist der Kern dessen, was uns ausmacht, unsere Leidenschaft und unser Antrieb. Gegr\u00fcndet 2022 von Branchenexperten mit umfassender Erfahrung, haben wir unsere Beratung mit einem einzigen Fokus aufgebaut: Verhandlungen in einen Wettbewerbsvorteil f\u00fcr unsere Kunden zu verwandeln. Ob Verhandlungsberatung, Training oder Prozessintegration \u2013 Unsere ma\u00dfgeschneiderten Ans\u00e4tze richten sich nach Ihren Zielen und unterst\u00fctzen Ihr Unternehmen in jeder Verhandlung nachhaltige Erfolge zu erzielen.<\/strong><\/p>\n\n\n\n<h2 class=\"wp-block-heading has-text-align-left\">Eine auf Verhandlung spezialisierte Nischenberatung<\/h2>\n\n\n\n<p class=\"has-text-align-left\">Impact Negotiation Group ist keine generalistische Beratungsfirma. Wir sind eine Nischenberatung, die sich ausschlie\u00dflich auf Verhandlungen spezialisiert. Von Verhandlungsberatung bis hin zu Training und Prozessintegration liegt unser Fokus immer auf der Verbesserung von Verhandlungsergebnissen. Wir entwickeln ma\u00dfgeschneiderte Strategien, die mit Ihren Zielen \u00fcbereinstimmen und Ihre Teams bef\u00e4higen, bei jeder Verhandlung den maximalen Wert zu erzielen.<\/p>\n\n\n\n<blockquote class=\"wp-block-quote is-layout-flow wp-block-quote-is-layout-flow\">\n<p><em>\u201c<em>Wir bauen langfristige Verhandlungsf\u00e4higkeiten auf, nicht nur Schnelll\u00f6sungen.<\/em>\u201d<\/em><\/p>\n<\/blockquote>\n\n\n\n<div style=\"height:50px\" aria-hidden=\"true\" class=\"wp-block-spacer\"><\/div>\n\n\n\n<section class=\"block-repeater acf-card\">\n\t<div class=\"container\">\n\t\t<div class=\"row\">\n\n\t\t\t\t\t\t\t\t\t\n\t\t\t\t\t\t\t\t\t\t\t<div class=\"col-12 col-md-6 boxcontainer\">\n\t\t\t\t\t\t\t<div class=\"wrapper\">\n\t\t\t\t\t\t\t\t<div class=\"row\">\n\t\t\t\t\t\t\t\t\t<div class=\"col-12 col-md-2 text-center mb-4 mb-md-0\">\n\t\t\t\t\t\t\t\t\t\t<img decoding=\"async\" src=\"https:\/\/impactnegotiationgroup.com\/wp-content\/uploads\/2024\/09\/deal-review-icon-1.svg\">\n\t\t\t\t\t\t\t\t\t<\/div>\n\t\t\t\t\t\t\t\t\t<div class=\"col-12 col-md-10 text-center text-md-start\">\n\t\t\t\t\t\t\t\t\t\t<h3>Wir haben Ihre Situation selbst erlebt<\/h3>\n\t\t\t\t\t\t\t\t\t\t<p><p><span style=\"font-weight: 400;\">Wir waren dort, wo Sie jetzt sind \u2013 in wichtigen Positionen in Vertrieb, Einkauf und kaufm\u00e4nnischen Funktionen, wo wir komplexe Verhandlungen unter hohem Druck aus erster Hand gef\u00fchrt haben. Diese praktische Erfahrung gibt uns ein einzigartiges Verst\u00e4ndnis Ihrer Herausforderungen.<\/span><\/p>\n<p><span style=\"font-weight: 400;\">Wir nutzen diese Erkenntnisse, um praktische, effektive Strategien bereitzustellen, die Erfolg bringen. Mit tiefgreifender Expertise von beiden Seiten des Verhandlungstisches liefern wir L\u00f6sungen, die in den schwierigsten Situationen funktionieren und Ihnen helfen, selbstbewusst zu navigieren und bessere Ergebnisse zu erzielen.<\/span><\/p>\n<\/p>\n\t\t\t\t\t\t\t\t\t<\/div>\n\t\t\t\t\t\t\t\t<\/div>\n\t\t\t\t\t\t\t<\/div>\n\t\t\t\t\t\t<\/div>\n\t\t\t\t\t\t\t\t\t\t\t<div class=\"col-12 col-md-6 boxcontainer\">\n\t\t\t\t\t\t\t<div class=\"wrapper\">\n\t\t\t\t\t\t\t\t<div class=\"row\">\n\t\t\t\t\t\t\t\t\t<div class=\"col-12 col-md-2 text-center mb-4 mb-md-0\">\n\t\t\t\t\t\t\t\t\t\t<img decoding=\"async\" src=\"https:\/\/impactnegotiationgroup.com\/wp-content\/uploads\/2024\/09\/rfp-icon-1.svg\">\n\t\t\t\t\t\t\t\t\t<\/div>\n\t\t\t\t\t\t\t\t\t<div class=\"col-12 col-md-10 text-center text-md-start\">\n\t\t\t\t\t\t\t\t\t\t<h3>Ein Team von Fachleuten mit vielf\u00e4ltigen Hintergr\u00fcnden<\/h3>\n\t\t\t\t\t\t\t\t\t\t<p><p><span style=\"font-weight: 400;\">Unser Team bringt praktische Erfahrung aus Branchen wie Pharma, \u00d6l &amp; Gas, Professional Services, IT und Private Equity mit. Da wir auf h\u00f6chster Ebene sowohl im Vertrieb als auch im Einkauf verhandelt haben, verstehen wir die einzigartigen Drucksituationen und Komplexit\u00e4t jedes Sektors.<\/span><\/p>\n<p><span style=\"font-weight: 400;\">Diese Expertise erm\u00f6glicht es uns, ma\u00dfgeschneiderte Strategien zu entwickeln, die Ihre schwierigsten Herausforderungen angehen und realen, messbaren Erfolg sicherstellen. Wir wissen, was erforderlich ist, um komplexe Verhandlungen zu navigieren, und widmen uns der Unterst\u00fctzung Ihrer Organisation beim Erreichen st\u00e4rkerer Ergebnisse.<\/span><\/p>\n<\/p>\n\t\t\t\t\t\t\t\t\t<\/div>\n\t\t\t\t\t\t\t\t<\/div>\n\t\t\t\t\t\t\t<\/div>\n\t\t\t\t\t\t<\/div>\n\t\t\t\t\t\t\t\t\t\t\t<div class=\"col-12 col-md-6 boxcontainer\">\n\t\t\t\t\t\t\t<div class=\"wrapper\">\n\t\t\t\t\t\t\t\t<div class=\"row\">\n\t\t\t\t\t\t\t\t\t<div class=\"col-12 col-md-2 text-center mb-4 mb-md-0\">\n\t\t\t\t\t\t\t\t\t\t<img decoding=\"async\" src=\"https:\/\/impactnegotiationgroup.com\/wp-content\/uploads\/2024\/09\/commercial-initiatives2-icon-1.svg\">\n\t\t\t\t\t\t\t\t\t<\/div>\n\t\t\t\t\t\t\t\t\t<div class=\"col-12 col-md-10 text-center text-md-start\">\n\t\t\t\t\t\t\t\t\t\t<h3>Was uns unterscheidet<\/h3>\n\t\t\t\t\t\t\t\t\t\t<p><p><span style=\"font-weight: 400;\">Wir gehen \u00fcber eine schnelle L\u00f6sung hinaus und konzentrieren uns darauf, einen nachhaltigen Verhandlungsprozess aufzubauen, der Ihr Team bef\u00e4higt, konsistent die Ziele zu erreichen.. Durch strategische Vorbereitung, akribische Planung und proaktives Denken stellen wir sicher, dass Ihr Team immer bereit ist, Verhandlungen selbstbewusst anzugehen.<\/span><\/p>\n<p><span style=\"font-weight: 400;\">Unser Ansatz stattet Sie mit den notwendigen Werkzeugen aus, um bessere Ergebnisse zu sichern \u2013 nicht nur einmal, sondern wiederholt \u2013 und schafft so langfristigen Erfolg und st\u00e4rkere Gesch\u00e4ftsergebnisse in jeder Verhandlung.<\/span><\/p>\n<\/p>\n\t\t\t\t\t\t\t\t\t<\/div>\n\t\t\t\t\t\t\t\t<\/div>\n\t\t\t\t\t\t\t<\/div>\n\t\t\t\t\t\t<\/div>\n\t\t\t\t\t\t\t\t\t\t\t<div class=\"col-12 col-md-6 boxcontainer\">\n\t\t\t\t\t\t\t<div class=\"wrapper\">\n\t\t\t\t\t\t\t\t<div class=\"row\">\n\t\t\t\t\t\t\t\t\t<div class=\"col-12 col-md-2 text-center mb-4 mb-md-0\">\n\t\t\t\t\t\t\t\t\t\t<img decoding=\"async\" src=\"https:\/\/impactnegotiationgroup.com\/wp-content\/uploads\/2024\/09\/negotiation-support-icon-1.svg\">\n\t\t\t\t\t\t\t\t\t<\/div>\n\t\t\t\t\t\t\t\t\t<div class=\"col-12 col-md-10 text-center text-md-start\">\n\t\t\t\t\t\t\t\t\t\t<h3>Kernwerte, die Erfolg antreiben<\/h3>\n\t\t\t\t\t\t\t\t\t\t<p><p><span style=\"font-weight: 400;\">Unsere Kernwerte \u2013 kontinuierliche Verbesserung, Verantwortung und <\/span><span style=\"font-weight: 400;\">Standhaftigkeit<\/span><span style=\"font-weight: 400;\"> \u2013 treiben jede unserer Handlungen an.<\/span><\/p>\n<ul>\n<li style=\"font-weight: 400;\" aria-level=\"1\"><b>Kontinuierliche Verbesserung:<\/b><span style=\"font-weight: 400;\"> Wir verfeinern unsere Strategien kontinuierlich, um Sie der Konkurrenz voraus zu halten.<\/span><\/li>\n<li style=\"font-weight: 400;\" aria-level=\"1\"><strong>Verantwortung:<\/strong><span style=\"font-weight: 400;\"> Wir \u00fcbernehmen volle Verantwortung f\u00fcr die Ergebnisse, die wir Ihnen helfen zu erreichen, und stehen w\u00e4hrend des gesamten Prozesses an Ihrer Seite.<\/span><\/li>\n<li style=\"font-weight: 400;\" aria-level=\"1\"><b>Standhaftigkeit<\/b><b>:<\/b><span style=\"font-weight: 400;\"> In Verhandlungen unter hohem Druck bleiben wir anpassungsf\u00e4hig und beharrlich und sichern Erfolg auch unter den schwierigsten Bedingungen.<\/span><\/li>\n<\/ul>\n<p><span style=\"font-weight: 400;\">Diese Werte stellen sicher, dass Ihre Verhandlungsergebnisse nicht nur unmittelbar, sondern auch langfristig nachhaltig sind.<\/span><\/p>\n<\/p>\n\t\t\t\t\t\t\t\t\t<\/div>\n\t\t\t\t\t\t\t\t<\/div>\n\t\t\t\t\t\t\t<\/div>\n\t\t\t\t\t\t<\/div>\n\t\t\t\t\t\t\t\t\t\n\t\t\t\t\n\n\n\t\t<\/div>\n\t<\/div>\n<\/section>\n\n\n\n<div style=\"height:50px\" aria-hidden=\"true\" class=\"wp-block-spacer\"><\/div>\n\n\n\n<h2 class=\"wp-block-heading\">Sie durch Vorbereitung st\u00e4rken<\/h2>\n\n\n\n<p>Die besten Verhandlungen basieren auf einer soliden Vorbereitung. Wir helfen Ihrem Team, einen nachhaltigen, wiederholbaren Prozess zu schaffen, der auf Ihre strategischen Ziele zugeschnitten ist.<\/p>\n\n\n\n<p>Indem wir sicherstellen, dass Ihr Team vor Verhandlungsbeginn aufeinander abgestimmt und bereit ist, helfen wir auch die komplexesten Deals selbstbewusst anzugehen.<\/p>\n\n\n\n<p>Unsere Methode geht \u00fcber Planung hinaus \u2013 sie stattet Sie mit den Werkzeugen aus, um Ihre Strategie effektiv umzusetzen und verwandelt Vorbereitung in greifbare, erfolgreiche Ergebnisse. Keine Unsicherheit, nur ein klarer Weg zur Sicherung der besten Ergebnisse.<\/p>\n\n\n\n<h2 class=\"wp-block-heading\">Warum mit Impact Negotiation Group zusammenarbeiten?<\/h2>\n\n\n\n<p>Wenn Sie sich mit Impact Negotiation Group zusammentun, arbeiten Sie mit erfahrenen Fachleuten, die aus erster Hand Erfahrung in Verhandlungen mit hohem Einsatz haben.<\/p>\n\n\n\n<p>Der tiefgreifende wirtschaftliche Hintergrund unseres Teams bedeutet, dass wir die gleichen Herausforderungen erlebt haben wie Sie. Dies erm\u00f6glicht es uns, klare, umsetzbare Strategien bereitzustellen, die in der realen Welt funktionieren, nicht nur in der Theorie.<\/p>\n\n\n\n<p>Wir h\u00f6ren nicht bei der Beratung auf; wir werden ein echter Partner, der Sie von der anf\u00e4nglichen Vorbereitung bis zu den finalen Verhandlungsphasen f\u00fchrt. Ihr Verhandlungserfolg ist unser Erfolg. Jede L\u00f6sung, die wir anbieten, ist auf Ihre einzigartigen Bed\u00fcrfnisse zugeschnitten und stellt sicher, dass die von uns entwickelten Strategien f\u00fcr Ihr Gesch\u00e4ft ma\u00dfgeschneidert sind. Unser Engagement gilt der Unterst\u00fctzung, konsistent bessere Ergebnisse zu erzielen, den Wert zu maximieren und Risiken auf dem Weg zu minimieren.<\/p>\n\n\n\n<p>Mit uns k\u00f6nnen Sie langfristige, messbare Ergebnisse erwarten, die sich Deal f\u00fcr Deal in Erfolg \u00fcbersetzen und uns zu einem vertrauensw\u00fcrdigen Partner f\u00fcr Ihre Verhandlungen machen.<\/p>\n\n\n\n<div class=\"wp-block-buttons is-content-justification-left is-layout-flex wp-container-core-buttons-is-layout-fdcfc74e wp-block-buttons-is-layout-flex\">\n<div class=\"wp-block-button\"><a class=\"wp-block-button__link wp-element-button\" href=\"https:\/\/impactnegotiationgroup.com\/de\/contact\/\">Nehmen Sie Kontakt auf<\/a><\/div>\n<\/div>\n\n\n\n<div style=\"height:100px\" aria-hidden=\"true\" class=\"wp-block-spacer\"><\/div>\n","protected":false},"excerpt":{"rendered":"<p>Bei Impact Negotiation Group ist Verhandlung nicht nur etwas, das wir tun \u2013 es ist der Kern dessen, was uns ausmacht, unsere Leidenschaft und unser Antrieb. Gegr\u00fcndet 2022 von Branchenexperten mit umfassender Erfahrung, haben wir unsere Beratung mit einem einzigen Fokus aufgebaut: Verhandlungen in einen Wettbewerbsvorteil f\u00fcr unsere Kunden zu verwandeln. Ob Verhandlungsberatung, Training oder [&hellip;]<\/p>\n","protected":false},"author":11,"featured_media":865,"parent":0,"menu_order":0,"comment_status":"closed","ping_status":"closed","template":"page-about.php","meta":{"_acf_changed":false,"inline_featured_image":false,"footnotes":""},"class_list":["post-859","page","type-page","status-publish","has-post-thumbnail","hentry"],"acf":[],"yoast_head":"<!-- This site is optimized with the Yoast SEO plugin v25.6 - https:\/\/yoast.com\/wordpress\/plugins\/seo\/ -->\n<title>\u00dcber uns<\/title>\n<meta name=\"description\" content=\"Entdecken Sie unsere deutschen Inhalte zu Verhandlungsstrategien, Schulungen und praxisnahen Einblicken f\u00fcr Ihre berufliche Entwicklung.\" \/>\n<meta name=\"robots\" content=\"index, follow, max-snippet:-1, max-image-preview:large, max-video-preview:-1\" \/>\n<link rel=\"canonical\" href=\"https:\/\/impactnegotiationgroup.com\/de\/uber-uns\/\" \/>\n<meta property=\"og:locale\" content=\"de_DE\" \/>\n<meta property=\"og:type\" content=\"article\" \/>\n<meta property=\"og:title\" content=\"\u00dcber uns\" \/>\n<meta property=\"og:description\" content=\"Entdecken Sie unsere deutschen Inhalte zu Verhandlungsstrategien, Schulungen und praxisnahen Einblicken f\u00fcr Ihre berufliche Entwicklung.\" \/>\n<meta property=\"og:url\" content=\"https:\/\/impactnegotiationgroup.com\/de\/uber-uns\/\" \/>\n<meta property=\"og:site_name\" content=\"Impact Negotiation Group\" \/>\n<meta property=\"article:modified_time\" content=\"2025-08-18T11:55:55+00:00\" \/>\n<meta property=\"og:image\" content=\"https:\/\/impactnegotiationgroup.com\/wp-content\/uploads\/2024\/10\/impact-negotiation-group-5.jpg\" \/>\n\t<meta property=\"og:image:width\" content=\"870\" \/>\n\t<meta property=\"og:image:height\" content=\"580\" \/>\n\t<meta property=\"og:image:type\" content=\"image\/jpeg\" \/>\n<meta name=\"twitter:card\" content=\"summary_large_image\" \/>\n<meta name=\"twitter:label1\" content=\"Gesch\u00e4tzte Lesezeit\" \/>\n\t<meta name=\"twitter:data1\" content=\"2\u00a0Minuten\" \/>\n<script type=\"application\/ld+json\" class=\"yoast-schema-graph\">{\"@context\":\"https:\/\/schema.org\",\"@graph\":[{\"@type\":\"WebPage\",\"@id\":\"https:\/\/impactnegotiationgroup.com\/de\/uber-uns\/\",\"url\":\"https:\/\/impactnegotiationgroup.com\/de\/uber-uns\/\",\"name\":\"\u00dcber uns\",\"isPartOf\":{\"@id\":\"https:\/\/impactnegotiationgroup.com\/de\/#website\"},\"primaryImageOfPage\":{\"@id\":\"https:\/\/impactnegotiationgroup.com\/de\/uber-uns\/#primaryimage\"},\"image\":{\"@id\":\"https:\/\/impactnegotiationgroup.com\/de\/uber-uns\/#primaryimage\"},\"thumbnailUrl\":\"https:\/\/impactnegotiationgroup.com\/wp-content\/uploads\/2024\/10\/impact-negotiation-group-5.jpg\",\"datePublished\":\"2024-08-06T14:29:31+00:00\",\"dateModified\":\"2025-08-18T11:55:55+00:00\",\"description\":\"Entdecken Sie unsere deutschen Inhalte zu Verhandlungsstrategien, Schulungen und praxisnahen Einblicken f\u00fcr Ihre berufliche Entwicklung.\",\"breadcrumb\":{\"@id\":\"https:\/\/impactnegotiationgroup.com\/de\/uber-uns\/#breadcrumb\"},\"inLanguage\":\"de\",\"potentialAction\":[{\"@type\":\"ReadAction\",\"target\":[\"https:\/\/impactnegotiationgroup.com\/de\/uber-uns\/\"]}]},{\"@type\":\"ImageObject\",\"inLanguage\":\"de\",\"@id\":\"https:\/\/impactnegotiationgroup.com\/de\/uber-uns\/#primaryimage\",\"url\":\"https:\/\/impactnegotiationgroup.com\/wp-content\/uploads\/2024\/10\/impact-negotiation-group-5.jpg\",\"contentUrl\":\"https:\/\/impactnegotiationgroup.com\/wp-content\/uploads\/2024\/10\/impact-negotiation-group-5.jpg\",\"width\":870,\"height\":580},{\"@type\":\"BreadcrumbList\",\"@id\":\"https:\/\/impactnegotiationgroup.com\/de\/uber-uns\/#breadcrumb\",\"itemListElement\":[{\"@type\":\"ListItem\",\"position\":1,\"name\":\"Home\",\"item\":\"https:\/\/impactnegotiationgroup.com\/de\/\"},{\"@type\":\"ListItem\",\"position\":2,\"name\":\"\u00dcber uns\"}]},{\"@type\":\"WebSite\",\"@id\":\"https:\/\/impactnegotiationgroup.com\/de\/#website\",\"url\":\"https:\/\/impactnegotiationgroup.com\/de\/\",\"name\":\"Impact Negotiation Group\",\"description\":\"Negotiation Architects\",\"potentialAction\":[{\"@type\":\"SearchAction\",\"target\":{\"@type\":\"EntryPoint\",\"urlTemplate\":\"https:\/\/impactnegotiationgroup.com\/de\/?s={search_term_string}\"},\"query-input\":{\"@type\":\"PropertyValueSpecification\",\"valueRequired\":true,\"valueName\":\"search_term_string\"}}],\"inLanguage\":\"de\"}]}<\/script>\n<!-- \/ Yoast SEO plugin. -->","yoast_head_json":{"title":"\u00dcber uns","description":"Entdecken Sie unsere deutschen Inhalte zu Verhandlungsstrategien, Schulungen und praxisnahen Einblicken f\u00fcr Ihre berufliche Entwicklung.","robots":{"index":"index","follow":"follow","max-snippet":"max-snippet:-1","max-image-preview":"max-image-preview:large","max-video-preview":"max-video-preview:-1"},"canonical":"https:\/\/impactnegotiationgroup.com\/de\/uber-uns\/","og_locale":"de_DE","og_type":"article","og_title":"\u00dcber uns","og_description":"Entdecken Sie unsere deutschen Inhalte zu Verhandlungsstrategien, Schulungen und praxisnahen Einblicken f\u00fcr Ihre berufliche Entwicklung.","og_url":"https:\/\/impactnegotiationgroup.com\/de\/uber-uns\/","og_site_name":"Impact Negotiation Group","article_modified_time":"2025-08-18T11:55:55+00:00","og_image":[{"width":870,"height":580,"url":"https:\/\/impactnegotiationgroup.com\/wp-content\/uploads\/2024\/10\/impact-negotiation-group-5.jpg","type":"image\/jpeg"}],"twitter_card":"summary_large_image","twitter_misc":{"Gesch\u00e4tzte Lesezeit":"2\u00a0Minuten"},"schema":{"@context":"https:\/\/schema.org","@graph":[{"@type":"WebPage","@id":"https:\/\/impactnegotiationgroup.com\/de\/uber-uns\/","url":"https:\/\/impactnegotiationgroup.com\/de\/uber-uns\/","name":"\u00dcber uns","isPartOf":{"@id":"https:\/\/impactnegotiationgroup.com\/de\/#website"},"primaryImageOfPage":{"@id":"https:\/\/impactnegotiationgroup.com\/de\/uber-uns\/#primaryimage"},"image":{"@id":"https:\/\/impactnegotiationgroup.com\/de\/uber-uns\/#primaryimage"},"thumbnailUrl":"https:\/\/impactnegotiationgroup.com\/wp-content\/uploads\/2024\/10\/impact-negotiation-group-5.jpg","datePublished":"2024-08-06T14:29:31+00:00","dateModified":"2025-08-18T11:55:55+00:00","description":"Entdecken Sie unsere deutschen Inhalte zu Verhandlungsstrategien, Schulungen und praxisnahen Einblicken f\u00fcr Ihre berufliche Entwicklung.","breadcrumb":{"@id":"https:\/\/impactnegotiationgroup.com\/de\/uber-uns\/#breadcrumb"},"inLanguage":"de","potentialAction":[{"@type":"ReadAction","target":["https:\/\/impactnegotiationgroup.com\/de\/uber-uns\/"]}]},{"@type":"ImageObject","inLanguage":"de","@id":"https:\/\/impactnegotiationgroup.com\/de\/uber-uns\/#primaryimage","url":"https:\/\/impactnegotiationgroup.com\/wp-content\/uploads\/2024\/10\/impact-negotiation-group-5.jpg","contentUrl":"https:\/\/impactnegotiationgroup.com\/wp-content\/uploads\/2024\/10\/impact-negotiation-group-5.jpg","width":870,"height":580},{"@type":"BreadcrumbList","@id":"https:\/\/impactnegotiationgroup.com\/de\/uber-uns\/#breadcrumb","itemListElement":[{"@type":"ListItem","position":1,"name":"Home","item":"https:\/\/impactnegotiationgroup.com\/de\/"},{"@type":"ListItem","position":2,"name":"\u00dcber uns"}]},{"@type":"WebSite","@id":"https:\/\/impactnegotiationgroup.com\/de\/#website","url":"https:\/\/impactnegotiationgroup.com\/de\/","name":"Impact Negotiation Group","description":"Negotiation Architects","potentialAction":[{"@type":"SearchAction","target":{"@type":"EntryPoint","urlTemplate":"https:\/\/impactnegotiationgroup.com\/de\/?s={search_term_string}"},"query-input":{"@type":"PropertyValueSpecification","valueRequired":true,"valueName":"search_term_string"}}],"inLanguage":"de"}]}},"_links":{"self":[{"href":"https:\/\/impactnegotiationgroup.com\/de\/wp-json\/wp\/v2\/pages\/859","targetHints":{"allow":["GET"]}}],"collection":[{"href":"https:\/\/impactnegotiationgroup.com\/de\/wp-json\/wp\/v2\/pages"}],"about":[{"href":"https:\/\/impactnegotiationgroup.com\/de\/wp-json\/wp\/v2\/types\/page"}],"author":[{"embeddable":true,"href":"https:\/\/impactnegotiationgroup.com\/de\/wp-json\/wp\/v2\/users\/11"}],"replies":[{"embeddable":true,"href":"https:\/\/impactnegotiationgroup.com\/de\/wp-json\/wp\/v2\/comments?post=859"}],"version-history":[{"count":13,"href":"https:\/\/impactnegotiationgroup.com\/de\/wp-json\/wp\/v2\/pages\/859\/revisions"}],"predecessor-version":[{"id":2173,"href":"https:\/\/impactnegotiationgroup.com\/de\/wp-json\/wp\/v2\/pages\/859\/revisions\/2173"}],"wp:featuredmedia":[{"embeddable":true,"href":"https:\/\/impactnegotiationgroup.com\/de\/wp-json\/wp\/v2\/media\/865"}],"wp:attachment":[{"href":"https:\/\/impactnegotiationgroup.com\/de\/wp-json\/wp\/v2\/media?parent=859"}],"curies":[{"name":"wp","href":"https:\/\/api.w.org\/{rel}","templated":true}]}}